{"id":749184,"date":"2025-08-28T03:49:21","date_gmt":"2025-08-28T00:49:21","guid":{"rendered":"https:\/\/roveyayinevi.com.tr\/index.php\/urun\/kayzerin-hazine-avcilari\/"},"modified":"2026-04-16T03:01:46","modified_gmt":"2026-04-16T00:01:46","slug":"kayzerin-hazine-avcilari","status":"publish","type":"product","link":"https:\/\/roveyayinevi.com.tr\/index.php\/urun\/kayzerin-hazine-avcilari\/","title":{"rendered":"Kayzer&#8217;in Hazine Avc\u0131lar\u0131"},"content":{"rendered":"<p>\u201cBergama Suna\u011f\u0131, Milet Pazar Yeri Kap\u0131s\u0131, Babil Aslanlar\u0131, Nefertiti\u2019nin B\u00fcst\u00fc \u2013 Bunlar\u0131n hepsi bug\u00fcn Alman m\u00fczelerinde hayran oldu\u011fumuz hazineler. Peki bu eserler nereden geliyor? Almanya\u2019ya ne zaman ve hangi \u015fartlar alt\u0131nda geldi? D\u00fcnyaca \u00fcnl\u00fc bu k\u00fclt\u00fcrel varl\u0131klar\u0131nger\u00e7ek sahipleri biz miyiz?\u201d   J\u00fcrgen Gottschlich ve Dilek Zapt\u00e7\u0131o\u011flu, arkeolojik kaz\u0131lar\u0131n tarihini ve bunlar\u0131n Alman \u0130mparatorlu\u011fu\u2019na ta\u015f\u0131nmas\u0131n\u0131, ar\u015fivler taranarak yap\u0131lan titiz bir incelemeye tabi tutuyor. Ya\u011fmalanan sanat tart\u0131\u015fmas\u0131 \u015fimdiye kadar daha \u00e7ok Afrika ve Asya kolonilerinden gelen sanat eserleri hakk\u0131ndayd\u0131. Eski Osmanl\u0131 \u0130mparatorlu\u011fu\u2019ndaki arkeolojik buluntular \u00fczerine bir kitap ilk kez sunuluyor. \u0130ade talebi kadar \u00f6nemli olan soru \u015fudur: D\u00fcnya k\u00fclt\u00fcr miras\u0131n\u0131 m\u00fcmk\u00fcn oldu\u011fu kadar \u00e7ok insan i\u00e7in nas\u0131l eri\u015filebilir hale getiririz?<\/p>\n","protected":false},"excerpt":{"rendered":"<p>\u201cBergama Suna\u011f\u0131, Milet Pazar Yeri Kap\u0131s\u0131, Babil Aslanlar\u0131, Nefertiti\u2019nin B\u00fcst\u00fc \u2013 Bunlar\u0131n hepsi bug\u00fcn Alman m\u00fczelerinde hayran oldu\u011fumuz hazineler. Peki bu eserler nereden geliyor? Almanya\u2019ya ne<span class=\"excerpt-hellip\"> [\u2026]<\/span><\/p>\n","protected":false},"featured_media":0,"template":"","meta":{"_monsterinsights_skip_tracking":false,"_monsterinsights_sitenote_active":false,"_monsterinsights_sitenote_note":"","_monsterinsights_sitenote_category":0},"product_brand":[],"product_cat":[12304],"product_tag":[],"class_list":{"0":"post-749184","1":"product","2":"type-product","3":"status-publish","5":"product_cat-tarih","6":"pa_cilt-ciltsiz","7":"pa_tur-kitap","8":"pa_yayinevi-alfa-yayinlari","9":"pa_yazar-jurgen-gottschlich-dilek-zaptcioglu","11":"first","12":"instock","13":"sale","14":"shipping-taxable","15":"purchasable","16":"product-type-simple"},"_links":{"self":[{"href":"https:\/\/roveyayinevi.com.tr\/index.php\/wp-json\/wp\/v2\/product\/749184","targetHints":{"allow":["GET"]}}],"collection":[{"href":"https:\/\/roveyayinevi.com.tr\/index.php\/wp-json\/wp\/v2\/product"}],"about":[{"href":"https:\/\/roveyayinevi.com.tr\/index.php\/wp-json\/wp\/v2\/types\/product"}],"wp:attachment":[{"href":"https:\/\/roveyayinevi.com.tr\/index.php\/wp-json\/wp\/v2\/media?parent=749184"}],"wp:term":[{"taxonomy":"product_brand","embeddable":true,"href":"https:\/\/roveyayinevi.com.tr\/index.php\/wp-json\/wp\/v2\/product_brand?post=749184"},{"taxonomy":"product_cat","embeddable":true,"href":"https:\/\/roveyayinevi.com.tr\/index.php\/wp-json\/wp\/v2\/product_cat?post=749184"},{"taxonomy":"product_tag","embeddable":true,"href":"https:\/\/roveyayinevi.com.tr\/index.php\/wp-json\/wp\/v2\/product_tag?post=749184"}],"curies":[{"name":"wp","href":"https:\/\/api.w.org\/{rel}","templated":true}]}}