{"id":749180,"date":"2025-08-28T03:49:16","date_gmt":"2025-08-28T00:49:16","guid":{"rendered":"https:\/\/roveyayinevi.com.tr\/index.php\/urun\/ingilizce-kelime-ogreten-kartlar-mavi-kutu-sharp-z\/"},"modified":"2026-04-16T03:01:46","modified_gmt":"2026-04-16T00:01:46","slug":"ingilizce-kelime-ogreten-kartlar-mavi-kutu-sharp-z","status":"publish","type":"product","link":"https:\/\/roveyayinevi.com.tr\/index.php\/urun\/ingilizce-kelime-ogreten-kartlar-mavi-kutu-sharp-z\/","title":{"rendered":"\u0130ngilizce Kelime \u00d6\u011freten Kartlar Mavi Kutu (Sharp-z)"},"content":{"rendered":"<p>Alfabetik olarak s\u0131ralanm\u0131\u015f 384 kelimeden olu\u015fan ve ba\u015flang\u0131\u00e7 seviyesine uygun, \u00e7ocuktan yeti\u015fkine \u0130ngilizce kelime \u00f6\u011frenmek isteyen her ya\u015ftaki birey i\u00e7in harika bir kaynak. Bir y\u00fcz\u00fcnde kelimenin okunu\u015fuyla beraber \u0130ngilizcesi, di\u011fer y\u00fcz\u00fcnde ise T\u00fcrk\u00e7esinin yer ald\u0131\u011f\u0131 kelime kartlar\u0131n\u0131n bulundu\u011fu bu kutu sayesinde \u0130ngilizce kelime hazinenizi geli\u015ftirmeniz art\u0131k \u00e7ok kolay!   Tavsiye edilen y\u00f6ntem: Anlam\u0131 bilinmeyen kelime kartlar\u0131 kutuda en arkaya, anlam\u0131 bilinen kelime kartlar\u0131 aralara yerle\u015ftirilerek \u00e7al\u0131\u015f\u0131labilir. <\/p>\n","protected":false},"excerpt":{"rendered":"<p>Alfabetik olarak s\u0131ralanm\u0131\u015f 384 kelimeden olu\u015fan ve ba\u015flang\u0131\u00e7 seviyesine uygun, \u00e7ocuktan yeti\u015fkine \u0130ngilizce kelime \u00f6\u011frenmek isteyen her ya\u015ftaki birey i\u00e7in harika bir kaynak. Bir y\u00fcz\u00fcnde kelimenin<span class=\"excerpt-hellip\"> [\u2026]<\/span><\/p>\n","protected":false},"featured_media":0,"template":"","meta":{"_monsterinsights_skip_tracking":false,"_monsterinsights_sitenote_active":false,"_monsterinsights_sitenote_note":"","_monsterinsights_sitenote_category":0},"product_brand":[],"product_cat":[12274,15842],"product_tag":[],"class_list":{"0":"post-749180","1":"product","2":"type-product","3":"status-publish","5":"product_cat-cocuk-ve-genclik-kitaplari","6":"product_cat-egitici-kitaplar","7":"pa_cilt-ciltsiz","8":"pa_tur-kitap10","9":"pa_yayinevi-mavi-kelebek-yayinlari","10":"pa_yazar-kolektif","12":"first","13":"instock","14":"sale","15":"shipping-taxable","16":"purchasable","17":"product-type-simple"},"_links":{"self":[{"href":"https:\/\/roveyayinevi.com.tr\/index.php\/wp-json\/wp\/v2\/product\/749180","targetHints":{"allow":["GET"]}}],"collection":[{"href":"https:\/\/roveyayinevi.com.tr\/index.php\/wp-json\/wp\/v2\/product"}],"about":[{"href":"https:\/\/roveyayinevi.com.tr\/index.php\/wp-json\/wp\/v2\/types\/product"}],"wp:attachment":[{"href":"https:\/\/roveyayinevi.com.tr\/index.php\/wp-json\/wp\/v2\/media?parent=749180"}],"wp:term":[{"taxonomy":"product_brand","embeddable":true,"href":"https:\/\/roveyayinevi.com.tr\/index.php\/wp-json\/wp\/v2\/product_brand?post=749180"},{"taxonomy":"product_cat","embeddable":true,"href":"https:\/\/roveyayinevi.com.tr\/index.php\/wp-json\/wp\/v2\/product_cat?post=749180"},{"taxonomy":"product_tag","embeddable":true,"href":"https:\/\/roveyayinevi.com.tr\/index.php\/wp-json\/wp\/v2\/product_tag?post=749180"}],"curies":[{"name":"wp","href":"https:\/\/api.w.org\/{rel}","templated":true}]}}