{"id":749179,"date":"2025-08-28T03:49:14","date_gmt":"2025-08-28T00:49:14","guid":{"rendered":"https:\/\/roveyayinevi.com.tr\/index.php\/urun\/eskimeyen-bir-turkudur-adimiz\/"},"modified":"2026-04-16T03:01:46","modified_gmt":"2026-04-16T00:01:46","slug":"eskimeyen-bir-turkudur-adimiz","status":"publish","type":"product","link":"https:\/\/roveyayinevi.com.tr\/index.php\/urun\/eskimeyen-bir-turkudur-adimiz\/","title":{"rendered":"Eskimeyen Bir T\u00fcrk\u00fcd\u00fcr Ad\u0131m\u0131z"},"content":{"rendered":"<p>Her insan\u0131n bir t\u00fcrk\u00fcs\u00fc vard\u0131r i\u00e7inde kendi yans\u0131mas\u0131n\u0131 g\u00f6rd\u00fc\u011f\u00fc ve duygular\u0131n\u0131 buldu\u011fu. Kimileri ne\u015feli oynak havalar\u0131, kimileri de h\u00fcz\u00fcnl\u00fc oturakl\u0131 olanlar\u0131 sever. Kimileri s\u00f6zleri d\u00fc\u015f\u00fcnmeden sadece unutmak i\u00e7in t\u00fcrk\u00fc dinlerler, kimileri s\u00f6zlerin b\u00fcy\u00fck manas\u0131na kulak kabart\u0131p hat\u0131rlamak, eski an\u0131lar\u0131n\u0131 anmak i\u00e7in t\u00fcrk\u00fc dinlerler. Her t\u00fcrk\u00fc ezgiye d\u00f6k\u00fclemez sazs\u0131z s\u00f6zs\u00fczd\u00fcr baz\u0131lar\u0131. Benim i\u00e7imi d\u00f6kt\u00fc\u011f\u00fcm sayfa yapraklar\u0131na dokudu\u011fum s\u00f6zlerimde bir t\u00fcrk\u00fcd\u00fcr asl\u0131nda. Ben de unutmak i\u00e7in t\u00fcrk\u00fc dinleyenlerdenim tek farkla manal\u0131 s\u00f6zlerle avunurken ayn\u0131 zamanda dertlerimden ka\u00e7abilmek yolunu tutuyorum. Eksik yanlar\u0131m\u0131 \u015fiirimle tamaml\u0131yorum; evden d\u0131\u015far\u0131 \u00e7\u0131k\u0131p g\u00f6remedi\u011fim do\u011fay\u0131 \u015fiirlerimle betimliyorum, tutmayan kollar\u0131m\u0131 kabul g\u00f6rmeyen sevdam\u0131 \u015fiirlerimle avutuyorum, \u00f6fkelerimi h\u0131rslar\u0131m\u0131 d\u00fc\u015flerimi \u015fiirlerimle dindiriyorum, gelece\u011fe olan inanc\u0131m\u0131 \u015fiirlerimle peki\u015ftiriyorum, dostlu\u011fumu karde\u015fli\u011fimi \u015fiirlerimle sunuyorum. Ben ba\u015ftan a\u015fa\u011f\u0131 \u00f6zlem ve \u015fiir kokan b\u00fcy\u00fck y\u00fcre\u011fim\u2026<\/p>\n","protected":false},"excerpt":{"rendered":"<p>Her insan\u0131n bir t\u00fcrk\u00fcs\u00fc vard\u0131r i\u00e7inde kendi yans\u0131mas\u0131n\u0131 g\u00f6rd\u00fc\u011f\u00fc ve duygular\u0131n\u0131 buldu\u011fu. Kimileri ne\u015feli oynak havalar\u0131, kimileri de h\u00fcz\u00fcnl\u00fc oturakl\u0131 olanlar\u0131 sever. Kimileri s\u00f6zleri d\u00fc\u015f\u00fcnmeden sadece<span class=\"excerpt-hellip\"> [\u2026]<\/span><\/p>\n","protected":false},"featured_media":0,"template":"","meta":{"_monsterinsights_skip_tracking":false,"_monsterinsights_sitenote_active":false,"_monsterinsights_sitenote_note":"","_monsterinsights_sitenote_category":0},"product_brand":[],"product_cat":[12291,12509],"product_tag":[],"class_list":{"0":"post-749179","1":"product","2":"type-product","3":"status-publish","5":"product_cat-edebiyat","6":"product_cat-siir","7":"pa_cilt-ciltsiz","8":"pa_tur-kitap","9":"pa_yayinevi-kitap-muptelasi-yayinlari","10":"pa_yazar-eren-saban-gunduz","12":"first","13":"instock","14":"sale","15":"shipping-taxable","16":"purchasable","17":"product-type-simple"},"_links":{"self":[{"href":"https:\/\/roveyayinevi.com.tr\/index.php\/wp-json\/wp\/v2\/product\/749179","targetHints":{"allow":["GET"]}}],"collection":[{"href":"https:\/\/roveyayinevi.com.tr\/index.php\/wp-json\/wp\/v2\/product"}],"about":[{"href":"https:\/\/roveyayinevi.com.tr\/index.php\/wp-json\/wp\/v2\/types\/product"}],"wp:attachment":[{"href":"https:\/\/roveyayinevi.com.tr\/index.php\/wp-json\/wp\/v2\/media?parent=749179"}],"wp:term":[{"taxonomy":"product_brand","embeddable":true,"href":"https:\/\/roveyayinevi.com.tr\/index.php\/wp-json\/wp\/v2\/product_brand?post=749179"},{"taxonomy":"product_cat","embeddable":true,"href":"https:\/\/roveyayinevi.com.tr\/index.php\/wp-json\/wp\/v2\/product_cat?post=749179"},{"taxonomy":"product_tag","embeddable":true,"href":"https:\/\/roveyayinevi.com.tr\/index.php\/wp-json\/wp\/v2\/product_tag?post=749179"}],"curies":[{"name":"wp","href":"https:\/\/api.w.org\/{rel}","templated":true}]}}