{"id":749178,"date":"2025-08-28T03:49:12","date_gmt":"2025-08-28T00:49:12","guid":{"rendered":"https:\/\/roveyayinevi.com.tr\/index.php\/urun\/fiskos-kafe\/"},"modified":"2026-04-16T03:01:46","modified_gmt":"2026-04-16T00:01:46","slug":"fiskos-kafe","status":"publish","type":"product","link":"https:\/\/roveyayinevi.com.tr\/index.php\/urun\/fiskos-kafe\/","title":{"rendered":"Fiskos Kafe"},"content":{"rendered":"<p>Y\u0131l bin dokuz y\u00fcz seksen sekiz. \u00c7ok i\u015flek bir caddenin \u00e7ok i\u015flek bir soka\u011f\u0131ndayd\u0131 Fiskos Kafe. Liselilerin, \u00fcniversitelilerin, \u00e2\u015f\u0131klar\u0131n ve tabii ki bizim haybecilerin tak\u0131ld\u0131\u011f\u0131 yerdi bu kafe. Bu hik\u00e2yede zaten bizim haybecilerin hik\u00e2yesi.<\/p>\n","protected":false},"excerpt":{"rendered":"<p>Y\u0131l bin dokuz y\u00fcz seksen sekiz. \u00c7ok i\u015flek bir caddenin \u00e7ok i\u015flek bir soka\u011f\u0131ndayd\u0131 Fiskos Kafe. Liselilerin, \u00fcniversitelilerin, \u00e2\u015f\u0131klar\u0131n ve tabii ki bizim haybecilerin tak\u0131ld\u0131\u011f\u0131 yerdi<span class=\"excerpt-hellip\"> [\u2026]<\/span><\/p>\n","protected":false},"featured_media":0,"template":"","meta":{"_monsterinsights_skip_tracking":false,"_monsterinsights_sitenote_active":false,"_monsterinsights_sitenote_note":"","_monsterinsights_sitenote_category":0},"product_brand":[],"product_cat":[12291,12711],"product_tag":[],"class_list":{"0":"post-749178","1":"product","2":"type-product","3":"status-publish","5":"product_cat-edebiyat","6":"product_cat-roman-oyku","7":"pa_cilt-ciltsiz","8":"pa_tur-kitap","9":"pa_yayinevi-kitap-muptelasi-yayinlari","10":"pa_yazar-osman-komurcu","12":"first","13":"instock","14":"sale","15":"shipping-taxable","16":"purchasable","17":"product-type-simple"},"_links":{"self":[{"href":"https:\/\/roveyayinevi.com.tr\/index.php\/wp-json\/wp\/v2\/product\/749178","targetHints":{"allow":["GET"]}}],"collection":[{"href":"https:\/\/roveyayinevi.com.tr\/index.php\/wp-json\/wp\/v2\/product"}],"about":[{"href":"https:\/\/roveyayinevi.com.tr\/index.php\/wp-json\/wp\/v2\/types\/product"}],"wp:attachment":[{"href":"https:\/\/roveyayinevi.com.tr\/index.php\/wp-json\/wp\/v2\/media?parent=749178"}],"wp:term":[{"taxonomy":"product_brand","embeddable":true,"href":"https:\/\/roveyayinevi.com.tr\/index.php\/wp-json\/wp\/v2\/product_brand?post=749178"},{"taxonomy":"product_cat","embeddable":true,"href":"https:\/\/roveyayinevi.com.tr\/index.php\/wp-json\/wp\/v2\/product_cat?post=749178"},{"taxonomy":"product_tag","embeddable":true,"href":"https:\/\/roveyayinevi.com.tr\/index.php\/wp-json\/wp\/v2\/product_tag?post=749178"}],"curies":[{"name":"wp","href":"https:\/\/api.w.org\/{rel}","templated":true}]}}