{"id":749177,"date":"2025-08-28T03:49:11","date_gmt":"2025-08-28T00:49:11","guid":{"rendered":"https:\/\/roveyayinevi.com.tr\/index.php\/urun\/ak-saclarim\/"},"modified":"2026-04-16T03:01:46","modified_gmt":"2026-04-16T00:01:46","slug":"ak-saclarim","status":"publish","type":"product","link":"https:\/\/roveyayinevi.com.tr\/index.php\/urun\/ak-saclarim\/","title":{"rendered":"Ak Sa\u00e7lar\u0131m"},"content":{"rendered":"<p>Yine ba\u015flad\u0131 ya\u011fmur H\u00fczn\u00fcme h\u00fcz\u00fcn eklemek i\u00e7in Ka\u00e7\u0131\u015fan ku\u015flar gibi R\u00fczgar gibi savurdu sa\u00e7lar\u0131m\u0131 Kirpiklerimi sormay\u0131n \u00c7oktan kalbime sapland\u0131 bile<\/p>\n","protected":false},"excerpt":{"rendered":"<p>Yine ba\u015flad\u0131 ya\u011fmur H\u00fczn\u00fcme h\u00fcz\u00fcn eklemek i\u00e7in Ka\u00e7\u0131\u015fan ku\u015flar gibi R\u00fczgar gibi savurdu sa\u00e7lar\u0131m\u0131 Kirpiklerimi sormay\u0131n \u00c7oktan kalbime sapland\u0131 bile<\/p>\n","protected":false},"featured_media":0,"template":"","meta":{"_monsterinsights_skip_tracking":false,"_monsterinsights_sitenote_active":false,"_monsterinsights_sitenote_note":"","_monsterinsights_sitenote_category":0},"product_brand":[],"product_cat":[12291,12509],"product_tag":[],"class_list":{"0":"post-749177","1":"product","2":"type-product","3":"status-publish","5":"product_cat-edebiyat","6":"product_cat-siir","7":"pa_cilt-ciltsiz","8":"pa_tur-kitap","9":"pa_yayinevi-kitap-muptelasi-yayinlari","10":"pa_yazar-munir-tok","12":"first","13":"instock","14":"sale","15":"shipping-taxable","16":"purchasable","17":"product-type-simple"},"_links":{"self":[{"href":"https:\/\/roveyayinevi.com.tr\/index.php\/wp-json\/wp\/v2\/product\/749177","targetHints":{"allow":["GET"]}}],"collection":[{"href":"https:\/\/roveyayinevi.com.tr\/index.php\/wp-json\/wp\/v2\/product"}],"about":[{"href":"https:\/\/roveyayinevi.com.tr\/index.php\/wp-json\/wp\/v2\/types\/product"}],"wp:attachment":[{"href":"https:\/\/roveyayinevi.com.tr\/index.php\/wp-json\/wp\/v2\/media?parent=749177"}],"wp:term":[{"taxonomy":"product_brand","embeddable":true,"href":"https:\/\/roveyayinevi.com.tr\/index.php\/wp-json\/wp\/v2\/product_brand?post=749177"},{"taxonomy":"product_cat","embeddable":true,"href":"https:\/\/roveyayinevi.com.tr\/index.php\/wp-json\/wp\/v2\/product_cat?post=749177"},{"taxonomy":"product_tag","embeddable":true,"href":"https:\/\/roveyayinevi.com.tr\/index.php\/wp-json\/wp\/v2\/product_tag?post=749177"}],"curies":[{"name":"wp","href":"https:\/\/api.w.org\/{rel}","templated":true}]}}