{"id":749174,"date":"2025-08-28T03:49:06","date_gmt":"2025-08-28T00:49:06","guid":{"rendered":"https:\/\/roveyayinevi.com.tr\/index.php\/urun\/erdemli-insan\/"},"modified":"2026-04-16T03:01:46","modified_gmt":"2026-04-16T00:01:46","slug":"erdemli-insan","status":"publish","type":"product","link":"https:\/\/roveyayinevi.com.tr\/index.php\/urun\/erdemli-insan\/","title":{"rendered":"Erdemli \u0130nsan"},"content":{"rendered":"<p>Erdemli insan olmak, tam ve k\u00e2mil insan olmak i\u00e7in insan\u0131n kendini bilgiye ve a\u015fka, dahas\u0131 ilahi a\u015fka ve hakikate adam\u0131\u015f ve kendi varolu\u015funun engin s\u0131rr\u0131na eri\u015fmi\u015f olmas\u0131 gerekir. Bu sebeple, erdemli insan olabilmek i\u00e7in yap\u0131lmas\u0131 gereken en \u00f6nemli i\u015f, ki\u015finin hayat i\u00e7inde hakikate kendini vermesi ve onun berrak tecellisine yer a\u00e7abilmek i\u00e7in nefsin \u00f6n yarg\u0131, ego ve zaaf izlerini yok edebilmesidir. Bu mertebeye ula\u015fan ki\u015filer; Bakt\u0131klar\u0131nda berrak g\u00f6rmeyi d\u00fc\u015f\u00fcn\u00fcrler. Dinlediklerinde iyi duymay\u0131 d\u00fc\u015f\u00fcn\u00fcrler. Davran\u0131\u015flar\u0131nda sayg\u0131l\u0131 olmay\u0131 d\u00fc\u015f\u00fcn\u00fcrler. Konu\u015fmalar\u0131nda do\u011fru s\u00f6zl\u00fc olmay\u0131 d\u00fc\u015f\u00fcn\u00fcrler\u2026 Bu eser, erdemli insan olman\u0131n faziletlerini anlatan \u00f6nemli ve de\u011ferli bir kaynakt\u0131r.<\/p>\n","protected":false},"excerpt":{"rendered":"<p>Erdemli insan olmak, tam ve k\u00e2mil insan olmak i\u00e7in insan\u0131n kendini bilgiye ve a\u015fka, dahas\u0131 ilahi a\u015fka ve hakikate adam\u0131\u015f ve kendi varolu\u015funun engin s\u0131rr\u0131na eri\u015fmi\u015f<span class=\"excerpt-hellip\"> [\u2026]<\/span><\/p>\n","protected":false},"featured_media":0,"template":"","meta":{"_monsterinsights_skip_tracking":false,"_monsterinsights_sitenote_active":false,"_monsterinsights_sitenote_note":"","_monsterinsights_sitenote_category":0},"product_brand":[],"product_cat":[13489,13488],"product_tag":[],"class_list":{"0":"post-749174","1":"product","2":"type-product","3":"status-publish","5":"product_cat-populer-kultur","6":"product_cat-toplum-ve-insan","7":"pa_cilt-ciltsiz","8":"pa_tur-kitap","9":"pa_yayinevi-kitap-muptelasi-yayinlari","10":"pa_yazar-cafer-aksay","12":"first","13":"instock","14":"sale","15":"shipping-taxable","16":"purchasable","17":"product-type-simple"},"_links":{"self":[{"href":"https:\/\/roveyayinevi.com.tr\/index.php\/wp-json\/wp\/v2\/product\/749174","targetHints":{"allow":["GET"]}}],"collection":[{"href":"https:\/\/roveyayinevi.com.tr\/index.php\/wp-json\/wp\/v2\/product"}],"about":[{"href":"https:\/\/roveyayinevi.com.tr\/index.php\/wp-json\/wp\/v2\/types\/product"}],"wp:attachment":[{"href":"https:\/\/roveyayinevi.com.tr\/index.php\/wp-json\/wp\/v2\/media?parent=749174"}],"wp:term":[{"taxonomy":"product_brand","embeddable":true,"href":"https:\/\/roveyayinevi.com.tr\/index.php\/wp-json\/wp\/v2\/product_brand?post=749174"},{"taxonomy":"product_cat","embeddable":true,"href":"https:\/\/roveyayinevi.com.tr\/index.php\/wp-json\/wp\/v2\/product_cat?post=749174"},{"taxonomy":"product_tag","embeddable":true,"href":"https:\/\/roveyayinevi.com.tr\/index.php\/wp-json\/wp\/v2\/product_tag?post=749174"}],"curies":[{"name":"wp","href":"https:\/\/api.w.org\/{rel}","templated":true}]}}