{"id":749172,"date":"2025-08-28T03:49:03","date_gmt":"2025-08-28T00:49:03","guid":{"rendered":"https:\/\/roveyayinevi.com.tr\/index.php\/urun\/mitoloji-ve-gercek\/"},"modified":"2026-04-16T03:01:46","modified_gmt":"2026-04-16T00:01:46","slug":"mitoloji-ve-gercek","status":"publish","type":"product","link":"https:\/\/roveyayinevi.com.tr\/index.php\/urun\/mitoloji-ve-gercek\/","title":{"rendered":"Mitoloji ve Ger\u00e7ek"},"content":{"rendered":"<p>Evrim bug\u00fcn i\u00e7in onlarca bilim dal\u0131 taraf\u0131ndan g\u00f6zlemlenen bir ger\u00e7ekliktir, art\u0131k. Dolay\u0131s\u0131yla ilk insanlar \u00e7ocukluk seviyesinde ya\u015fad\u0131klar\u0131 ve soyut de\u011ferleri idrak etmedikleri i\u00e7in; putperestlik yani her bir kabilenin somut bir putu var olmu\u015ftur. Bu ise o d\u00f6nem i\u00e7in yanl\u0131\u015f de\u011fil idi. (\u0130bn Arabi) \u00c7\u00fcnk\u00fc bu do\u011fal fakat ilkel inan\u00e7lar, insanlar\u0131 g\u00f6receli olarak birli\u011fe, aidiyete ve yine g\u00f6receli olarak rekabete sevk etti\u011fi gibi; o inan\u00e7 duygusu sayesinde bilim ve medeniyet gibi bir\u00e7ok soyut kavram da \u00f6\u011freniliyordu. Tevrat\u2019ta (Tekvin, 6\/8) ve Kur\u2019an\u2019da (4\/163) g\u00f6r\u00fcld\u00fc\u011f\u00fc gibi; ilk semavi din, Nuh d\u00f6nemi ile ba\u015fl\u0131yor. Din gelince art\u0131k b\u00f6l\u00fcnmeye sebep olan kabile ve klanlara mahsus putlar yerine herkesin tapt\u0131\u011f\u0131 manas\u0131na gelen Elohim kelimesi kullan\u0131lmaya ba\u015fland\u0131. Elo tap\u0131lan demektir; him de herkes demektir. \u0130kisi beraber Herkesin Tanr\u0131s\u0131 manas\u0131na gelir. Yani kelime \u00e7o\u011ful edat\u0131 alm\u0131\u015f de\u011fildir; herkesin tapt\u0131\u011f\u0131 manas\u0131na gelen isim tamlamas\u0131d\u0131r. Kitab-\u0131 Mukaddes \u00e7evirmenleri bu kelimeyi Allah diye \u00e7evirseler de Allah kelimesi Elohim kelimesinden daha geni\u015f bir mana ifade eder. Her ne kadar Elo kelimesi ile ayn\u0131 k\u00f6kten geliyorsa da Allah kelimesi, k\u00f6k ve terim olarak sonsuzluk ifade eder. El tak\u0131s\u0131 ald\u0131\u011f\u0131ndan normalde Elo manas\u0131na gelen \u0130lah kelimesinden daha geni\u015f bir manan\u0131n ifadesidir. Tevrat\u2019ta bu Elohim kelimesinden sonra genellikle Yahwe (Yahuwe) kelimesi ge\u00e7iyor. Bu kelime Ey O diye \u00e7evrilir. Daha do\u011frusu bunun tam terc\u00fcmesi, ey ismi olmayan tarz\u0131ndad\u0131r. \u00c7\u00fcnk\u00fc isim, s\u0131n\u0131rl\u0131 olan e\u015fyaya konulan belirti demektir. Allah ise sonsuz oldu\u011fundan O\u2019nun ismi olmaz. Dolay\u0131s\u0131yla bu kelimenin manas\u0131 ey sonsuz olan \u0130lah demek olur. Bu kelimeyi ilk olarak \u0130brahim kullanm\u0131\u015f ise de (Tekvin, 22\/14) as\u0131l kullan\u0131l\u0131\u015f\u0131, \u00c7\u0131k\u0131\u015f kitab\u0131nda ba\u015fl\u0131yor. \u00c7\u0131k\u0131\u015f kitab\u0131 ise, Yahudi Milletinin Ben\u00ee \u0130srail (dindar-medeni millet) olmas\u0131n\u0131 ve bunun altyap\u0131s\u0131n\u0131 anlatan kitapt\u0131r. \u00c7\u0131k\u0131\u015f \u0130branicesi: F\u0131s\u0131h ger\u00e7ek ve tam \u00f6zg\u00fcrl\u00fck demektir. <\/p>\n","protected":false},"excerpt":{"rendered":"<p>Evrim bug\u00fcn i\u00e7in onlarca bilim dal\u0131 taraf\u0131ndan g\u00f6zlemlenen bir ger\u00e7ekliktir, art\u0131k. Dolay\u0131s\u0131yla ilk insanlar \u00e7ocukluk seviyesinde ya\u015fad\u0131klar\u0131 ve soyut de\u011ferleri idrak etmedikleri i\u00e7in; putperestlik yani her<span class=\"excerpt-hellip\"> [\u2026]<\/span><\/p>\n","protected":false},"featured_media":0,"template":"","meta":{"_monsterinsights_skip_tracking":false,"_monsterinsights_sitenote_active":false,"_monsterinsights_sitenote_note":"","_monsterinsights_sitenote_category":0},"product_brand":[],"product_cat":[12777,12291],"product_tag":[],"class_list":{"0":"post-749172","1":"product","2":"type-product","3":"status-publish","5":"product_cat-deneme","6":"product_cat-edebiyat","7":"pa_cilt-ciltsiz","8":"pa_tur-kitap","9":"pa_yayinevi-gulnar-yayinlari","10":"pa_yazar-bahaeddin-saglam","12":"first","13":"instock","14":"sale","15":"shipping-taxable","16":"purchasable","17":"product-type-simple"},"_links":{"self":[{"href":"https:\/\/roveyayinevi.com.tr\/index.php\/wp-json\/wp\/v2\/product\/749172","targetHints":{"allow":["GET"]}}],"collection":[{"href":"https:\/\/roveyayinevi.com.tr\/index.php\/wp-json\/wp\/v2\/product"}],"about":[{"href":"https:\/\/roveyayinevi.com.tr\/index.php\/wp-json\/wp\/v2\/types\/product"}],"wp:attachment":[{"href":"https:\/\/roveyayinevi.com.tr\/index.php\/wp-json\/wp\/v2\/media?parent=749172"}],"wp:term":[{"taxonomy":"product_brand","embeddable":true,"href":"https:\/\/roveyayinevi.com.tr\/index.php\/wp-json\/wp\/v2\/product_brand?post=749172"},{"taxonomy":"product_cat","embeddable":true,"href":"https:\/\/roveyayinevi.com.tr\/index.php\/wp-json\/wp\/v2\/product_cat?post=749172"},{"taxonomy":"product_tag","embeddable":true,"href":"https:\/\/roveyayinevi.com.tr\/index.php\/wp-json\/wp\/v2\/product_tag?post=749172"}],"curies":[{"name":"wp","href":"https:\/\/api.w.org\/{rel}","templated":true}]}}