{"id":749171,"date":"2025-08-28T03:49:01","date_gmt":"2025-08-28T00:49:01","guid":{"rendered":"https:\/\/roveyayinevi.com.tr\/index.php\/urun\/garip-kuslar\/"},"modified":"2026-04-16T03:01:46","modified_gmt":"2026-04-16T00:01:46","slug":"garip-kuslar","status":"publish","type":"product","link":"https:\/\/roveyayinevi.com.tr\/index.php\/urun\/garip-kuslar\/","title":{"rendered":"Garip Ku\u015flar"},"content":{"rendered":"<p>25.01.1953 Kars do\u011fumluyum. \u0130lk, orta ve liseyi Kars\u2019ta bitirdim. 26.12.1971\u2019de Maliye Bakanl\u0131\u011f\u0131 ta\u015fra te\u015fkilat\u0131nda g\u00f6reve ba\u015flad\u0131m. 1980 Maliye Meslek Kursu, 1982 Maliye Meslek Y\u00fcksek Okulu \u00d6n Lisans mezunuyum. 1997 y\u0131l\u0131nda Maliye Bakanl\u0131\u011f\u0131 te\u015fkilat\u0131ndan idareci olarak emekli oldum. 1971 y\u0131l\u0131ndan bu yana \u015fiir yazmaktay\u0131m. \u015eiir bir as\u0131l hayat kayna\u011f\u0131md\u0131r. \u015eehitler diyar\u0131 \u00c7anakkale\u2019de ikamet etmekteyim. T\u00fcm okurlar\u0131ma sonsuz selam ve sayg\u0131lar\u0131m\u0131 sunar\u0131m. &#8212;-GAR\u0130P KU\u015eLAR   \u0130\u00e7imde; Yanarda\u011f kaynar, G\u00f6zlerimde; Ya\u015flar a\u011flar. Viran olmu\u015f; G\u00f6nl\u00fcmdeki ba\u011flar, GAR\u0130P KU\u015eLAR, Ninni s\u00f6yler. Ninni s\u00f6yler. GAR\u0130P KU\u015eLAR. <\/p>\n","protected":false},"excerpt":{"rendered":"<p>25.01.1953 Kars do\u011fumluyum. \u0130lk, orta ve liseyi Kars\u2019ta bitirdim. 26.12.1971\u2019de Maliye Bakanl\u0131\u011f\u0131 ta\u015fra te\u015fkilat\u0131nda g\u00f6reve ba\u015flad\u0131m. 1980 Maliye Meslek Kursu, 1982 Maliye Meslek Y\u00fcksek Okulu \u00d6n<span class=\"excerpt-hellip\"> [\u2026]<\/span><\/p>\n","protected":false},"featured_media":0,"template":"","meta":{"_monsterinsights_skip_tracking":false,"_monsterinsights_sitenote_active":false,"_monsterinsights_sitenote_note":"","_monsterinsights_sitenote_category":0},"product_brand":[],"product_cat":[12291,12509],"product_tag":[],"class_list":{"0":"post-749171","1":"product","2":"type-product","3":"status-publish","5":"product_cat-edebiyat","6":"product_cat-siir","7":"pa_cilt-ciltsiz","8":"pa_tur-kitap","9":"pa_yayinevi-gulnar-yayinlari","10":"pa_yazar-gencer-sonkurt","12":"first","13":"instock","14":"sale","15":"shipping-taxable","16":"purchasable","17":"product-type-simple"},"_links":{"self":[{"href":"https:\/\/roveyayinevi.com.tr\/index.php\/wp-json\/wp\/v2\/product\/749171","targetHints":{"allow":["GET"]}}],"collection":[{"href":"https:\/\/roveyayinevi.com.tr\/index.php\/wp-json\/wp\/v2\/product"}],"about":[{"href":"https:\/\/roveyayinevi.com.tr\/index.php\/wp-json\/wp\/v2\/types\/product"}],"wp:attachment":[{"href":"https:\/\/roveyayinevi.com.tr\/index.php\/wp-json\/wp\/v2\/media?parent=749171"}],"wp:term":[{"taxonomy":"product_brand","embeddable":true,"href":"https:\/\/roveyayinevi.com.tr\/index.php\/wp-json\/wp\/v2\/product_brand?post=749171"},{"taxonomy":"product_cat","embeddable":true,"href":"https:\/\/roveyayinevi.com.tr\/index.php\/wp-json\/wp\/v2\/product_cat?post=749171"},{"taxonomy":"product_tag","embeddable":true,"href":"https:\/\/roveyayinevi.com.tr\/index.php\/wp-json\/wp\/v2\/product_tag?post=749171"}],"curies":[{"name":"wp","href":"https:\/\/api.w.org\/{rel}","templated":true}]}}