{"id":749169,"date":"2025-08-28T03:48:59","date_gmt":"2025-08-28T00:48:59","guid":{"rendered":"https:\/\/roveyayinevi.com.tr\/index.php\/urun\/iki-telli-saz-ruzba-metodu\/"},"modified":"2025-12-30T11:06:47","modified_gmt":"2025-12-30T08:06:47","slug":"iki-telli-saz-ruzba-metodu","status":"publish","type":"product","link":"https:\/\/roveyayinevi.com.tr\/index.php\/urun\/iki-telli-saz-ruzba-metodu\/","title":{"rendered":"\u0130ki Telli Saz (Ruzba) Metodu"},"content":{"rendered":"<p>Ruzba; tezenesiz \u00e7al\u0131\u015f tekni\u011fi ile icra edilen, melodi ve e\u015flik birlikteli\u011fi ile \u00f6zel bir \u00e7al\u0131\u015f \u00fcslubuna sahip, Anadolu\u2019nun kadim iki telli sazlar\u0131ndan biridir. Metotta e\u015flik ve melodi seslerinin birlikte kullan\u0131lmas\u0131yla olu\u015fan \u00e7alg\u0131ya \u00f6zg\u00fc icra kal\u0131plar\u0131, melodi paterni olarak isimlendirilmi\u015f ve \u00f6\u011fretim stratejisi bu yap\u0131 \u00fczerine kurgulanm\u0131\u015ft\u0131r. Metodun hedef kitlesi; temel mekanik beceri seviyesini tamamlam\u0131\u015f, ba\u011flama \u00e7almay\u0131 bilen, tezenesiz \u00e7al\u0131\u015f tekni\u011fine yeni ba\u015flayacak icrac\u0131lar ve  tezenesiz \u00e7al\u0131\u015f tekni\u011fini bilip iki telli saz\u0131n icra \u00fcslubunu \u00f6\u011frenmek isteyen icrac\u0131lard\u0131r. Metot, tezenesiz \u00e7al\u0131\u015f tekni\u011finin ba\u015flang\u0131\u00e7 d\u00fczeyinden ileri icra seviyesine kadar iki telli saz ile uygulamal\u0131 olarak \u00f6\u011frenilmesine olanak sunmaktad\u0131r. Ders kitab\u0131 format\u0131nda haz\u0131rlanan metotta i\u015flenen konular; grafikler, \u015femalar, foto\u011fraflar, konu anlat\u0131mlar\u0131, \u00f6rnek uygulamalar, bilgi notlar\u0131 ve konular aras\u0131 ili\u015fkilendirmelerle desteklenerek kolaydan zora do\u011fru s\u0131ralanm\u0131\u015ft\u0131r. Metot d\u00f6rt a\u015famal\u0131 olarak tasarlanm\u0131\u015ft\u0131r. B\u00f6l\u00fcmler ve i\u00e7erikleri \u015fu \u015fekildedir: I.   A\u015fama: Teori Teori b\u00f6l\u00fcm\u00fcnde Anadolu ve yak\u0131n co\u011frafyalarda var olan iki telli sazlar\u0131n \u00f6zellikleriyle ilgili bilgiler verilmi\u015ftir. II.  A\u015fama: Ba\u011flama \u00c7almada Temel Davran\u0131\u015flar ve \u00c7al\u0131\u015f Tekni\u011fi Uygulamalar\u0131 T\u00fcm sazlarda ortak olarak kullan\u0131lan tezenesiz \u00e7al\u0131\u015f tekni\u011finin t\u00fcm \u00e7al\u0131\u015f bi\u00e7imleri ayr\u0131 ayr\u0131 ele al\u0131nm\u0131\u015f ve konular uygulamal\u0131 olarak anlat\u0131lm\u0131\u015ft\u0131r. III. A\u015fama: Melodi Paternleri Repertuvarda kar\u015f\u0131la\u015f\u0131lmas\u0131 muhtemel \u00e7al\u0131\u015f bi\u00e7imleri ve icra pozisyonlar\u0131 bu b\u00f6l\u00fcmde incelenmi\u015f, al\u0131\u015ft\u0131rma ve eserler arac\u0131l\u0131\u011f\u0131 ile \u00e7alg\u0131n\u0131n icra \u00fcslubu anlat\u0131lm\u0131\u015ft\u0131r. IV. A\u015fama: Ruzba \u00c7alg\u0131 M\u00fczi\u011fi Repertuvar\u0131 Ge\u00e7mi\u015fte \u00f6\u011frenilen teori ve uygulamaya dair bilgilerin tamam\u0131n\u0131n karma olarak kullan\u0131ld\u0131\u011f\u0131, ruzba m\u00fczi\u011fini temsil eden eser \u00f6rnekleri verilmi\u015ftir. Konuya ili\u015fkin kaynak ve \u00f6\u011fretim materyali s\u0131k\u0131nt\u0131s\u0131n\u0131n giderilmesine katk\u0131 sa\u011flamas\u0131 \u00fcmidiyle\u2026 Ali Kaz\u0131m AKDA\u011e <\/p>\n","protected":false},"excerpt":{"rendered":"<p>Ruzba; tezenesiz \u00e7al\u0131\u015f tekni\u011fi ile icra edilen, melodi ve e\u015flik birlikteli\u011fi ile \u00f6zel bir \u00e7al\u0131\u015f \u00fcslubuna sahip, Anadolu\u2019nun kadim iki telli sazlar\u0131ndan biridir. Metotta e\u015flik ve<span class=\"excerpt-hellip\"> [\u2026]<\/span><\/p>\n","protected":false},"featured_media":0,"template":"","meta":{"_monsterinsights_skip_tracking":false,"_monsterinsights_sitenote_active":false,"_monsterinsights_sitenote_note":"","_monsterinsights_sitenote_category":0},"product_brand":[],"product_cat":[14556],"product_tag":[],"class_list":{"0":"post-749169","1":"product","2":"type-product","3":"status-publish","5":"product_cat-muzik","6":"pa_cilt-ciltsiz","7":"pa_tur-kitap","8":"pa_yayinevi-kitapol-yayinlari","9":"pa_yazar-ali-kazim-akdag","11":"first","12":"instock","13":"sale","14":"shipping-taxable","15":"purchasable","16":"product-type-simple"},"_links":{"self":[{"href":"https:\/\/roveyayinevi.com.tr\/index.php\/wp-json\/wp\/v2\/product\/749169","targetHints":{"allow":["GET"]}}],"collection":[{"href":"https:\/\/roveyayinevi.com.tr\/index.php\/wp-json\/wp\/v2\/product"}],"about":[{"href":"https:\/\/roveyayinevi.com.tr\/index.php\/wp-json\/wp\/v2\/types\/product"}],"wp:attachment":[{"href":"https:\/\/roveyayinevi.com.tr\/index.php\/wp-json\/wp\/v2\/media?parent=749169"}],"wp:term":[{"taxonomy":"product_brand","embeddable":true,"href":"https:\/\/roveyayinevi.com.tr\/index.php\/wp-json\/wp\/v2\/product_brand?post=749169"},{"taxonomy":"product_cat","embeddable":true,"href":"https:\/\/roveyayinevi.com.tr\/index.php\/wp-json\/wp\/v2\/product_cat?post=749169"},{"taxonomy":"product_tag","embeddable":true,"href":"https:\/\/roveyayinevi.com.tr\/index.php\/wp-json\/wp\/v2\/product_tag?post=749169"}],"curies":[{"name":"wp","href":"https:\/\/api.w.org\/{rel}","templated":true}]}}