{"id":749168,"date":"2025-08-28T03:48:58","date_gmt":"2025-08-28T00:48:58","guid":{"rendered":"https:\/\/roveyayinevi.com.tr\/index.php\/urun\/gel-artik-namaz-seni-bekliyor\/"},"modified":"2026-04-16T03:01:46","modified_gmt":"2026-04-16T00:01:46","slug":"gel-artik-namaz-seni-bekliyor","status":"publish","type":"product","link":"https:\/\/roveyayinevi.com.tr\/index.php\/urun\/gel-artik-namaz-seni-bekliyor\/","title":{"rendered":"Gel Art\u0131k! Namaz Seni Bekliyor"},"content":{"rendered":"<p>Ezan sesleri as\u0131rlard\u0131r yank\u0131lanmakta ve g\u00fcnde 5 defa hi\u00e7 b\u0131kmadan, usanmadan, namaza, yani kurtulu\u015fa \u00e7a\u011f\u0131rmaktad\u0131r. \u00d6yle bir davet ki, nice m\u00fcb\u00e2rek insanlar, bu davete \u00eec\u00e2bet ederek, kurtulu\u015f vagonu olan namaz ile Rahman-i a\u015fk\u2019a do\u011fru yol ald\u0131lar. Elinde ki eserde ise, g\u00fczeller g\u00fczeli namaz\u0131n, hayat\u0131m\u0131zdaki yerinin ne olmas\u0131 gerekti\u011fi, neden k\u0131lmam\u0131z gerekti\u011fi, uhrevi faydas\u0131n\u0131n d\u0131\u015f\u0131nda, d\u00fcnyevi ne gibi faydalar\u0131 oldu\u011fu ve namaz ile ilgili daha nice konulara ayetler, hadisler, b\u00fcy\u00fck zatlardan s\u00f6zler ve k\u0131ssalar ile de\u011finmeye gayret ettik. Bu eseri okuyunca, e\u011fer hi\u00e7 namaz k\u0131lm\u0131yorsan, hemen abdest al\u0131p seni muhte\u015fem bir bi\u00e7imde yaratan, Allah Azze ve cellenin huzuruna duracaks\u0131n! E\u011fer ki namaz\u0131n\u0131 zaten k\u0131l\u0131yorsan, ne b\u00fcy\u00fck bir l\u00fctufa nail oldu\u011funu daha iyi kavrayacaks\u0131n biiznillah. \u015eunu da belirtmek isterim ki, namaz\u0131n \u00f6zelli\u011fini, g\u00fczelli\u011fini ve harikuladeli\u011fini anlatmak i\u00e7in, 100 y\u0131ll\u0131k \u00f6mr\u00fcm olup tamam\u0131n\u0131 bu u\u011furda t\u00fcketsem yine de pek az kal\u0131r. Bu y\u00fczden bir kusur varsa bizden, var olan g\u00fczellikler ise Allah\u2019u Te\u00e2l\u00e2\u2019n\u0131nd\u0131r. Cenab-\u0131 Hak bu \u00e7al\u0131\u015fmam\u0131z\u0131 r\u0131zas\u0131na uygun, istifadesini geni\u015f ve k\u0131yamete kadar muhafazas\u0131n\u0131 daim eylesin (amin) <\/p>\n","protected":false},"excerpt":{"rendered":"<p>Ezan sesleri as\u0131rlard\u0131r yank\u0131lanmakta ve g\u00fcnde 5 defa hi\u00e7 b\u0131kmadan, usanmadan, namaza, yani kurtulu\u015fa \u00e7a\u011f\u0131rmaktad\u0131r. \u00d6yle bir davet ki, nice m\u00fcb\u00e2rek insanlar, bu davete \u00eec\u00e2bet ederek,<span class=\"excerpt-hellip\"> [\u2026]<\/span><\/p>\n","protected":false},"featured_media":0,"template":"","meta":{"_monsterinsights_skip_tracking":false,"_monsterinsights_sitenote_active":false,"_monsterinsights_sitenote_note":"","_monsterinsights_sitenote_category":0},"product_brand":[],"product_cat":[12718,12719],"product_tag":[],"class_list":{"0":"post-749168","1":"product","2":"type-product","3":"status-publish","5":"product_cat-din","6":"product_cat-islam","7":"pa_cilt-ciltsiz","8":"pa_tur-kitap","9":"pa_yayinevi-zet-yayinlari","10":"pa_yazar-safa-mucahit","12":"first","13":"instock","14":"sale","15":"shipping-taxable","16":"purchasable","17":"product-type-simple"},"_links":{"self":[{"href":"https:\/\/roveyayinevi.com.tr\/index.php\/wp-json\/wp\/v2\/product\/749168","targetHints":{"allow":["GET"]}}],"collection":[{"href":"https:\/\/roveyayinevi.com.tr\/index.php\/wp-json\/wp\/v2\/product"}],"about":[{"href":"https:\/\/roveyayinevi.com.tr\/index.php\/wp-json\/wp\/v2\/types\/product"}],"wp:attachment":[{"href":"https:\/\/roveyayinevi.com.tr\/index.php\/wp-json\/wp\/v2\/media?parent=749168"}],"wp:term":[{"taxonomy":"product_brand","embeddable":true,"href":"https:\/\/roveyayinevi.com.tr\/index.php\/wp-json\/wp\/v2\/product_brand?post=749168"},{"taxonomy":"product_cat","embeddable":true,"href":"https:\/\/roveyayinevi.com.tr\/index.php\/wp-json\/wp\/v2\/product_cat?post=749168"},{"taxonomy":"product_tag","embeddable":true,"href":"https:\/\/roveyayinevi.com.tr\/index.php\/wp-json\/wp\/v2\/product_tag?post=749168"}],"curies":[{"name":"wp","href":"https:\/\/api.w.org\/{rel}","templated":true}]}}