{"id":749165,"date":"2025-08-28T03:48:54","date_gmt":"2025-08-28T00:48:54","guid":{"rendered":"https:\/\/roveyayinevi.com.tr\/index.php\/urun\/konut-palimpsesti\/"},"modified":"2026-04-16T03:01:45","modified_gmt":"2026-04-16T00:01:45","slug":"konut-palimpsesti","status":"publish","type":"product","link":"https:\/\/roveyayinevi.com.tr\/index.php\/urun\/konut-palimpsesti\/","title":{"rendered":"Konut Palimpsesti"},"content":{"rendered":"<p>\u00c7ok \u00f6nemli ancak az \u00e7al\u0131\u015f\u0131lm\u0131\u015f bir alana disiplinleraras\u0131 a\u00e7\u0131dan yeni bir bak\u0131\u015f.   Eski \u00e7a\u011flardaki evlerin maddi kal\u0131nt\u0131lar\u0131 ile g\u00fcnl\u00fck ya\u015fama ili\u015fkin metinsel kan\u0131tlar, bu konutlar\u0131n mimari ve dekoratif \u00f6zelliklerini ve \u00f6zel mek\u00e2nlar\u0131n kullan\u0131lma bi\u00e7imlerini anlayabilmemiz i\u00e7in olmazsa olmaz niteliktedir. Antik evler, i\u00e7lerinde hem \u00f6zel hem de kamusal faaliyetlerin ger\u00e7ekle\u015ftirilebildi\u011fi yap\u0131lar olarak, eski toplumlar\u0131n sosyal, iktisadi, siyasi ve dini y\u00f6nlerine ayna tutar. Ne var ki, eski \u00e7a\u011flar hakk\u0131ndaki bilgimiz a\u00e7\u0131s\u0131ndan ta\u015f\u0131d\u0131klar\u0131 paha bi\u00e7ilmez \u00f6neme ra\u011fmen, konut yap\u0131lar\u0131 genelde h\u00e2l\u00e2 yeterince ilgi g\u00f6rmeyen bir ara\u015ft\u0131rma alan\u0131 olarak kalm\u0131\u015ft\u0131r.   Bu derleme kitap, \u0130stanbul\u2019daki Ko\u00e7 \u00dcniversitesi Anadolu Medeniyetleri Ara\u015ft\u0131rma Merkezi\u2019nde 2013 y\u0131l\u0131nda d\u00fczenlenen 8. Uluslararas\u0131 ANAMED Y\u0131ll\u0131k Sempozyumu\u2019nda sunulmu\u015f bildirilerden olu\u015fuyor. Makaleler, Roma devri, Ge\u00e7 Antik, Bizans ve Erken \u0130slam d\u00f6nemlerinde Akdeniz \u00e7evresindeki \u00f6zel konutlarda meydana gelen geli\u015fmelere, s\u00fcrekliliklere ve de\u011fi\u015fimlere odaklan\u0131yor. De\u011fi\u015fik b\u00f6lgelere ve d\u00f6nemlere ait evler aras\u0131ndaki etkile\u015fime \u0131\u015f\u0131k tutan kitap, \u00f6zel konutlar\u0131n mimari \u00f6zellikleri, yerle\u015fim planlar\u0131 ve i\u00e7 mek\u00e2nlar\u0131 ile onlar\u0131 yapt\u0131ran ve kullanan insanlar\u0131 mercek alt\u0131na al\u0131yor. <\/p>\n","protected":false},"excerpt":{"rendered":"<p>\u00c7ok \u00f6nemli ancak az \u00e7al\u0131\u015f\u0131lm\u0131\u015f bir alana disiplinleraras\u0131 a\u00e7\u0131dan yeni bir bak\u0131\u015f. Eski \u00e7a\u011flardaki evlerin maddi kal\u0131nt\u0131lar\u0131 ile g\u00fcnl\u00fck ya\u015fama ili\u015fkin metinsel kan\u0131tlar, bu konutlar\u0131n mimari<span class=\"excerpt-hellip\"> [\u2026]<\/span><\/p>\n","protected":false},"featured_media":0,"template":"","meta":{"_monsterinsights_skip_tracking":false,"_monsterinsights_sitenote_active":false,"_monsterinsights_sitenote_note":"","_monsterinsights_sitenote_category":0},"product_brand":[],"product_cat":[52477,52478],"product_tag":[],"class_list":{"0":"post-749165","1":"product","2":"type-product","3":"status-publish","5":"product_cat-arastirma","6":"product_cat-arkeoloji","7":"pa_cilt-ciltsiz","8":"pa_tur-kitap","9":"pa_yayinevi-koc-universitesi-yayinlari","10":"pa_yazar-kolektif","12":"first","13":"instock","14":"sale","15":"shipping-taxable","16":"purchasable","17":"product-type-simple"},"_links":{"self":[{"href":"https:\/\/roveyayinevi.com.tr\/index.php\/wp-json\/wp\/v2\/product\/749165","targetHints":{"allow":["GET"]}}],"collection":[{"href":"https:\/\/roveyayinevi.com.tr\/index.php\/wp-json\/wp\/v2\/product"}],"about":[{"href":"https:\/\/roveyayinevi.com.tr\/index.php\/wp-json\/wp\/v2\/types\/product"}],"wp:attachment":[{"href":"https:\/\/roveyayinevi.com.tr\/index.php\/wp-json\/wp\/v2\/media?parent=749165"}],"wp:term":[{"taxonomy":"product_brand","embeddable":true,"href":"https:\/\/roveyayinevi.com.tr\/index.php\/wp-json\/wp\/v2\/product_brand?post=749165"},{"taxonomy":"product_cat","embeddable":true,"href":"https:\/\/roveyayinevi.com.tr\/index.php\/wp-json\/wp\/v2\/product_cat?post=749165"},{"taxonomy":"product_tag","embeddable":true,"href":"https:\/\/roveyayinevi.com.tr\/index.php\/wp-json\/wp\/v2\/product_tag?post=749165"}],"curies":[{"name":"wp","href":"https:\/\/api.w.org\/{rel}","templated":true}]}}