{"id":749164,"date":"2025-08-28T03:48:53","date_gmt":"2025-08-28T00:48:53","guid":{"rendered":"https:\/\/roveyayinevi.com.tr\/index.php\/urun\/miras-dunya-mirasi-ve-gelecek\/"},"modified":"2026-04-16T03:01:45","modified_gmt":"2026-04-16T00:01:45","slug":"miras-dunya-mirasi-ve-gelecek","status":"publish","type":"product","link":"https:\/\/roveyayinevi.com.tr\/index.php\/urun\/miras-dunya-mirasi-ve-gelecek\/","title":{"rendered":"Miras, D\u00fcnya Miras\u0131 ve Gelecek"},"content":{"rendered":"<p>Akademi, politika ve y\u00f6ntemin kesi\u015fti\u011fi noktada T\u00fcrkiye\u2019deki miras uygulamalar\u0131n\u0131n incelenmesi   Bu kitapta yay\u0131mlanan makaleler, 2019 y\u0131l\u0131nda \u0130stanbul\u2019daki Ko\u00e7 \u00dcniversitesi Anadolu Medeniyetleri Ara\u015ft\u0131rma Merkezi\u2019nde (ANAMED) ger\u00e7ekle\u015ftirilen 14. Uluslararas\u0131 ANAMED Y\u0131ll\u0131k Sempozyumu\u2019nda sunulan bildiriler aras\u0131nda yer almaktad\u0131r. Arkeolojik ve do\u011fal alanlar\u0131n korunmas\u0131yla u\u011fra\u015fan arkeologlar\u0131 ve miras alan\u0131nda \u00e7al\u0131\u015fan farkl\u0131 ge\u00e7mi\u015flere sahip uzmanlar\u0131 bir araya getiren sempozyum, D\u00fcnya Miras Alanlar\u0131 ba\u015fta olmak \u00fczere T\u00fcrkiye\u2019deki miras\u0131n korunmas\u0131 ve geli\u015ftirilmesi konular\u0131na odaklanm\u0131\u015ft\u0131.   Kitaptaki makaleler \u2014D\u00fcnya Miras\u0131 S\u00f6zle\u015fmesi ve bunun T\u00fcrkiye\u2019deki uygulanma bi\u00e7imi de dahil olacak \u015fekilde\u2014 arkeolojik ve do\u011fal miras\u0131n korunmas\u0131 ve gelece\u011fini, miras alanlar\u0131n\u0131n korunmas\u0131n\u0131n ekonomik y\u00f6n\u00fcn\u00fc, arkeolojik ara\u015ft\u0131rmalar s\u0131ras\u0131nda ger\u00e7ekle\u015ftirilen toplumsal kat\u0131l\u0131m projelerini ve toplumun arkeoloji alg\u0131s\u0131 konular\u0131n\u0131 ele almaktad\u0131r. Y\u00fcr\u00fctt\u00fckleri \u00e7al\u0131\u015fmalar\u0131 derinlemesine irdeleyen ve de\u011ferlendiren yazarlar, belirli ko\u015fullar alt\u0131nda neyin i\u015fe yaray\u0131p neyin yaramad\u0131\u011f\u0131na dair daha net bir resim olu\u015fturabilmek niyetiyle hem elde edilen ba\u015far\u0131lar\u0131n hem de kar\u015f\u0131la\u015f\u0131lan sorunlar\u0131n bir tart\u0131\u015fmas\u0131n\u0131 ortaya koymaktad\u0131r. <\/p>\n","protected":false},"excerpt":{"rendered":"<p>Akademi, politika ve y\u00f6ntemin kesi\u015fti\u011fi noktada T\u00fcrkiye\u2019deki miras uygulamalar\u0131n\u0131n incelenmesi Bu kitapta yay\u0131mlanan makaleler, 2019 y\u0131l\u0131nda \u0130stanbul\u2019daki Ko\u00e7 \u00dcniversitesi Anadolu Medeniyetleri Ara\u015ft\u0131rma Merkezi\u2019nde (ANAMED) ger\u00e7ekle\u015ftirilen 14.<span class=\"excerpt-hellip\"> [\u2026]<\/span><\/p>\n","protected":false},"featured_media":0,"template":"","meta":{"_monsterinsights_skip_tracking":false,"_monsterinsights_sitenote_active":false,"_monsterinsights_sitenote_note":"","_monsterinsights_sitenote_category":0},"product_brand":[],"product_cat":[52477,52478],"product_tag":[],"class_list":{"0":"post-749164","1":"product","2":"type-product","3":"status-publish","5":"product_cat-arastirma","6":"product_cat-arkeoloji","7":"pa_cilt-ciltsiz","8":"pa_tur-kitap","9":"pa_yayinevi-koc-universitesi-yayinlari","10":"pa_yazar-kolektif","12":"first","13":"instock","14":"sale","15":"shipping-taxable","16":"purchasable","17":"product-type-simple"},"_links":{"self":[{"href":"https:\/\/roveyayinevi.com.tr\/index.php\/wp-json\/wp\/v2\/product\/749164","targetHints":{"allow":["GET"]}}],"collection":[{"href":"https:\/\/roveyayinevi.com.tr\/index.php\/wp-json\/wp\/v2\/product"}],"about":[{"href":"https:\/\/roveyayinevi.com.tr\/index.php\/wp-json\/wp\/v2\/types\/product"}],"wp:attachment":[{"href":"https:\/\/roveyayinevi.com.tr\/index.php\/wp-json\/wp\/v2\/media?parent=749164"}],"wp:term":[{"taxonomy":"product_brand","embeddable":true,"href":"https:\/\/roveyayinevi.com.tr\/index.php\/wp-json\/wp\/v2\/product_brand?post=749164"},{"taxonomy":"product_cat","embeddable":true,"href":"https:\/\/roveyayinevi.com.tr\/index.php\/wp-json\/wp\/v2\/product_cat?post=749164"},{"taxonomy":"product_tag","embeddable":true,"href":"https:\/\/roveyayinevi.com.tr\/index.php\/wp-json\/wp\/v2\/product_tag?post=749164"}],"curies":[{"name":"wp","href":"https:\/\/api.w.org\/{rel}","templated":true}]}}