{"id":749160,"date":"2025-08-28T03:48:47","date_gmt":"2025-08-28T00:48:47","guid":{"rendered":"https:\/\/roveyayinevi.com.tr\/index.php\/urun\/ay-ve-senlik-atesleri-2\/"},"modified":"2026-04-16T03:01:45","modified_gmt":"2026-04-16T00:01:45","slug":"ay-ve-senlik-atesleri-2","status":"publish","type":"product","link":"https:\/\/roveyayinevi.com.tr\/index.php\/urun\/ay-ve-senlik-atesleri-2\/","title":{"rendered":"Ay ve \u015eenlik Ate\u015fleri"},"content":{"rendered":"<p>\u201cBu \u00fclke yeterince b\u00fcy\u00fckt\u00fc, herkese yer vard\u0131. Kad\u0131nlar vard\u0131, toprak vard\u0131, para vard\u0131. Ama bunlar\u0131n hi\u00e7biri kimsede yeterince yoktu ve kimse ne kadar\u0131na sahip olursa olsun durmuyordu, k\u0131rlar hatta \u00fcz\u00fcm ba\u011flar\u0131 bile parklara benziyordu, istasyonlardaki gibi sahte ya da bak\u0131ms\u0131z tarhlar, yanm\u0131\u015f topraklar, da\u011f gibi hurda y\u0131\u011f\u0131nlar\u0131.\u201d   Nisan 1950\u2019de yay\u0131mlanan ve ele\u015ftirmenler taraf\u0131ndan en g\u00fczel kitab\u0131 olarak kabul edilen \u201cAy ve \u015eenlik Ate\u015fleri\u201d Pavese\u2019nin son roman\u0131d\u0131r. Anguilla, uzakta ge\u00e7irdi\u011fi uzun y\u0131llardan sonra Langhe\u2019deki k\u00f6y\u00fcne d\u00f6ner; orada \u00e7ocuklu\u011funun ve gen\u00e7li\u011finin, ac\u0131 \u00e7ekti\u011fi k\u00f6klerinin izini s\u00fcrerek zamanda bir yolculuk yapar.   Yirminci y\u00fczy\u0131l\u0131n en b\u00fcy\u00fck \u0130talyan ayd\u0131nlar\u0131ndan, d\u00fcnya \u00e7ap\u0131nda \u00fcnl\u00fc Cesare Pavese, \u2018Ay ve \u015eenlik Ate\u015fleri\u2019nde partizan sava\u015f\u0131n\u0131, anti-fa\u015fist kurtulu\u015f m\u00fccadelesini dramatik bir olay \u00f6rg\u00fcs\u00fcnde, bireyin tamamen d\u00fcnyaya ait olmad\u0131\u011f\u0131n\u0131 teyit eden, dostluk, \u015fehvet ve \u00f6l\u00fcme ba\u011flayarak lirik bir bi\u00e7imde anlat\u0131r. Ay, kan ve toprak her zaman ba\u015fka bir \u015feyi simgelemektedir.   \u201cO d\u00fcnyay\u0131 ziyaret eder, \u00e7evresine h\u0131zla bir g\u00f6z atar. Hi\u00e7 ho\u015flanmaz. Ve al\u0131r ba\u015f\u0131n\u0131, gider.\u201d Italo Calvino, 1966 <\/p>\n","protected":false},"excerpt":{"rendered":"<p>\u201cBu \u00fclke yeterince b\u00fcy\u00fckt\u00fc, herkese yer vard\u0131. Kad\u0131nlar vard\u0131, toprak vard\u0131, para vard\u0131. Ama bunlar\u0131n hi\u00e7biri kimsede yeterince yoktu ve kimse ne kadar\u0131na sahip olursa olsun<span class=\"excerpt-hellip\"> [\u2026]<\/span><\/p>\n","protected":false},"featured_media":0,"template":"","meta":{"_monsterinsights_skip_tracking":false,"_monsterinsights_sitenote_active":false,"_monsterinsights_sitenote_note":"","_monsterinsights_sitenote_category":0},"product_brand":[],"product_cat":[12291,12711],"product_tag":[],"class_list":{"0":"post-749160","1":"product","2":"type-product","3":"status-publish","5":"product_cat-edebiyat","6":"product_cat-roman-oyku","7":"pa_cilt-ciltsiz","8":"pa_tur-kitap","9":"pa_yayinevi-yapi-kredi-yayinlari","10":"pa_yazar-cesare-pavese","12":"first","13":"instock","14":"sale","15":"shipping-taxable","16":"purchasable","17":"product-type-simple"},"_links":{"self":[{"href":"https:\/\/roveyayinevi.com.tr\/index.php\/wp-json\/wp\/v2\/product\/749160","targetHints":{"allow":["GET"]}}],"collection":[{"href":"https:\/\/roveyayinevi.com.tr\/index.php\/wp-json\/wp\/v2\/product"}],"about":[{"href":"https:\/\/roveyayinevi.com.tr\/index.php\/wp-json\/wp\/v2\/types\/product"}],"wp:attachment":[{"href":"https:\/\/roveyayinevi.com.tr\/index.php\/wp-json\/wp\/v2\/media?parent=749160"}],"wp:term":[{"taxonomy":"product_brand","embeddable":true,"href":"https:\/\/roveyayinevi.com.tr\/index.php\/wp-json\/wp\/v2\/product_brand?post=749160"},{"taxonomy":"product_cat","embeddable":true,"href":"https:\/\/roveyayinevi.com.tr\/index.php\/wp-json\/wp\/v2\/product_cat?post=749160"},{"taxonomy":"product_tag","embeddable":true,"href":"https:\/\/roveyayinevi.com.tr\/index.php\/wp-json\/wp\/v2\/product_tag?post=749160"}],"curies":[{"name":"wp","href":"https:\/\/api.w.org\/{rel}","templated":true}]}}