{"id":749158,"date":"2025-08-28T03:48:44","date_gmt":"2025-08-28T00:48:44","guid":{"rendered":"https:\/\/roveyayinevi.com.tr\/index.php\/urun\/mese-agaci-golgesinde\/"},"modified":"2026-04-16T03:01:45","modified_gmt":"2026-04-16T00:01:45","slug":"mese-agaci-golgesinde","status":"publish","type":"product","link":"https:\/\/roveyayinevi.com.tr\/index.php\/urun\/mese-agaci-golgesinde\/","title":{"rendered":"Me\u015fe A\u011fac\u0131 G\u00f6lgesinde"},"content":{"rendered":"<p>Orac\u0131kta k\u00fc\u00e7\u00fcld\u00fc k\u0131z, bedeninin i\u00e7erisinde kayboldu. Akl\u0131 nerede, kalbi nerede? Bilmiyordu, g\u00f6steremez olmu\u015ftu. En ac\u0131s\u0131 da t\u00fcm bu y\u00fck\u00fcn sebebinin sevdi\u011fi insan olmas\u0131yd\u0131. Katili sevgilisiydi, katili ko\u015fulsuz teslim oldu\u011fu ki\u015fiydi. Zifiri karanl\u0131\u011f\u0131n i\u00e7erisinde pencerenin arkas\u0131nda hem korkak hem de nefret dolu g\u00f6zlerle bakt\u0131 Tenebrous\u2019a, lanetlerle \u00e7evrelenmi\u015f mezar\u0131na bakt\u0131. Onun k\u00f6t\u00fcl\u00fc\u011f\u00fc buydu demek ki, orada ya\u015fanm\u0131\u015f her ac\u0131 ger\u00e7ekti. \u00d6ld\u00fcr\u00fclen \u00e7ocuklar, katledilmi\u015f kad\u0131nlar ve onlar\u0131n t\u0131pk\u0131 Hira\u2019n\u0131n g\u00fcvendi\u011fi gibi en yak\u0131n\u0131ndan olan katilleri. Tenebrous \u00f6lm\u00fcyordu, sinsice oynuyordu kurbanlar\u0131n\u0131n \u00fczerinde, oraya ad\u0131m att\u0131\u011f\u0131nda ald\u0131\u011f\u0131 koku buydu i\u015fte o ev ac\u0131yla doluydu, duvarlar\u0131na hapsedilmi\u015f \u00e7\u0131\u011fl\u0131klar her gece daha \u00e7ok ba\u011f\u0131r\u0131yor her sabah sessizli\u011fe g\u00f6m\u00fcl\u00fcyordu. <\/p>\n","protected":false},"excerpt":{"rendered":"<p>Orac\u0131kta k\u00fc\u00e7\u00fcld\u00fc k\u0131z, bedeninin i\u00e7erisinde kayboldu. Akl\u0131 nerede, kalbi nerede? Bilmiyordu, g\u00f6steremez olmu\u015ftu. En ac\u0131s\u0131 da t\u00fcm bu y\u00fck\u00fcn sebebinin sevdi\u011fi insan olmas\u0131yd\u0131. Katili sevgilisiydi, katili<span class=\"excerpt-hellip\"> [\u2026]<\/span><\/p>\n","protected":false},"featured_media":0,"template":"","meta":{"_monsterinsights_skip_tracking":false,"_monsterinsights_sitenote_active":false,"_monsterinsights_sitenote_note":"","_monsterinsights_sitenote_category":0},"product_brand":[],"product_cat":[12291,12711],"product_tag":[],"class_list":{"0":"post-749158","1":"product","2":"type-product","3":"status-publish","5":"product_cat-edebiyat","6":"product_cat-roman-oyku","7":"pa_cilt-ciltsiz","8":"pa_tur-kitap","9":"pa_yayinevi-elpis-yayinlari","10":"pa_yazar-ebru-toprak","12":"first","13":"instock","14":"sale","15":"shipping-taxable","16":"purchasable","17":"product-type-simple"},"_links":{"self":[{"href":"https:\/\/roveyayinevi.com.tr\/index.php\/wp-json\/wp\/v2\/product\/749158","targetHints":{"allow":["GET"]}}],"collection":[{"href":"https:\/\/roveyayinevi.com.tr\/index.php\/wp-json\/wp\/v2\/product"}],"about":[{"href":"https:\/\/roveyayinevi.com.tr\/index.php\/wp-json\/wp\/v2\/types\/product"}],"wp:attachment":[{"href":"https:\/\/roveyayinevi.com.tr\/index.php\/wp-json\/wp\/v2\/media?parent=749158"}],"wp:term":[{"taxonomy":"product_brand","embeddable":true,"href":"https:\/\/roveyayinevi.com.tr\/index.php\/wp-json\/wp\/v2\/product_brand?post=749158"},{"taxonomy":"product_cat","embeddable":true,"href":"https:\/\/roveyayinevi.com.tr\/index.php\/wp-json\/wp\/v2\/product_cat?post=749158"},{"taxonomy":"product_tag","embeddable":true,"href":"https:\/\/roveyayinevi.com.tr\/index.php\/wp-json\/wp\/v2\/product_tag?post=749158"}],"curies":[{"name":"wp","href":"https:\/\/api.w.org\/{rel}","templated":true}]}}