{"id":749157,"date":"2025-08-28T03:48:43","date_gmt":"2025-08-28T00:48:43","guid":{"rendered":"https:\/\/roveyayinevi.com.tr\/index.php\/urun\/ideal-bir-ailede-yetisen-cocuk\/"},"modified":"2026-04-16T03:01:45","modified_gmt":"2026-04-16T00:01:45","slug":"ideal-bir-ailede-yetisen-cocuk","status":"publish","type":"product","link":"https:\/\/roveyayinevi.com.tr\/index.php\/urun\/ideal-bir-ailede-yetisen-cocuk\/","title":{"rendered":"\u0130deal Bir Ailede Yeti\u015fen \u00c7ocuk"},"content":{"rendered":"<p>D\u00fcnyaya g\u00f6zlerini yeni a\u00e7m\u0131\u015f bir bebe\u011fin, b\u00fcy\u00fcy\u00fcp ergenlik \u00e7a\u011f\u0131na gelece\u011fi s\u00fcre zarf\u0131nda ailesi taraf\u0131ndan kar\u015f\u0131lanmas\u0131 gereken fiziksel, duygusal ve psikolojik ihtiya\u00e7lar\u0131n\u0131n nas\u0131l kar\u015f\u0131lanmas\u0131 gerekti\u011fi anlat\u0131larak ideal bir aile perspektifi yans\u0131t\u0131lmaya \u00e7al\u0131\u015f\u0131lm\u0131\u015ft\u0131r&#8230; <\/p>\n","protected":false},"excerpt":{"rendered":"<p>D\u00fcnyaya g\u00f6zlerini yeni a\u00e7m\u0131\u015f bir bebe\u011fin, b\u00fcy\u00fcy\u00fcp ergenlik \u00e7a\u011f\u0131na gelece\u011fi s\u00fcre zarf\u0131nda ailesi taraf\u0131ndan kar\u015f\u0131lanmas\u0131 gereken fiziksel, duygusal ve psikolojik ihtiya\u00e7lar\u0131n\u0131n nas\u0131l kar\u015f\u0131lanmas\u0131 gerekti\u011fi anlat\u0131larak ideal<span class=\"excerpt-hellip\"> [\u2026]<\/span><\/p>\n","protected":false},"featured_media":0,"template":"","meta":{"_monsterinsights_skip_tracking":false,"_monsterinsights_sitenote_active":false,"_monsterinsights_sitenote_note":"","_monsterinsights_sitenote_category":0},"product_brand":[],"product_cat":[12831,12324],"product_tag":[],"class_list":{"0":"post-749157","1":"product","2":"type-product","3":"status-publish","5":"product_cat-aile-ve-cocuk","6":"product_cat-sosyoloji","7":"pa_cilt-ciltsiz","8":"pa_tur-kitap","9":"pa_yayinevi-elpis-yayinlari","10":"pa_yazar-samet-tuncel","12":"first","13":"instock","14":"sale","15":"shipping-taxable","16":"purchasable","17":"product-type-simple"},"_links":{"self":[{"href":"https:\/\/roveyayinevi.com.tr\/index.php\/wp-json\/wp\/v2\/product\/749157","targetHints":{"allow":["GET"]}}],"collection":[{"href":"https:\/\/roveyayinevi.com.tr\/index.php\/wp-json\/wp\/v2\/product"}],"about":[{"href":"https:\/\/roveyayinevi.com.tr\/index.php\/wp-json\/wp\/v2\/types\/product"}],"wp:attachment":[{"href":"https:\/\/roveyayinevi.com.tr\/index.php\/wp-json\/wp\/v2\/media?parent=749157"}],"wp:term":[{"taxonomy":"product_brand","embeddable":true,"href":"https:\/\/roveyayinevi.com.tr\/index.php\/wp-json\/wp\/v2\/product_brand?post=749157"},{"taxonomy":"product_cat","embeddable":true,"href":"https:\/\/roveyayinevi.com.tr\/index.php\/wp-json\/wp\/v2\/product_cat?post=749157"},{"taxonomy":"product_tag","embeddable":true,"href":"https:\/\/roveyayinevi.com.tr\/index.php\/wp-json\/wp\/v2\/product_tag?post=749157"}],"curies":[{"name":"wp","href":"https:\/\/api.w.org\/{rel}","templated":true}]}}