{"id":749154,"date":"2025-08-28T03:48:38","date_gmt":"2025-08-28T00:48:38","guid":{"rendered":"https:\/\/roveyayinevi.com.tr\/index.php\/urun\/gunahin-uc-rengi\/"},"modified":"2026-04-16T03:01:45","modified_gmt":"2026-04-16T00:01:45","slug":"gunahin-uc-rengi","status":"publish","type":"product","link":"https:\/\/roveyayinevi.com.tr\/index.php\/urun\/gunahin-uc-rengi\/","title":{"rendered":"G\u00fcnah\u0131n \u00dc\u00e7 Rengi"},"content":{"rendered":"<p>H\u00fcz\u00fcn, insana has bir duygudur ve bizim \u00fclkenin insanlar\u0131 hep biraz h\u00fcz\u00fcnl\u00fcd\u00fcr. G\u00fclene de\u011fil, a\u011flayana, \u00fcz\u00fclene daha yak\u0131n hissederiz kendimizi, \u00e7\u00fcnk\u00fc bizim de ge\u00e7mi\u015fimizde ne\u015feden \u00e7ok h\u00fcz\u00fcn vard\u0131r.Hik\u00e2yenin de h\u00fcz\u00fcnl\u00fc olan\u0131 daha tan\u0131d\u0131k gelir bize, sanki i\u00e7inde bizden bir \u015feyler vard\u0131r&#8230;Mazo\u015fizmin ac\u0131s\u0131yla kavrulan bir delikanl\u0131&#8230; Kenar mahallelerde kasketli erkeklerin izini s\u00fcren bir holding patronu\u2026 \u00dc\u00e7 ku\u015fak kad\u0131n\u0131 fahi\u015feli\u011fe zorlayan ac\u0131l\u0131 bir ailenin dram\u0131&#8230;G\u00fclseren Buday\u0131c\u0131o\u011flu, hayat\u0131n g\u00f6r\u00fcnmeyen y\u00fcz\u00fcyle tan\u0131\u015ft\u0131r\u0131yor bizi&#8230; Okurken duyguland\u0131ran, her karakteri i\u00e7imizde hissettiren, oralarda bir yerde bizi kendimizle kar\u015f\u0131la\u015ft\u0131ran \u00fc\u00e7 ger\u00e7ek hayat hik\u00e2yesi&#8230;<\/p>\n","protected":false},"excerpt":{"rendered":"<p>H\u00fcz\u00fcn, insana has bir duygudur ve bizim \u00fclkenin insanlar\u0131 hep biraz h\u00fcz\u00fcnl\u00fcd\u00fcr. G\u00fclene de\u011fil, a\u011flayana, \u00fcz\u00fclene daha yak\u0131n hissederiz kendimizi, \u00e7\u00fcnk\u00fc bizim de ge\u00e7mi\u015fimizde ne\u015feden \u00e7ok<span class=\"excerpt-hellip\"> [\u2026]<\/span><\/p>\n","protected":false},"featured_media":0,"template":"","meta":{"_monsterinsights_skip_tracking":false,"_monsterinsights_sitenote_active":false,"_monsterinsights_sitenote_note":"","_monsterinsights_sitenote_category":0},"product_brand":[],"product_cat":[20502,12357],"product_tag":[],"class_list":{"0":"post-749154","1":"product","2":"type-product","3":"status-publish","5":"product_cat-basvuru-kitaplari-psikoloji","6":"product_cat-psikoloji","7":"pa_cilt-ciltsiz","8":"pa_tur-kitap","9":"pa_yayinevi-dogan-kitap","10":"pa_yazar-gulseren-budayicioglu","12":"first","13":"instock","14":"sale","15":"shipping-taxable","16":"purchasable","17":"product-type-simple"},"_links":{"self":[{"href":"https:\/\/roveyayinevi.com.tr\/index.php\/wp-json\/wp\/v2\/product\/749154","targetHints":{"allow":["GET"]}}],"collection":[{"href":"https:\/\/roveyayinevi.com.tr\/index.php\/wp-json\/wp\/v2\/product"}],"about":[{"href":"https:\/\/roveyayinevi.com.tr\/index.php\/wp-json\/wp\/v2\/types\/product"}],"wp:attachment":[{"href":"https:\/\/roveyayinevi.com.tr\/index.php\/wp-json\/wp\/v2\/media?parent=749154"}],"wp:term":[{"taxonomy":"product_brand","embeddable":true,"href":"https:\/\/roveyayinevi.com.tr\/index.php\/wp-json\/wp\/v2\/product_brand?post=749154"},{"taxonomy":"product_cat","embeddable":true,"href":"https:\/\/roveyayinevi.com.tr\/index.php\/wp-json\/wp\/v2\/product_cat?post=749154"},{"taxonomy":"product_tag","embeddable":true,"href":"https:\/\/roveyayinevi.com.tr\/index.php\/wp-json\/wp\/v2\/product_tag?post=749154"}],"curies":[{"name":"wp","href":"https:\/\/api.w.org\/{rel}","templated":true}]}}