{"id":749153,"date":"2025-08-28T03:48:37","date_gmt":"2025-08-28T00:48:37","guid":{"rendered":"https:\/\/roveyayinevi.com.tr\/index.php\/urun\/yuzunuz-karsi-duvar\/"},"modified":"2026-01-29T03:34:42","modified_gmt":"2026-01-29T00:34:42","slug":"yuzunuz-karsi-duvar","status":"publish","type":"product","link":"https:\/\/roveyayinevi.com.tr\/index.php\/urun\/yuzunuz-karsi-duvar\/","title":{"rendered":"Y\u00fcz\u00fcn\u00fcz Kar\u015f\u0131 Duvar"},"content":{"rendered":"<p>Her y\u00fcz kendince bir duvard\u0131r \u0130nsanlara dair her \u015feylerini y\u00fczlerinde toplamak ve kar\u015f\u0131 kar\u015f\u0131ya kald\u0131\u011f\u0131 o her bir y\u00fcz\u00fc, \u2018duvar\u2019 olarak tan\u0131mlamak! Okur, \u201cy\u00fcz\u00fcn\u00fcz kar\u015f\u0131 duvar\u201d hayk\u0131r\u0131\u015f\u0131n\u0131 sadece kitaba ad\u0131n\u0131 veren \u015fiirde de\u011fil, her \u00fc\u00e7 b\u00f6l\u00fcmdeki di\u011fer bir dizi \u015fiirde de \u2013elbette farkl\u0131 bir tarzda\u2013 duyar. Y\u00fczde toplan\u0131p duvarla\u015fan, s\u00fcrmemi\u015f bir a\u015fk\u0131n dayatt\u0131\u011f\u0131 ayr\u0131l\u0131k, hep s\u00f6zde kalan bir gitme bahsi, d\u00f6k\u00fcld\u00fc\u011f\u00fc y\u00fcz\u00fc yosun gibi sar\u0131p perdeleyen z\u00fcl\u00fcf, y\u0131k\u0131lan y\u0131ld\u0131z ekme hayali, davetsiz bir konuk olarak \u00f6n\u00fcnde durulan kap\u0131 olur bazen. Iss\u0131z bir soka\u011f\u0131 en iyi o soka\u011f\u0131 \u00e7evreleyen duvarlar anlatmaz m\u0131, t\u00fcrl\u00fc t\u00fcrl\u00fc seslerle inleyen bir soka\u011f\u0131n olanca heng\u00e2mesini de yine en iyi oradaki duvarlar hapsetmez mi? \u00d6yleyse o duvar; duygusu, fikri bast\u0131r\u0131l\u0131p t\u00fcketilmi\u015f, devrimcileri say\u0131ca bol ama devrimi yok halk neden olmas\u0131n! B\u00f6yle bir halka ra\u011fmen, o halk ad\u0131na meydanlara \u00e7\u0131km\u0131\u015f, bedelini a\u011f\u0131r \u00f6demenin hayal k\u0131r\u0131kl\u0131\u011f\u0131 i\u00e7indeki bir militan da elbette k\u0131rg\u0131n ve k\u0131zg\u0131n olacak; kendini de halk\u0131n\u0131 da yeniden tan\u0131mlay\u0131p konumland\u0131rmak isteyecektir! Son b\u00f6l\u00fcmde, kendisi ve yak\u0131n \u00e7evresiyle ilgilidir \u015fair. \u00c7ocuklu\u011funa, gen\u00e7li\u011finin \u201cbal gibi delilik\u201dlerine ge\u00e7er, sevdi\u011fine ve o\u011fluna (gelece\u011fe) seslenir. <\/p>\n","protected":false},"excerpt":{"rendered":"<p>Her y\u00fcz kendince bir duvard\u0131r \u0130nsanlara dair her \u015feylerini y\u00fczlerinde toplamak ve kar\u015f\u0131 kar\u015f\u0131ya kald\u0131\u011f\u0131 o her bir y\u00fcz\u00fc, \u2018duvar\u2019 olarak tan\u0131mlamak! Okur, \u201cy\u00fcz\u00fcn\u00fcz kar\u015f\u0131 duvar\u201d<span class=\"excerpt-hellip\"> [\u2026]<\/span><\/p>\n","protected":false},"featured_media":0,"template":"","meta":{"_monsterinsights_skip_tracking":false,"_monsterinsights_sitenote_active":false,"_monsterinsights_sitenote_note":"","_monsterinsights_sitenote_category":0},"product_brand":[],"product_cat":[12291,12509],"product_tag":[],"class_list":{"0":"post-749153","1":"product","2":"type-product","3":"status-publish","5":"product_cat-edebiyat","6":"product_cat-siir","7":"pa_cilt-ciltsiz","8":"pa_tur-kitap","9":"pa_yayinevi-utopya-yayinevi","10":"pa_yazar-huseyin-a-simsek","12":"first","13":"instock","14":"sale","15":"shipping-taxable","16":"purchasable","17":"product-type-simple"},"_links":{"self":[{"href":"https:\/\/roveyayinevi.com.tr\/index.php\/wp-json\/wp\/v2\/product\/749153","targetHints":{"allow":["GET"]}}],"collection":[{"href":"https:\/\/roveyayinevi.com.tr\/index.php\/wp-json\/wp\/v2\/product"}],"about":[{"href":"https:\/\/roveyayinevi.com.tr\/index.php\/wp-json\/wp\/v2\/types\/product"}],"wp:attachment":[{"href":"https:\/\/roveyayinevi.com.tr\/index.php\/wp-json\/wp\/v2\/media?parent=749153"}],"wp:term":[{"taxonomy":"product_brand","embeddable":true,"href":"https:\/\/roveyayinevi.com.tr\/index.php\/wp-json\/wp\/v2\/product_brand?post=749153"},{"taxonomy":"product_cat","embeddable":true,"href":"https:\/\/roveyayinevi.com.tr\/index.php\/wp-json\/wp\/v2\/product_cat?post=749153"},{"taxonomy":"product_tag","embeddable":true,"href":"https:\/\/roveyayinevi.com.tr\/index.php\/wp-json\/wp\/v2\/product_tag?post=749153"}],"curies":[{"name":"wp","href":"https:\/\/api.w.org\/{rel}","templated":true}]}}