{"id":749149,"date":"2025-08-28T03:48:32","date_gmt":"2025-08-28T00:48:32","guid":{"rendered":"https:\/\/roveyayinevi.com.tr\/index.php\/urun\/buyuk-futbol-maci-futbol-sihirbazi-kaptan-fellini-1\/"},"modified":"2026-04-11T03:10:37","modified_gmt":"2026-04-11T00:10:37","slug":"buyuk-futbol-maci-futbol-sihirbazi-kaptan-fellini-1","status":"publish","type":"product","link":"https:\/\/roveyayinevi.com.tr\/index.php\/urun\/buyuk-futbol-maci-futbol-sihirbazi-kaptan-fellini-1\/","title":{"rendered":"B\u00fcy\u00fck Futbol Ma\u00e7\u0131 &#8211; Futbol Sihirbaz\u0131 Kaptan Fellini 1"},"content":{"rendered":"<p>Fellini futbol tutkunu, \u00e7ok yetenekli bir \u00e7ocuk\u2026 Sahadayken onu izleyenleri kendine hayran b\u0131rak\u0131yor. Hem oynad\u0131\u011f\u0131 ma\u00e7larda hem de zorluklarla dolu hayat\u0131nda hi\u00e7 y\u0131lmadan m\u00fccadele ediyor. Zaferleri kadar yenilgileriyle de b\u00fcy\u00fcyen, tak\u0131m\u0131n\u0131n omuzlad\u0131\u011f\u0131 bir kaptan o\u2026T\u00fcm rakiplerine meydan okuyan Kaptan Fellini\u2019nin d\u00fcnya \u00e7ap\u0131nda bir oyuncu olmak i\u00e7in at\u0131ld\u0131\u011f\u0131 bu ser\u00fcvene sen de kat\u0131l! Haydi, d\u00fcd\u00fc\u011f\u00fcn sesi duyuldu bile!<\/p>\n","protected":false},"excerpt":{"rendered":"<p>Fellini futbol tutkunu, \u00e7ok yetenekli bir \u00e7ocuk\u2026 Sahadayken onu izleyenleri kendine hayran b\u0131rak\u0131yor. Hem oynad\u0131\u011f\u0131 ma\u00e7larda hem de zorluklarla dolu hayat\u0131nda hi\u00e7 y\u0131lmadan m\u00fccadele ediyor. Zaferleri<span class=\"excerpt-hellip\"> [\u2026]<\/span><\/p>\n","protected":false},"featured_media":0,"template":"","meta":{"_monsterinsights_skip_tracking":false,"_monsterinsights_sitenote_active":false,"_monsterinsights_sitenote_note":"","_monsterinsights_sitenote_category":0},"product_brand":[],"product_cat":[12274,12284],"product_tag":[],"class_list":{"0":"post-749149","1":"product","2":"type-product","3":"status-publish","5":"product_cat-cocuk-ve-genclik-kitaplari","6":"product_cat-hikayeler","7":"pa_cilt-ciltsiz","8":"pa_tur-kitap","9":"pa_yayinevi-profil-kitap","10":"pa_yazar-sebnem-piskin","12":"first","13":"instock","14":"sale","15":"shipping-taxable","16":"purchasable","17":"product-type-simple"},"_links":{"self":[{"href":"https:\/\/roveyayinevi.com.tr\/index.php\/wp-json\/wp\/v2\/product\/749149","targetHints":{"allow":["GET"]}}],"collection":[{"href":"https:\/\/roveyayinevi.com.tr\/index.php\/wp-json\/wp\/v2\/product"}],"about":[{"href":"https:\/\/roveyayinevi.com.tr\/index.php\/wp-json\/wp\/v2\/types\/product"}],"wp:attachment":[{"href":"https:\/\/roveyayinevi.com.tr\/index.php\/wp-json\/wp\/v2\/media?parent=749149"}],"wp:term":[{"taxonomy":"product_brand","embeddable":true,"href":"https:\/\/roveyayinevi.com.tr\/index.php\/wp-json\/wp\/v2\/product_brand?post=749149"},{"taxonomy":"product_cat","embeddable":true,"href":"https:\/\/roveyayinevi.com.tr\/index.php\/wp-json\/wp\/v2\/product_cat?post=749149"},{"taxonomy":"product_tag","embeddable":true,"href":"https:\/\/roveyayinevi.com.tr\/index.php\/wp-json\/wp\/v2\/product_tag?post=749149"}],"curies":[{"name":"wp","href":"https:\/\/api.w.org\/{rel}","templated":true}]}}