{"id":749148,"date":"2025-08-28T03:48:30","date_gmt":"2025-08-28T00:48:30","guid":{"rendered":"https:\/\/roveyayinevi.com.tr\/index.php\/urun\/matematigin-buyusu-bilim-gezginleri-serisi-2\/"},"modified":"2026-04-16T03:01:45","modified_gmt":"2026-04-16T00:01:45","slug":"matematigin-buyusu-bilim-gezginleri-serisi-2","status":"publish","type":"product","link":"https:\/\/roveyayinevi.com.tr\/index.php\/urun\/matematigin-buyusu-bilim-gezginleri-serisi-2\/","title":{"rendered":"Matemati\u011fin B\u00fcy\u00fcs\u00fc &#8211; Bilim Gezginleri Serisi-2"},"content":{"rendered":"<p>Prof. Dr. Mehmet Sa\u011fba\u015f ile matemati\u011fin b\u00fcy\u00fcl\u00fc d\u00fcnyas\u0131n\u0131 ke\u015ffetmeye haz\u0131r m\u0131s\u0131n\u0131z? Robotik biliminin kurucusu Cezeri, Melike\u2019ye el yazmas\u0131, eski bir kitap verir. Merak\u0131na yenik d\u00fc\u015fen Melike, bu kitaptaki \u015fifreleri \u00e7\u00f6zmek \u00fczere zaman yolculu\u011fuyla g\u00fcn\u00fcm\u00fcze gelir ve kitapta ad\u0131 ge\u00e7en Gen\u00e7lik \u00c7e\u015fmesi\u2019ni bulmak i\u00e7in Mert\u2019ten yard\u0131m ister. \u00d6klid, Da Vinci, Alan Turing gibi \u00fcnl\u00fc bilginlerin ya\u015fad\u0131klar\u0131 zamanlara  giderek \u015fifreleri \u00e7\u00f6zmeye koyulurlar. Melike ve Mert\u2019in heyecan dolu maceras\u0131na e\u015flik ederken matemati\u011fin b\u00fcy\u00fcl\u00fc d\u00fcnyas\u0131na yelken a\u00e7arak say\u0131lar\u0131n gizemini, koordinat sistemlerini, algoritma ve programlamay\u0131, yapay zek\u00e2y\u0131, \u015fifrelemeyi, siber g\u00fcvenli\u011fi ve daha pek \u00e7ok \u015feyi ke\u015ffedeceksiniz. Bilim ve macera dolu bir hik\u00e2ye sizi bekliyor! <\/p>\n","protected":false},"excerpt":{"rendered":"<p>Prof. Dr. Mehmet Sa\u011fba\u015f ile matemati\u011fin b\u00fcy\u00fcl\u00fc d\u00fcnyas\u0131n\u0131 ke\u015ffetmeye haz\u0131r m\u0131s\u0131n\u0131z? Robotik biliminin kurucusu Cezeri, Melike\u2019ye el yazmas\u0131, eski bir kitap verir. Merak\u0131na yenik d\u00fc\u015fen Melike,<span class=\"excerpt-hellip\"> [\u2026]<\/span><\/p>\n","protected":false},"featured_media":0,"template":"","meta":{"_monsterinsights_skip_tracking":false,"_monsterinsights_sitenote_active":false,"_monsterinsights_sitenote_note":"","_monsterinsights_sitenote_category":0},"product_brand":[],"product_cat":[13829,12274],"product_tag":[],"class_list":{"0":"post-749148","1":"product","2":"type-product","3":"status-publish","5":"product_cat-bilimsel-kitaplar","6":"product_cat-cocuk-ve-genclik-kitaplari","7":"pa_cilt-ciltsiz","8":"pa_tur-kitap","9":"pa_yayinevi-beyaz-balina-yayinlari","10":"pa_yazar-mehmet-sagbas","12":"first","13":"instock","14":"sale","15":"shipping-taxable","16":"purchasable","17":"product-type-simple"},"_links":{"self":[{"href":"https:\/\/roveyayinevi.com.tr\/index.php\/wp-json\/wp\/v2\/product\/749148","targetHints":{"allow":["GET"]}}],"collection":[{"href":"https:\/\/roveyayinevi.com.tr\/index.php\/wp-json\/wp\/v2\/product"}],"about":[{"href":"https:\/\/roveyayinevi.com.tr\/index.php\/wp-json\/wp\/v2\/types\/product"}],"wp:attachment":[{"href":"https:\/\/roveyayinevi.com.tr\/index.php\/wp-json\/wp\/v2\/media?parent=749148"}],"wp:term":[{"taxonomy":"product_brand","embeddable":true,"href":"https:\/\/roveyayinevi.com.tr\/index.php\/wp-json\/wp\/v2\/product_brand?post=749148"},{"taxonomy":"product_cat","embeddable":true,"href":"https:\/\/roveyayinevi.com.tr\/index.php\/wp-json\/wp\/v2\/product_cat?post=749148"},{"taxonomy":"product_tag","embeddable":true,"href":"https:\/\/roveyayinevi.com.tr\/index.php\/wp-json\/wp\/v2\/product_tag?post=749148"}],"curies":[{"name":"wp","href":"https:\/\/api.w.org\/{rel}","templated":true}]}}