{"id":749147,"date":"2025-08-28T03:48:29","date_gmt":"2025-08-28T00:48:29","guid":{"rendered":"https:\/\/roveyayinevi.com.tr\/index.php\/urun\/archie-fillerle-konusan-cocuk\/"},"modified":"2026-04-16T03:01:45","modified_gmt":"2026-04-16T00:01:45","slug":"archie-fillerle-konusan-cocuk","status":"publish","type":"product","link":"https:\/\/roveyayinevi.com.tr\/index.php\/urun\/archie-fillerle-konusan-cocuk\/","title":{"rendered":"Archie Fillerle Konu\u015fan \u00c7ocuk"},"content":{"rendered":"<p>Sahibini Bekleyen K\u00f6pek Hachiko kitab\u0131n\u0131n yazar\u0131 Luis Prats Martinez\u2019den, 2020 y\u0131l\u0131nda Carlemany Premi- Okumaya Te\u015fvik \u00d6d\u00fcl\u00fc\u2019ne lay\u0131k g\u00f6r\u00fclen, ola\u011fan\u00fcst\u00fc bir roman. Kenya\u2019da, Cunningham ailesinin \u00e7ay \u00e7iftli\u011finin yak\u0131n\u0131ndaki k\u00f6yde bir fil d\u00fcnyaya gelir. Archie ona Jumbo ad\u0131n\u0131 verir. Jumbo ile Archie aras\u0131nda geli\u015fen dostluk, ikisinin ya\u015fam\u0131n\u0131 derinden etkiler. Yerlilerin, yabanc\u0131 uyruklulara sald\u0131rmas\u0131 \u00fczerine Archie, ailesiyle birlikte Afrika&#8217;y\u0131 terk edip Londra&#8217;ya gitmek zorunda kal\u0131r. B\u00fcy\u00fcy\u00fcp geli\u015fen Jumbo ise s\u00fcr\u00fcs\u00fcn\u00fc kurtarmaya \u00e7al\u0131\u015f\u0131rken avc\u0131lar taraf\u0131ndan yakalan\u0131r, g\u00fcnler sonra g\u00f6zlerini Londra\u2019daki bir sirkte a\u00e7ar&#8230; <\/p>\n","protected":false},"excerpt":{"rendered":"<p>Sahibini Bekleyen K\u00f6pek Hachiko kitab\u0131n\u0131n yazar\u0131 Luis Prats Martinez\u2019den, 2020 y\u0131l\u0131nda Carlemany Premi- Okumaya Te\u015fvik \u00d6d\u00fcl\u00fc\u2019ne lay\u0131k g\u00f6r\u00fclen, ola\u011fan\u00fcst\u00fc bir roman. Kenya\u2019da, Cunningham ailesinin \u00e7ay \u00e7iftli\u011finin<span class=\"excerpt-hellip\"> [\u2026]<\/span><\/p>\n","protected":false},"featured_media":0,"template":"","meta":{"_monsterinsights_skip_tracking":false,"_monsterinsights_sitenote_active":false,"_monsterinsights_sitenote_note":"","_monsterinsights_sitenote_category":0},"product_brand":[],"product_cat":[12291,18202],"product_tag":[],"class_list":{"0":"post-749147","1":"product","2":"type-product","3":"status-publish","5":"product_cat-edebiyat","6":"product_cat-hikaye","7":"pa_cilt-ciltsiz","8":"pa_tur-kitap","9":"pa_yayinevi-beyaz-balina-yayinlari","10":"pa_yazar-luis-prats-martinez","12":"first","13":"instock","14":"sale","15":"shipping-taxable","16":"purchasable","17":"product-type-simple"},"_links":{"self":[{"href":"https:\/\/roveyayinevi.com.tr\/index.php\/wp-json\/wp\/v2\/product\/749147","targetHints":{"allow":["GET"]}}],"collection":[{"href":"https:\/\/roveyayinevi.com.tr\/index.php\/wp-json\/wp\/v2\/product"}],"about":[{"href":"https:\/\/roveyayinevi.com.tr\/index.php\/wp-json\/wp\/v2\/types\/product"}],"wp:attachment":[{"href":"https:\/\/roveyayinevi.com.tr\/index.php\/wp-json\/wp\/v2\/media?parent=749147"}],"wp:term":[{"taxonomy":"product_brand","embeddable":true,"href":"https:\/\/roveyayinevi.com.tr\/index.php\/wp-json\/wp\/v2\/product_brand?post=749147"},{"taxonomy":"product_cat","embeddable":true,"href":"https:\/\/roveyayinevi.com.tr\/index.php\/wp-json\/wp\/v2\/product_cat?post=749147"},{"taxonomy":"product_tag","embeddable":true,"href":"https:\/\/roveyayinevi.com.tr\/index.php\/wp-json\/wp\/v2\/product_tag?post=749147"}],"curies":[{"name":"wp","href":"https:\/\/api.w.org\/{rel}","templated":true}]}}