{"id":749137,"date":"2025-08-28T03:48:16","date_gmt":"2025-08-28T00:48:16","guid":{"rendered":"https:\/\/roveyayinevi.com.tr\/index.php\/urun\/tevhidin-karakteri\/"},"modified":"2026-04-16T03:01:45","modified_gmt":"2026-04-16T00:01:45","slug":"tevhidin-karakteri","status":"publish","type":"product","link":"https:\/\/roveyayinevi.com.tr\/index.php\/urun\/tevhidin-karakteri\/","title":{"rendered":"Tevhidin Karakteri"},"content":{"rendered":"<p>\u00c2lemin\/evrenin\/tek\u00e2m\u00fcl\u00fcn d\u00fczeni z\u0131tl\u0131klar\u0131n varl\u0131\u011f\u0131 \u00fczerine kurulmu\u015ftur ve tevhid ile \u015firk de bu d\u00fczenin temel iki de\u011fi\u015fmezidir. Varl\u0131k ve olu\u015fun yarat\u0131c\u0131 prensibine ters d\u00fc\u015fmek anlam\u0131na gelen \u015firk, insan\u0131 desteksiz, yolsuz ve y\u00f6ns\u00fcz b\u0131rak\u0131r. B\u00f6ylece Allah ile ba\u011f\u0131 kopan insan\u0131n varl\u0131kla kayna\u015fmas\u0131, olu\u015fun ahengiyle bulu\u015fmas\u0131 imk\u00e2ns\u0131zla\u015f\u0131r. Zira \u015firk, Allah\u2019a \u00f6zg\u00fc nitelikleri\/s\u0131fatlar\u0131 yarat\u0131lm\u0131\u015flara vererek olu\u015fun yolunu t\u0131kamakta ve varolu\u015f zevkini zedelemektedir. Tevhidin esas\u0131 olan illallah, \u00f6nce l\u00e2 il\u00e2he ile \u015firk unsurlar\u0131n\u0131n reddini gerekli k\u0131lar. B\u00fct\u00fcn peygamberlerin hedefi, \u015firki insan hayat\u0131ndan kovmak olmu\u015ftur. Kur\u2019\u00e2n ve Hz. Peygamber\u2019in, insan hayat\u0131ndan s\u00f6k\u00fcp atmaya \u00e7al\u0131\u015ft\u0131klar\u0131 en b\u00fcy\u00fck g\u00fcnah \u015firktir. Hz. Musa varsa Firavun, Hz. \u0130brahim varsa Nemrud ve Hz. Muhammed varsa Eb\u00fb Cehil de olacakt\u0131r. Bu nedenle tevhidin temsilcisi olan peygamberler kadar \u015firkin temsilcilerini de tan\u0131mak \u00f6nemlidir. \u00c7\u00fcnk\u00fc isimleri ve y\u00f6ntemleri de\u011fi\u015fse de \u015firk odaklar\u0131 her \u00e7a\u011fda faaliyetlerini kesintisiz s\u00fcrd\u00fcrmektedirler. <\/p>\n","protected":false},"excerpt":{"rendered":"<p>\u00c2lemin\/evrenin\/tek\u00e2m\u00fcl\u00fcn d\u00fczeni z\u0131tl\u0131klar\u0131n varl\u0131\u011f\u0131 \u00fczerine kurulmu\u015ftur ve tevhid ile \u015firk de bu d\u00fczenin temel iki de\u011fi\u015fmezidir. Varl\u0131k ve olu\u015fun yarat\u0131c\u0131 prensibine ters d\u00fc\u015fmek anlam\u0131na gelen \u015firk,<span class=\"excerpt-hellip\"> [\u2026]<\/span><\/p>\n","protected":false},"featured_media":0,"template":"","meta":{"_monsterinsights_skip_tracking":false,"_monsterinsights_sitenote_active":false,"_monsterinsights_sitenote_note":"","_monsterinsights_sitenote_category":0},"product_brand":[],"product_cat":[12718,12719],"product_tag":[],"class_list":{"0":"post-749137","1":"product","2":"type-product","3":"status-publish","5":"product_cat-din","6":"product_cat-islam","7":"pa_cilt-ciltsiz","8":"pa_tur-kitap","9":"pa_yayinevi-ketebe-yayinlari","10":"pa_yazar-necmettin-sahinler","12":"first","13":"instock","14":"sale","15":"shipping-taxable","16":"purchasable","17":"product-type-simple"},"_links":{"self":[{"href":"https:\/\/roveyayinevi.com.tr\/index.php\/wp-json\/wp\/v2\/product\/749137","targetHints":{"allow":["GET"]}}],"collection":[{"href":"https:\/\/roveyayinevi.com.tr\/index.php\/wp-json\/wp\/v2\/product"}],"about":[{"href":"https:\/\/roveyayinevi.com.tr\/index.php\/wp-json\/wp\/v2\/types\/product"}],"wp:attachment":[{"href":"https:\/\/roveyayinevi.com.tr\/index.php\/wp-json\/wp\/v2\/media?parent=749137"}],"wp:term":[{"taxonomy":"product_brand","embeddable":true,"href":"https:\/\/roveyayinevi.com.tr\/index.php\/wp-json\/wp\/v2\/product_brand?post=749137"},{"taxonomy":"product_cat","embeddable":true,"href":"https:\/\/roveyayinevi.com.tr\/index.php\/wp-json\/wp\/v2\/product_cat?post=749137"},{"taxonomy":"product_tag","embeddable":true,"href":"https:\/\/roveyayinevi.com.tr\/index.php\/wp-json\/wp\/v2\/product_tag?post=749137"}],"curies":[{"name":"wp","href":"https:\/\/api.w.org\/{rel}","templated":true}]}}