{"id":749135,"date":"2025-08-28T03:48:13","date_gmt":"2025-08-28T00:48:13","guid":{"rendered":"https:\/\/roveyayinevi.com.tr\/index.php\/urun\/sozler-ve-izler\/"},"modified":"2026-04-16T03:01:45","modified_gmt":"2026-04-16T00:01:45","slug":"sozler-ve-izler","status":"publish","type":"product","link":"https:\/\/roveyayinevi.com.tr\/index.php\/urun\/sozler-ve-izler\/","title":{"rendered":"S\u00f6zler ve \u0130zler"},"content":{"rendered":"<p>Kaybolmu\u015fluk, kendisi olamamak, kompleks&#8230; S\u00f6zler ve \u0130zler, vahim bir sorunumuzu masaya yat\u0131r\u0131yor: Ki\u015filik sorunu, yani kendisi olmay\u0131 \u00f6nemli, de\u011ferli ve yeterli g\u00f6rmemek. Bu yaz\u0131lar, m\u00fczikten mimariye, siyasetten ekonomiye, soyad\u0131 skandal\u0131ndan yanl\u0131\u015f kullan\u0131lan kavramlara kadar bir\u00e7ok konuda kan\u0131ksad\u0131\u011f\u0131m\u0131z yanl\u0131\u015flar\u0131 g\u00f6steren uyar\u0131 tabelalar\u0131 gibi. Sava\u015f \u015e. Bark\u00e7in, kan\u0131ksad\u0131\u011f\u0131m\u0131z yanl\u0131\u015flar\u0131n derinine n\u00fcfuz edip kavramlar\u0131 etimolojik k\u00f6kenlerinden yola \u00e7\u0131karak incelikli bir i\u015f\u00e7ilikle \u00f6n\u00fcm\u00fcze seriyor. Bu yanl\u0131\u015flar\u0131 tespit ederken kimi zaman da \u00e7\u00f6z\u00fcm yollar\u0131 teklif ediyor. Ama hepsinde amac\u0131 her kesimde, her konuda, her i\u015fte yayg\u0131n olan a\u015fa\u011f\u0131l\u0131k kompleksine dikkat \u00e7ekmek&#8230;   \u201cBiliyorsunuz kel\u00e2m kelimesi kelm k\u00f6k\u00fcnden gelir. Bu ise yaralamak, iz b\u0131rakmak demektir. Her s\u00f6z bir iz b\u0131rak\u0131r. Biz de bu kitab\u0131n ad\u0131n\u0131 S\u00f6zler ve \u0130zler koyduk. Gayemiz \u015fu birka\u00e7 eksik s\u00f6z\u00fcm\u00fcz\u00fcn sizin kalbinizde, akl\u0131n\u0131zda ve zihninizde do\u011fru, iyi ve g\u00fczel izler b\u0131rakmas\u0131d\u0131r.\u201d<\/p>\n","protected":false},"excerpt":{"rendered":"<p>Kaybolmu\u015fluk, kendisi olamamak, kompleks&#8230; S\u00f6zler ve \u0130zler, vahim bir sorunumuzu masaya yat\u0131r\u0131yor: Ki\u015filik sorunu, yani kendisi olmay\u0131 \u00f6nemli, de\u011ferli ve yeterli g\u00f6rmemek. Bu yaz\u0131lar, m\u00fczikten mimariye,<span class=\"excerpt-hellip\"> [\u2026]<\/span><\/p>\n","protected":false},"featured_media":0,"template":"","meta":{"_monsterinsights_skip_tracking":false,"_monsterinsights_sitenote_active":false,"_monsterinsights_sitenote_note":"","_monsterinsights_sitenote_category":0},"product_brand":[],"product_cat":[13072,12291],"product_tag":[],"class_list":{"0":"post-749135","1":"product","2":"type-product","3":"status-publish","5":"product_cat-arastirma-inceleme-referans","6":"product_cat-edebiyat","7":"pa_cilt-ciltsiz","8":"pa_tur-kitap","9":"pa_yayinevi-ketebe-yayinlari","10":"pa_yazar-savas-s-barkcin","12":"first","13":"instock","14":"sale","15":"shipping-taxable","16":"purchasable","17":"product-type-simple"},"_links":{"self":[{"href":"https:\/\/roveyayinevi.com.tr\/index.php\/wp-json\/wp\/v2\/product\/749135","targetHints":{"allow":["GET"]}}],"collection":[{"href":"https:\/\/roveyayinevi.com.tr\/index.php\/wp-json\/wp\/v2\/product"}],"about":[{"href":"https:\/\/roveyayinevi.com.tr\/index.php\/wp-json\/wp\/v2\/types\/product"}],"wp:attachment":[{"href":"https:\/\/roveyayinevi.com.tr\/index.php\/wp-json\/wp\/v2\/media?parent=749135"}],"wp:term":[{"taxonomy":"product_brand","embeddable":true,"href":"https:\/\/roveyayinevi.com.tr\/index.php\/wp-json\/wp\/v2\/product_brand?post=749135"},{"taxonomy":"product_cat","embeddable":true,"href":"https:\/\/roveyayinevi.com.tr\/index.php\/wp-json\/wp\/v2\/product_cat?post=749135"},{"taxonomy":"product_tag","embeddable":true,"href":"https:\/\/roveyayinevi.com.tr\/index.php\/wp-json\/wp\/v2\/product_tag?post=749135"}],"curies":[{"name":"wp","href":"https:\/\/api.w.org\/{rel}","templated":true}]}}