{"id":749131,"date":"2025-08-28T03:48:08","date_gmt":"2025-08-28T00:48:08","guid":{"rendered":"https:\/\/roveyayinevi.com.tr\/index.php\/urun\/mihne\/"},"modified":"2026-04-16T03:01:45","modified_gmt":"2026-04-16T00:01:45","slug":"mihne","status":"publish","type":"product","link":"https:\/\/roveyayinevi.com.tr\/index.php\/urun\/mihne\/","title":{"rendered":"Mihne"},"content":{"rendered":"<p>Tasavvuf ehli, \u0130slam tarihi boyunca kimi zaman siyasi, kimi zaman ise toplumsal olaylar gerek\u00e7e g\u00f6sterilerek bask\u0131 alt\u0131nda tutulmu\u015f, bir\u00e7ok \u00f6rnekte g\u00f6r\u00fclece\u011fi \u00fczere, \u00f6l\u00fcmle sonu\u00e7lanan zul\u00fcmlere maruz kalm\u0131\u015ft\u0131r. Bu bask\u0131 nedeniyle kimi tarikatler ve s\u00fbf\u00eeler toplant\u0131 ve sohbetlerini gizliden yapm\u0131\u015f, kimisi ise faaliyetlerine a\u00e7\u0131ktan devam etmi\u015f, iftiralara maruz kalm\u0131\u015f, memleketinden s\u00fcr\u00fclm\u00fc\u015ft\u00fcr. Tasavvuf ehline kar\u015f\u0131 bu tutum ve olaylar ise \u0130slam tarihine \u201cmihne olaylar\u0131\u201d olarak ge\u00e7mi\u015ftir. Himmet Konur\u2019un Mihne adl\u0131 bu eseri \u00f6zellikle hicr\u00ee III. ve IV. as\u0131rlarda s\u0131k\u0131nt\u0131 ve zulme maruz kalan s\u00fbf\u00eelere de\u011finirken, referans ald\u0131\u011f\u0131 birincil kaynaklarla ve meseleyi derli toplu bir bi\u00e7imde ele almas\u0131yla bir ba\u015fucu eseri olma \u00f6zelli\u011fi ta\u015f\u0131yor. <\/p>\n","protected":false},"excerpt":{"rendered":"<p>Tasavvuf ehli, \u0130slam tarihi boyunca kimi zaman siyasi, kimi zaman ise toplumsal olaylar gerek\u00e7e g\u00f6sterilerek bask\u0131 alt\u0131nda tutulmu\u015f, bir\u00e7ok \u00f6rnekte g\u00f6r\u00fclece\u011fi \u00fczere, \u00f6l\u00fcmle sonu\u00e7lanan zul\u00fcmlere maruz<span class=\"excerpt-hellip\"> [\u2026]<\/span><\/p>\n","protected":false},"featured_media":0,"template":"","meta":{"_monsterinsights_skip_tracking":false,"_monsterinsights_sitenote_active":false,"_monsterinsights_sitenote_note":"","_monsterinsights_sitenote_category":0},"product_brand":[],"product_cat":[12718,12719,15238],"product_tag":[],"class_list":{"0":"post-749131","1":"product","2":"type-product","3":"status-publish","5":"product_cat-din","6":"product_cat-islam","7":"product_cat-tasavvuf","8":"pa_cilt-ciltsiz","9":"pa_tur-kitap","10":"pa_yayinevi-ketebe-yayinlari","11":"pa_yazar-himmet-konur","13":"first","14":"instock","15":"sale","16":"shipping-taxable","17":"purchasable","18":"product-type-simple"},"_links":{"self":[{"href":"https:\/\/roveyayinevi.com.tr\/index.php\/wp-json\/wp\/v2\/product\/749131","targetHints":{"allow":["GET"]}}],"collection":[{"href":"https:\/\/roveyayinevi.com.tr\/index.php\/wp-json\/wp\/v2\/product"}],"about":[{"href":"https:\/\/roveyayinevi.com.tr\/index.php\/wp-json\/wp\/v2\/types\/product"}],"wp:attachment":[{"href":"https:\/\/roveyayinevi.com.tr\/index.php\/wp-json\/wp\/v2\/media?parent=749131"}],"wp:term":[{"taxonomy":"product_brand","embeddable":true,"href":"https:\/\/roveyayinevi.com.tr\/index.php\/wp-json\/wp\/v2\/product_brand?post=749131"},{"taxonomy":"product_cat","embeddable":true,"href":"https:\/\/roveyayinevi.com.tr\/index.php\/wp-json\/wp\/v2\/product_cat?post=749131"},{"taxonomy":"product_tag","embeddable":true,"href":"https:\/\/roveyayinevi.com.tr\/index.php\/wp-json\/wp\/v2\/product_tag?post=749131"}],"curies":[{"name":"wp","href":"https:\/\/api.w.org\/{rel}","templated":true}]}}