{"id":749130,"date":"2025-08-28T03:48:06","date_gmt":"2025-08-28T00:48:06","guid":{"rendered":"https:\/\/roveyayinevi.com.tr\/index.php\/urun\/kilagi-ciltli\/"},"modified":"2026-04-16T03:01:45","modified_gmt":"2026-04-16T00:01:45","slug":"kilagi-ciltli","status":"publish","type":"product","link":"https:\/\/roveyayinevi.com.tr\/index.php\/urun\/kilagi-ciltli\/","title":{"rendered":"K\u0131la\u011f\u0131 (Ciltli)"},"content":{"rendered":"<p>Hasan Ayc\u0131n\u2019\u0131n, insan seru\u0308veninden beslenen \u00e7izgileri, kaynak bak\u0131m\u0131ndan orijinal; hareket, durgunluk, \u0131\u015f\u0131kla g\u00f6lgenin yans\u0131t\u0131m\u0131, \u00e7izgisel softluk gibi teknik kurulu\u015f bak\u0131m\u0131ndan da \u00f6zneldir. Onun bilincindeki simgeler, ilk insandan bugu\u0308ne at\u0131lan k\u00f6pru\u0308ler; geni\u015f bir zaman dilimine yay\u0131lm\u0131\u015f engin kaynaklard\u0131r. \u00d6mer Lekesiz   Sanat, Hasan Ayc\u0131n i\u00e7in, ya\u015famakt\u0131r. Sanat\u0131yla ya\u015famakt\u0131r ama bu durum sanat\u0131n ulvile\u015ftirilmesi de\u011fil, sanattan medet ve himmet ummak de\u011fil, sanat\u0131 her \u015feyin \u00f6nu\u0308ne koymak da de\u011fildir. Sanat sadece anlamak ve anlatmaktan ibarettir; salt meselelerle birlikte yu\u0308ru\u0308yebilme imk\u00e2n\u0131 veren bir asa hu\u0308kmu\u0308ndedir. Mete \u00c7amdereli   Hasan Ayc\u0131n\u2019\u0131n, insan\u0131 zorunlu olmad\u0131k\u00e7a \u00e7\u0131plak, yal\u0131n, basit olarak \u00e7izmesi, insana yu\u0308klenen bir\u00e7ok ideolojik, ku\u0308ltu\u0308rel, tarihsel yu\u0308klerden ar\u0131nd\u0131rma gayretinin bir sonucudur. \u0130nsan kendisiyle, \u00f6tekiyle ve e\u015fyayla belli bir ku\u0308ltu\u0308rel \u00e7er\u00e7evenin i\u00e7inden temas kurar. Verili bir dil bu temas\u0131n bi\u00e7imini de belirler. Bu yu\u0308zden Ayc\u0131n, insan\u0131 soyarak kendiyle, f\u0131trat\u0131yla ba\u015f ba\u015fa b\u0131rakmay\u0131 dener. \u0130nsan soyunduk\u00e7a, yal\u0131nla\u015ft\u0131k\u00e7a, basitle\u015ftik\u00e7e kendiyle, onu o yapan \u00f6zle, hakikatle ba\u015f ba\u015fa, yu\u0308z yu\u0308ze kalacakt\u0131r. Cemal \u015eakar<\/p>\n","protected":false},"excerpt":{"rendered":"<p>Hasan Ayc\u0131n\u2019\u0131n, insan seru\u0308veninden beslenen \u00e7izgileri, kaynak bak\u0131m\u0131ndan orijinal; hareket, durgunluk, \u0131\u015f\u0131kla g\u00f6lgenin yans\u0131t\u0131m\u0131, \u00e7izgisel softluk gibi teknik kurulu\u015f bak\u0131m\u0131ndan da \u00f6zneldir. Onun bilincindeki simgeler, ilk<span class=\"excerpt-hellip\"> [\u2026]<\/span><\/p>\n","protected":false},"featured_media":0,"template":"","meta":{"_monsterinsights_skip_tracking":false,"_monsterinsights_sitenote_active":false,"_monsterinsights_sitenote_note":"","_monsterinsights_sitenote_category":0},"product_brand":[],"product_cat":[18545,12291],"product_tag":[],"class_list":{"0":"post-749130","1":"product","2":"type-product","3":"status-publish","5":"product_cat-anlati","6":"product_cat-edebiyat","7":"pa_cilt-ciltli","8":"pa_tur-kitap","9":"pa_yayinevi-ketebe-yayinlari","10":"pa_yazar-hasan-aycin","12":"first","13":"instock","14":"sale","15":"shipping-taxable","16":"purchasable","17":"product-type-simple"},"_links":{"self":[{"href":"https:\/\/roveyayinevi.com.tr\/index.php\/wp-json\/wp\/v2\/product\/749130","targetHints":{"allow":["GET"]}}],"collection":[{"href":"https:\/\/roveyayinevi.com.tr\/index.php\/wp-json\/wp\/v2\/product"}],"about":[{"href":"https:\/\/roveyayinevi.com.tr\/index.php\/wp-json\/wp\/v2\/types\/product"}],"wp:attachment":[{"href":"https:\/\/roveyayinevi.com.tr\/index.php\/wp-json\/wp\/v2\/media?parent=749130"}],"wp:term":[{"taxonomy":"product_brand","embeddable":true,"href":"https:\/\/roveyayinevi.com.tr\/index.php\/wp-json\/wp\/v2\/product_brand?post=749130"},{"taxonomy":"product_cat","embeddable":true,"href":"https:\/\/roveyayinevi.com.tr\/index.php\/wp-json\/wp\/v2\/product_cat?post=749130"},{"taxonomy":"product_tag","embeddable":true,"href":"https:\/\/roveyayinevi.com.tr\/index.php\/wp-json\/wp\/v2\/product_tag?post=749130"}],"curies":[{"name":"wp","href":"https:\/\/api.w.org\/{rel}","templated":true}]}}