{"id":749129,"date":"2025-08-28T03:48:05","date_gmt":"2025-08-28T00:48:05","guid":{"rendered":"https:\/\/roveyayinevi.com.tr\/index.php\/urun\/filozoflar-ne-ise-yarar\/"},"modified":"2026-04-16T03:01:45","modified_gmt":"2026-04-16T00:01:45","slug":"filozoflar-ne-ise-yarar","status":"publish","type":"product","link":"https:\/\/roveyayinevi.com.tr\/index.php\/urun\/filozoflar-ne-ise-yarar\/","title":{"rendered":"Filozoflar Ne \u0130\u015fe Yarar?"},"content":{"rendered":"<p>Filozoflar Ne \u0130\u015fe Yarar?: Platon\u2019un Politeia Diyalo\u011fu Merkezli Bir Soru\u015fturma, felsefe tarihinin \u00f6nemli diyaloglar\u0131n\u0131 siyasetle ili\u015fkileri kapsam\u0131nda ele al\u0131yor. Kitapta yazar, siyasetin nas\u0131l ve ne bi\u00e7imlerde felsefeye ba\u011fl\u0131 oldu\u011funu, siyaseti ba\u011f\u0131ms\u0131z bir olu\u015fum gibi g\u00f6ren yakla\u015f\u0131mlar\u0131n a\u00e7mazlar\u0131n\u0131 ve siyaseti yeniden felsefeye i\u00e7kin k\u0131lacak bir tavr\u0131n nas\u0131l geli\u015ftirilebilece\u011fini g\u00f6steriyor.   Birinci b\u00f6l\u00fcm Platon diyaloglar\u0131n\u0131n \u00f6nc\u00fcl\u00fc say\u0131labilecek Parmenides\u2019in Peri Phuseus\u2019uyla ba\u015flar ve filozofun\/diyalo\u011fun \u00f6zellikleriyle Platon\u2019unkiler aras\u0131ndaki benzerlikler \u00fczerinde durulur. Ard\u0131ndan Platon\u2019un Sofist, Parmenides ve \u015e\u00f6len diyaloglar\u0131 irdelenerek filozofun d\u00f6neminin siyasi olu\u015fumlar\u0131yla girdi\u011fi hesapla\u015fmalar ve bu siyasi olu\u015fumlar\u0131 d\u00f6n\u00fc\u015ft\u00fcrme yolundaki aray\u0131\u015flar\u0131 anlat\u0131l\u0131r. \u0130kinci b\u00f6l\u00fcmde ise bu aray\u0131\u015flar\u0131n meyvesi denebilecek Polietia\u2019ya odaklan\u0131larak diyalo\u011fun yeni bir okumas\u0131 yap\u0131l\u0131r.   Felsefe ve siyasi faaliyet aras\u0131ndaki ili\u015fkiyi temel alan \u00fc\u00e7\u00fcnc\u00fc b\u00f6l\u00fcm, bu iki kavram\u0131n birbirine g\u00f6re konumlar\u0131n\u0131 anlat\u0131rken, konuyla ili\u015fkili olarak bilge ile filozofun do\u011fas\u0131 ve i\u015flevine y\u00f6nelir, bu ba\u011flamda da adil devletin mahiyetini sorgulan\u0131r. Son b\u00f6l\u00fcm\u00fcn tart\u0131\u015fma konusunu ise Politeia\u2019da bahsi ge\u00e7en bu \u201cadil devlet\u201de inanan kimselerin siyaset sahnesindeki varolu\u015f sorunu olu\u015fturur. Bu b\u00f6l\u00fcmde yazar, Platon\u2019un a\u00e7\u0131klad\u0131\u011f\u0131 felsefe faaliyetinin b\u0131rak\u0131lmas\u0131yla ortaya \u00e7\u0131kan sorunlara de\u011finir, bu sorunlar\u0131n siyaset sahnesinde ne gibi de\u011fi\u015fimlere yol a\u00e7t\u0131\u011f\u0131n\u0131 g\u00f6sterir.   \u201cFilozoflar Ne \u0130\u015fe Yarar?\u201d fikrinden yola \u00e7\u0131kan bu eser, yaln\u0131zca konunun uzmanlar\u0131na ve felsefe severlere hitap etmekle kalm\u0131yor, siyasete ilgi duyan ve g\u00fcn\u00fcm\u00fczdeki siyasi faaliyetlere nas\u0131l yeni bir soluk kat\u0131labilece\u011fini merak eden okurlara da keyifli bir okuma deneyimi v\u00e2dediyor.<\/p>\n","protected":false},"excerpt":{"rendered":"<p>Filozoflar Ne \u0130\u015fe Yarar?: Platon\u2019un Politeia Diyalo\u011fu Merkezli Bir Soru\u015fturma, felsefe tarihinin \u00f6nemli diyaloglar\u0131n\u0131 siyasetle ili\u015fkileri kapsam\u0131nda ele al\u0131yor. Kitapta yazar, siyasetin nas\u0131l ve ne bi\u00e7imlerde<span class=\"excerpt-hellip\"> [\u2026]<\/span><\/p>\n","protected":false},"featured_media":0,"template":"","meta":{"_monsterinsights_skip_tracking":false,"_monsterinsights_sitenote_active":false,"_monsterinsights_sitenote_note":"","_monsterinsights_sitenote_category":0},"product_brand":[],"product_cat":[12388],"product_tag":[],"class_list":{"0":"post-749129","1":"product","2":"type-product","3":"status-publish","5":"product_cat-felsefe","6":"pa_cilt-ciltsiz","7":"pa_tur-kitap","8":"pa_yayinevi-ketebe-yayinlari","9":"pa_yazar-hayyam-celilzade","11":"first","12":"instock","13":"sale","14":"shipping-taxable","15":"purchasable","16":"product-type-simple"},"_links":{"self":[{"href":"https:\/\/roveyayinevi.com.tr\/index.php\/wp-json\/wp\/v2\/product\/749129","targetHints":{"allow":["GET"]}}],"collection":[{"href":"https:\/\/roveyayinevi.com.tr\/index.php\/wp-json\/wp\/v2\/product"}],"about":[{"href":"https:\/\/roveyayinevi.com.tr\/index.php\/wp-json\/wp\/v2\/types\/product"}],"wp:attachment":[{"href":"https:\/\/roveyayinevi.com.tr\/index.php\/wp-json\/wp\/v2\/media?parent=749129"}],"wp:term":[{"taxonomy":"product_brand","embeddable":true,"href":"https:\/\/roveyayinevi.com.tr\/index.php\/wp-json\/wp\/v2\/product_brand?post=749129"},{"taxonomy":"product_cat","embeddable":true,"href":"https:\/\/roveyayinevi.com.tr\/index.php\/wp-json\/wp\/v2\/product_cat?post=749129"},{"taxonomy":"product_tag","embeddable":true,"href":"https:\/\/roveyayinevi.com.tr\/index.php\/wp-json\/wp\/v2\/product_tag?post=749129"}],"curies":[{"name":"wp","href":"https:\/\/api.w.org\/{rel}","templated":true}]}}