{"id":749124,"date":"2025-08-28T03:47:57","date_gmt":"2025-08-28T00:47:57","guid":{"rendered":"https:\/\/roveyayinevi.com.tr\/index.php\/urun\/edebi-bir-metin-olarak-istiklal-marsi\/"},"modified":"2026-04-16T03:01:44","modified_gmt":"2026-04-16T00:01:44","slug":"edebi-bir-metin-olarak-istiklal-marsi","status":"publish","type":"product","link":"https:\/\/roveyayinevi.com.tr\/index.php\/urun\/edebi-bir-metin-olarak-istiklal-marsi\/","title":{"rendered":"Edebi Bir Metin Olarak \u0130stiklal Mar\u015f\u0131"},"content":{"rendered":"<p>\u0130stikl\u00e2l Mar\u015f\u0131; Tu\u0308rk milletinin ebed\u00eeli\u011fini, istikl\u00e2l a\u015fk\u0131n\u0131, Mill\u00ee Mu\u0308cadele\u2019nin ruhunu dile getiren bir metin olmakla beraber, bir\u00e7ok y\u00f6nu\u0308 itibar\u0131yla da edeb\u00ee bir metindir. Bu y\u00f6nu\u0308, y\u0131llardan beri mill\u00ee mar\u015f olmas\u0131 hasebiyle, hep muhtevas\u0131 u\u0308zerinde durularak ve Mill\u00ee Mu\u0308cadele y\u0131llar\u0131 bak\u0131m\u0131nda izah edilerek, ihmal edilmi\u015ftir. \u0130smail Gu\u0308le\u00e7, Edeb\u00ee Bir Metin Olarak \u0130stikl\u00e2l Mar\u015f\u0131 adl\u0131 eserinde \u0130stikl\u00e2l Mar\u015f\u0131\u2019n\u0131 edeb\u00ee y\u00f6nden de\u011ferlendirerek, okuyucuya yeni bir ufuk a\u00e7\u0131yor, bunu yaparken de ulusal mar\u015f\u0131m\u0131z\u0131n g\u00f6z ard\u0131 edilen bir de\u011ferini g\u00f6zler \u00f6nu\u0308ne seriyor. <\/p>\n","protected":false},"excerpt":{"rendered":"<p>\u0130stikl\u00e2l Mar\u015f\u0131; Tu\u0308rk milletinin ebed\u00eeli\u011fini, istikl\u00e2l a\u015fk\u0131n\u0131, Mill\u00ee Mu\u0308cadele\u2019nin ruhunu dile getiren bir metin olmakla beraber, bir\u00e7ok y\u00f6nu\u0308 itibar\u0131yla da edeb\u00ee bir metindir. Bu y\u00f6nu\u0308, y\u0131llardan<span class=\"excerpt-hellip\"> [\u2026]<\/span><\/p>\n","protected":false},"featured_media":0,"template":"","meta":{"_monsterinsights_skip_tracking":false,"_monsterinsights_sitenote_active":false,"_monsterinsights_sitenote_note":"","_monsterinsights_sitenote_category":0},"product_brand":[],"product_cat":[13072,12291],"product_tag":[],"class_list":{"0":"post-749124","1":"product","2":"type-product","3":"status-publish","5":"product_cat-arastirma-inceleme-referans","6":"product_cat-edebiyat","7":"pa_cilt-ciltsiz","8":"pa_tur-kitap","9":"pa_yayinevi-ketebe-yayinlari","10":"pa_yazar-ismail-gulec","12":"first","13":"instock","14":"sale","15":"shipping-taxable","16":"purchasable","17":"product-type-simple"},"_links":{"self":[{"href":"https:\/\/roveyayinevi.com.tr\/index.php\/wp-json\/wp\/v2\/product\/749124","targetHints":{"allow":["GET"]}}],"collection":[{"href":"https:\/\/roveyayinevi.com.tr\/index.php\/wp-json\/wp\/v2\/product"}],"about":[{"href":"https:\/\/roveyayinevi.com.tr\/index.php\/wp-json\/wp\/v2\/types\/product"}],"wp:attachment":[{"href":"https:\/\/roveyayinevi.com.tr\/index.php\/wp-json\/wp\/v2\/media?parent=749124"}],"wp:term":[{"taxonomy":"product_brand","embeddable":true,"href":"https:\/\/roveyayinevi.com.tr\/index.php\/wp-json\/wp\/v2\/product_brand?post=749124"},{"taxonomy":"product_cat","embeddable":true,"href":"https:\/\/roveyayinevi.com.tr\/index.php\/wp-json\/wp\/v2\/product_cat?post=749124"},{"taxonomy":"product_tag","embeddable":true,"href":"https:\/\/roveyayinevi.com.tr\/index.php\/wp-json\/wp\/v2\/product_tag?post=749124"}],"curies":[{"name":"wp","href":"https:\/\/api.w.org\/{rel}","templated":true}]}}