{"id":749114,"date":"2025-08-28T03:47:43","date_gmt":"2025-08-28T00:47:43","guid":{"rendered":"https:\/\/roveyayinevi.com.tr\/index.php\/urun\/yabani-hayvanlar-dokun-ve-hisset\/"},"modified":"2026-04-16T03:01:44","modified_gmt":"2026-04-16T00:01:44","slug":"yabani-hayvanlar-dokun-ve-hisset","status":"publish","type":"product","link":"https:\/\/roveyayinevi.com.tr\/index.php\/urun\/yabani-hayvanlar-dokun-ve-hisset\/","title":{"rendered":"Yabani Hayvanlar &#8211; Dokun ve Hisset"},"content":{"rendered":"<p>\u00c7ocuklar\u0131n\u0131z rengarenk kuma\u015flar sayesinde yabani hayvanlar\u0131n dokular\u0131n\u0131 dokunarak ve hissederek \u00f6\u011frenecek, yabani hayvanlar hakk\u0131ndaki bilgileri resimler e\u015fli\u011finde e\u011flenceli bir \u015fekilde \u00f6\u011frenecekler.<\/p>\n","protected":false},"excerpt":{"rendered":"<p>\u00c7ocuklar\u0131n\u0131z rengarenk kuma\u015flar sayesinde yabani hayvanlar\u0131n dokular\u0131n\u0131 dokunarak ve hissederek \u00f6\u011frenecek, yabani hayvanlar hakk\u0131ndaki bilgileri resimler e\u015fli\u011finde e\u011flenceli bir \u015fekilde \u00f6\u011frenecekler.<\/p>\n","protected":false},"featured_media":0,"template":"","meta":{"_monsterinsights_skip_tracking":false,"_monsterinsights_sitenote_active":false,"_monsterinsights_sitenote_note":"","_monsterinsights_sitenote_category":0},"product_brand":[],"product_cat":[15192,12274],"product_tag":[],"class_list":{"0":"post-749114","1":"product","2":"type-product","3":"status-publish","5":"product_cat-1-3-yas-kitaplari","6":"product_cat-cocuk-ve-genclik-kitaplari","7":"pa_cilt-ciltsiz","8":"pa_tur-kitap","9":"pa_yayinevi-0-6-yas-yayinlari","10":"pa_yazar-kolektif","12":"first","13":"instock","14":"sale","15":"shipping-taxable","16":"purchasable","17":"product-type-simple"},"_links":{"self":[{"href":"https:\/\/roveyayinevi.com.tr\/index.php\/wp-json\/wp\/v2\/product\/749114","targetHints":{"allow":["GET"]}}],"collection":[{"href":"https:\/\/roveyayinevi.com.tr\/index.php\/wp-json\/wp\/v2\/product"}],"about":[{"href":"https:\/\/roveyayinevi.com.tr\/index.php\/wp-json\/wp\/v2\/types\/product"}],"wp:attachment":[{"href":"https:\/\/roveyayinevi.com.tr\/index.php\/wp-json\/wp\/v2\/media?parent=749114"}],"wp:term":[{"taxonomy":"product_brand","embeddable":true,"href":"https:\/\/roveyayinevi.com.tr\/index.php\/wp-json\/wp\/v2\/product_brand?post=749114"},{"taxonomy":"product_cat","embeddable":true,"href":"https:\/\/roveyayinevi.com.tr\/index.php\/wp-json\/wp\/v2\/product_cat?post=749114"},{"taxonomy":"product_tag","embeddable":true,"href":"https:\/\/roveyayinevi.com.tr\/index.php\/wp-json\/wp\/v2\/product_tag?post=749114"}],"curies":[{"name":"wp","href":"https:\/\/api.w.org\/{rel}","templated":true}]}}