{"id":749112,"date":"2025-08-28T03:47:40","date_gmt":"2025-08-28T00:47:40","guid":{"rendered":"https:\/\/roveyayinevi.com.tr\/index.php\/urun\/en-guzel-mavi-ciltli\/"},"modified":"2026-04-16T03:01:44","modified_gmt":"2026-04-16T00:01:44","slug":"en-guzel-mavi-ciltli","status":"publish","type":"product","link":"https:\/\/roveyayinevi.com.tr\/index.php\/urun\/en-guzel-mavi-ciltli\/","title":{"rendered":"En G\u00fczel Mavi (Ciltli)"},"content":{"rendered":"<p>O g\u00fcn ablas\u0131n\u0131n okula ba\u015f\u00f6rt\u00fcs\u00fcyle gidece\u011fi ilk g\u00fcn. K\u00fc\u00e7\u00fck k\u0131z ablas\u0131ndan bile daha heyecanl\u0131. Merakl\u0131 bak\u0131\u015flar\u0131n alt\u0131nda kula\u011f\u0131nda annesinin sesini duyuyor: \u201cBaz\u0131lar\u0131 neden ba\u015f\u00f6rt\u00fcs\u00fc takt\u0131\u011f\u0131n\u0131 anlamayabilir. Neden takt\u0131\u011f\u0131n\u0131 bilirsen, onlar da bir g\u00fcn seni anlayacaklard\u0131r.\u201d     En G\u00fczel Mavi, olimpiyat \u015fampiyonu Ibtihaj Muhammed\u2019in kaleminden bir inan\u00e7 ve aile hik\u00e2yesi.<\/p>\n","protected":false},"excerpt":{"rendered":"<p>O g\u00fcn ablas\u0131n\u0131n okula ba\u015f\u00f6rt\u00fcs\u00fcyle gidece\u011fi ilk g\u00fcn. K\u00fc\u00e7\u00fck k\u0131z ablas\u0131ndan bile daha heyecanl\u0131. Merakl\u0131 bak\u0131\u015flar\u0131n alt\u0131nda kula\u011f\u0131nda annesinin sesini duyuyor: \u201cBaz\u0131lar\u0131 neden ba\u015f\u00f6rt\u00fcs\u00fc takt\u0131\u011f\u0131n\u0131 anlamayabilir.<span class=\"excerpt-hellip\"> [\u2026]<\/span><\/p>\n","protected":false},"featured_media":0,"template":"","meta":{"_monsterinsights_skip_tracking":false,"_monsterinsights_sitenote_active":false,"_monsterinsights_sitenote_note":"","_monsterinsights_sitenote_category":0},"product_brand":[],"product_cat":[12274,12284],"product_tag":[],"class_list":{"0":"post-749112","1":"product","2":"type-product","3":"status-publish","5":"product_cat-cocuk-ve-genclik-kitaplari","6":"product_cat-hikayeler","7":"pa_cilt-ciltli","8":"pa_tur-kitap","9":"pa_yayinevi-ketebe-yayinlari","10":"pa_yazar-ibtihaj-muhammad-s-k-ali","12":"first","13":"instock","14":"sale","15":"shipping-taxable","16":"purchasable","17":"product-type-simple"},"_links":{"self":[{"href":"https:\/\/roveyayinevi.com.tr\/index.php\/wp-json\/wp\/v2\/product\/749112","targetHints":{"allow":["GET"]}}],"collection":[{"href":"https:\/\/roveyayinevi.com.tr\/index.php\/wp-json\/wp\/v2\/product"}],"about":[{"href":"https:\/\/roveyayinevi.com.tr\/index.php\/wp-json\/wp\/v2\/types\/product"}],"wp:attachment":[{"href":"https:\/\/roveyayinevi.com.tr\/index.php\/wp-json\/wp\/v2\/media?parent=749112"}],"wp:term":[{"taxonomy":"product_brand","embeddable":true,"href":"https:\/\/roveyayinevi.com.tr\/index.php\/wp-json\/wp\/v2\/product_brand?post=749112"},{"taxonomy":"product_cat","embeddable":true,"href":"https:\/\/roveyayinevi.com.tr\/index.php\/wp-json\/wp\/v2\/product_cat?post=749112"},{"taxonomy":"product_tag","embeddable":true,"href":"https:\/\/roveyayinevi.com.tr\/index.php\/wp-json\/wp\/v2\/product_tag?post=749112"}],"curies":[{"name":"wp","href":"https:\/\/api.w.org\/{rel}","templated":true}]}}