{"id":749111,"date":"2025-08-28T03:47:38","date_gmt":"2025-08-28T00:47:38","guid":{"rendered":"https:\/\/roveyayinevi.com.tr\/index.php\/urun\/kayip-renk\/"},"modified":"2026-04-16T03:01:44","modified_gmt":"2026-04-16T00:01:44","slug":"kayip-renk","status":"publish","type":"product","link":"https:\/\/roveyayinevi.com.tr\/index.php\/urun\/kayip-renk\/","title":{"rendered":"Kay\u0131p Renk"},"content":{"rendered":"<p>Ayr\u0131 d\u00fcnyalar ve ayr\u0131 h\u00fclyalar bir yerlerde kesi\u015fir; birbirine de\u011fer, birbirini ezer ya da y\u00fcceltir.\u00c7ok sevdi\u011fimiz bir kokuyu bile hissetmeyiz bazen. Bazen de bir nargile duman\u0131, yeni ve sisli bir ufuk a\u00e7ar \u00f6n\u00fcm\u00fcze; \u015fimdiki zaman ge\u00e7mi\u015fle harmanlan\u0131r.Kendimizi rahatlatmak i\u00e7in kurdu\u011fumuz o m\u00fcthi\u015f soru i\u00e7 d\u00fcnyam\u0131zda \u00e7alkalan\u0131p durur: \u201cE\u011fer kararlar\u0131 biz vermiyorsak, yapt\u0131klar\u0131m\u0131zdan nas\u0131l sorumlu olabiliriz?\u201d\u015eairin dedi\u011fi gibi, bizi \u201cyak\u0131p y\u0131kan bir nazar\u201d ve \u201ckaderin \u00fcst\u00fcnde bir kader\u201d mi vard\u0131r?Ak ile kara kadar farkl\u0131d\u0131r beklentilerimiz:O delikli kayan\u0131n \u00f6tesinde hazine varm\u0131\u015f&#8230; Kredi alman\u0131n p\u00fcf noktalar\u0131 varm\u0131\u015f&#8230; Bu memlekette g\u00fcpeg\u00fcnd\u00fcz adam ka\u00e7\u0131r\u0131l\u0131rm\u0131\u015f&#8230; Bu i\u015fler telefonda konu\u015fulmazm\u0131\u015f&#8230;\u00c7o\u011fu zaman o i\u00e7indeki enerjinin asl\u0131nda kendisi oldu\u011funu bilir insan. Kalbinde ona do\u011frular\u0131 s\u00f6yleyecek ikincil bir mekanizmay\u0131 arar durur.Bu romanda varl\u0131\u011f\u0131n ve yoklu\u011fun, bekleyi\u015f i\u00e7erisinde sorgulanan bir a\u015fk\u0131n, de\u011fi\u015fen sosyal ve ekonomik yap\u0131m\u0131z\u0131n tarihini okuyacak, kendinizi bir i\u00e7 yolculu\u011fun ortas\u0131nda bulacaks\u0131n\u0131z.Kaderi kimin \u015fekillendirdi\u011fini yeniden d\u00fc\u015f\u00fcnecek ve hayat i\u00e7in verdi\u011finiz kararlar\u0131 sorgulayacaks\u0131n\u0131z.\u201cKay\u0131p Renk\u201d, hayat\u0131n sorular kadar cevaplar\u0131 da i\u00e7erdi\u011fine inananlar\u0131n \u00f6yk\u00fcs\u00fc&#8230; <\/p>\n","protected":false},"excerpt":{"rendered":"<p>Ayr\u0131 d\u00fcnyalar ve ayr\u0131 h\u00fclyalar bir yerlerde kesi\u015fir; birbirine de\u011fer, birbirini ezer ya da y\u00fcceltir.\u00c7ok sevdi\u011fimiz bir kokuyu bile hissetmeyiz bazen. Bazen de bir nargile duman\u0131,<span class=\"excerpt-hellip\"> [\u2026]<\/span><\/p>\n","protected":false},"featured_media":0,"template":"","meta":{"_monsterinsights_skip_tracking":false,"_monsterinsights_sitenote_active":false,"_monsterinsights_sitenote_note":"","_monsterinsights_sitenote_category":0},"product_brand":[],"product_cat":[12291,12711],"product_tag":[],"class_list":{"0":"post-749111","1":"product","2":"type-product","3":"status-publish","5":"product_cat-edebiyat","6":"product_cat-roman-oyku","7":"pa_cilt-ciltsiz","8":"pa_tur-kitap","9":"pa_yayinevi-nesil-yayinlari","10":"pa_yazar-huseyin-tunc","12":"first","13":"instock","14":"sale","15":"shipping-taxable","16":"purchasable","17":"product-type-simple"},"_links":{"self":[{"href":"https:\/\/roveyayinevi.com.tr\/index.php\/wp-json\/wp\/v2\/product\/749111","targetHints":{"allow":["GET"]}}],"collection":[{"href":"https:\/\/roveyayinevi.com.tr\/index.php\/wp-json\/wp\/v2\/product"}],"about":[{"href":"https:\/\/roveyayinevi.com.tr\/index.php\/wp-json\/wp\/v2\/types\/product"}],"wp:attachment":[{"href":"https:\/\/roveyayinevi.com.tr\/index.php\/wp-json\/wp\/v2\/media?parent=749111"}],"wp:term":[{"taxonomy":"product_brand","embeddable":true,"href":"https:\/\/roveyayinevi.com.tr\/index.php\/wp-json\/wp\/v2\/product_brand?post=749111"},{"taxonomy":"product_cat","embeddable":true,"href":"https:\/\/roveyayinevi.com.tr\/index.php\/wp-json\/wp\/v2\/product_cat?post=749111"},{"taxonomy":"product_tag","embeddable":true,"href":"https:\/\/roveyayinevi.com.tr\/index.php\/wp-json\/wp\/v2\/product_tag?post=749111"}],"curies":[{"name":"wp","href":"https:\/\/api.w.org\/{rel}","templated":true}]}}