{"id":749110,"date":"2025-08-28T03:47:37","date_gmt":"2025-08-28T00:47:37","guid":{"rendered":"https:\/\/roveyayinevi.com.tr\/index.php\/urun\/dunya-cocuk-klasikleri-seti-50-kitap-takim\/"},"modified":"2026-04-16T03:01:44","modified_gmt":"2026-04-16T00:01:44","slug":"dunya-cocuk-klasikleri-seti-50-kitap-takim","status":"publish","type":"product","link":"https:\/\/roveyayinevi.com.tr\/index.php\/urun\/dunya-cocuk-klasikleri-seti-50-kitap-takim\/","title":{"rendered":"D\u00fcnya \u00c7ocuk Klasikleri Seti (50 Kitap Tak\u0131m)"},"content":{"rendered":"<p>Set \u0130\u00e7eri\u011fi1. Alt\u0131n Beyinli Adam2. Aya Yolculuk3. Balonla 5 Hafta4. Bat\u0131k Gemi5. Beyaz Di\u015f6. \u00c7al\u0131nan Ta\u00e77. \u00c7ocuk Kalbi8. Dav\u0131d Copperf\u0131eld9. Demir Maske10. Demiryolu \u00c7ocuklar\u013111. Deniz Y\u0131lan\u013112. Denizler Alt\u0131nda 20 Bin Fersah13. Donki\u015fot14. Dr.Oks15. D\u00fcnyan\u0131n Merkezine Seyahat16. Elmas Avc\u0131lar\u013117. Esrarl\u0131 Ada18. G\u00f6klerin Hakimi19. G\u00fcm\u00fc\u015f Patenler20. \u0130ki Y\u0131l Okul Tatili21. Jane Eyre22. Ka\u00e7\u0131r\u0131lan \u00c7ocuk23. Kahraman Fenerciler24. Kaptan Grant&#8217;In \u00c7ocuklar\u013125. Kara Ok26. Karanl\u0131k \u00dclke27. Karpatlar \u015eatosu28. Kimsesiz \u00c7ocuk29. Korkusuz Kaptanlar30. Kurt H\u00fccumu31. K\u00fc\u00e7\u00fck Erkekler32. K\u00fc\u00e7\u00fck Kad\u0131nlar33. K\u00fc\u00e7\u00fck Kemanc\u013134. K\u00fc\u00e7\u00fck Lord35. K\u00fc\u00e7\u00fck Prenses36. Mercan Adas\u013137. Moby D\u0131ck38. Monte Kristo39. Onbe\u015f Ya\u015f\u0131nda Bir Kaptan40. Orman \u00c7ocu\u011fu41. Ormandan Gelen Ses42. Robensonlar Okulu43. Rob\u0131nson Cruose44. Se\u00e7me Hikayeler45. Sefiller46. Siyah \u0130nci47. Siyah Lale48. Tom Amcan\u0131n Kul\u00fcbesi49. Ye\u015fil I\u015f\u0131k50. Zenda Mahkumlar\u0131<\/p>\n","protected":false},"excerpt":{"rendered":"<p>Set \u0130\u00e7eri\u011fi1. Alt\u0131n Beyinli Adam2. Aya Yolculuk3. Balonla 5 Hafta4. Bat\u0131k Gemi5. Beyaz Di\u015f6. \u00c7al\u0131nan Ta\u00e77. \u00c7ocuk Kalbi8. Dav\u0131d Copperf\u0131eld9. Demir Maske10. Demiryolu \u00c7ocuklar\u013111. Deniz Y\u0131lan\u013112.<span class=\"excerpt-hellip\"> [\u2026]<\/span><\/p>\n","protected":false},"featured_media":0,"template":"","meta":{"_monsterinsights_skip_tracking":false,"_monsterinsights_sitenote_active":false,"_monsterinsights_sitenote_note":"","_monsterinsights_sitenote_category":0},"product_brand":[],"product_cat":[12274,12284],"product_tag":[],"class_list":{"0":"post-749110","1":"product","2":"type-product","3":"status-publish","5":"product_cat-cocuk-ve-genclik-kitaplari","6":"product_cat-hikayeler","7":"pa_cilt-set","8":"pa_tur-kitap","9":"pa_yayinevi-parilti-yayinlari","10":"pa_yazar-kolektif","12":"first","13":"instock","14":"sale","15":"shipping-taxable","16":"purchasable","17":"product-type-simple"},"_links":{"self":[{"href":"https:\/\/roveyayinevi.com.tr\/index.php\/wp-json\/wp\/v2\/product\/749110","targetHints":{"allow":["GET"]}}],"collection":[{"href":"https:\/\/roveyayinevi.com.tr\/index.php\/wp-json\/wp\/v2\/product"}],"about":[{"href":"https:\/\/roveyayinevi.com.tr\/index.php\/wp-json\/wp\/v2\/types\/product"}],"wp:attachment":[{"href":"https:\/\/roveyayinevi.com.tr\/index.php\/wp-json\/wp\/v2\/media?parent=749110"}],"wp:term":[{"taxonomy":"product_brand","embeddable":true,"href":"https:\/\/roveyayinevi.com.tr\/index.php\/wp-json\/wp\/v2\/product_brand?post=749110"},{"taxonomy":"product_cat","embeddable":true,"href":"https:\/\/roveyayinevi.com.tr\/index.php\/wp-json\/wp\/v2\/product_cat?post=749110"},{"taxonomy":"product_tag","embeddable":true,"href":"https:\/\/roveyayinevi.com.tr\/index.php\/wp-json\/wp\/v2\/product_tag?post=749110"}],"curies":[{"name":"wp","href":"https:\/\/api.w.org\/{rel}","templated":true}]}}