{"id":749109,"date":"2025-08-28T03:47:36","date_gmt":"2025-08-28T00:47:36","guid":{"rendered":"https:\/\/roveyayinevi.com.tr\/index.php\/urun\/100-yilinda-cumhuriyetin-sanati\/"},"modified":"2026-04-16T03:01:44","modified_gmt":"2026-04-16T00:01:44","slug":"100-yilinda-cumhuriyetin-sanati","status":"publish","type":"product","link":"https:\/\/roveyayinevi.com.tr\/index.php\/urun\/100-yilinda-cumhuriyetin-sanati\/","title":{"rendered":"100. Y\u0131l\u0131nda Cumhuriyet\u2019in Sanat\u0131"},"content":{"rendered":"<p>Atat\u00fcrk \u00f6nc\u00fcl\u00fc\u011f\u00fcndeki T\u00fcrk Devrimi\u2019nin temel savs\u00f6z\u00fc, \u201cb\u00fct\u00fcnsel kalk\u0131nma\u201d anlay\u0131\u015f\u0131d\u0131r. Bu kalk\u0131nma, ya\u015fam\u0131n her alan\u0131ndaki ileri gidi\u015fi \u00f6nceler, e\u011fitim-bilim-felsefe-k\u00fclt\u00fcr ve sanat gibi t\u00fcm toplumsal yap\u0131lardaki at\u0131l\u0131mlar\u0131n ayn\u0131 anda ve kapsaml\u0131 bi\u00e7imde olmas\u0131n\u0131 ama\u00e7lar. Evrensel uygarl\u0131\u011f\u0131 ve \u00e7a\u011fda\u015fla\u015fmay\u0131 ancak toplumun sosyok\u00fclt\u00fcrel yap\u0131s\u0131n\u0131 d\u00f6n\u00fc\u015ft\u00fcrerek yakalayabilece\u011fini kavrayan Cumhuriyet, hem k\u00f6hnele\u015fmi\u015f sanat kurumlar\u0131n\u0131 hem de \u00e7a\u011f\u0131n gereksinimlerine yan\u0131t veremeyen sanat anlay\u0131\u015f\u0131n\u0131 yenilemi\u015ftir. T\u00fcrkiye\u2019de sanat, insanl\u0131k tarihi a\u00e7\u0131s\u0131ndan \u00e7ok k\u0131sa say\u0131labilecek bir s\u00fcrede, olanaklar \u00f6l\u00e7\u00fcs\u00fcnde b\u00fcy\u00fck de\u011fi\u015fimler ve at\u0131l\u0131mlar g\u00f6stermi\u015f, yurtta\u015fl\u0131k bilincinin olu\u015fmas\u0131nda temel g\u00f6revi \u00fcstlenmi\u015ftir. A. Celal Binzet, Evin \u0130lyaso\u011flu, Ay\u015feg\u00fcl Y\u00fcksel ve Bur\u00e7ak Evren gibi alan\u0131nda uzman yazarlar\u0131n plastik sanatlar, m\u00fczik, tiyatro ve sinema alanlar\u0131ndaki at\u0131l\u0131m\u0131n 100 y\u0131ll\u0131k \u00f6yk\u00fcs\u00fcn\u00fc anlatt\u0131klar\u0131 Cumhuriyet\u2019in 100. Y\u0131l\u0131nda Sanat, devrimimizin bir as\u0131rl\u0131k k\u00fclt\u00fcr sava\u015f\u0131n\u0131 \u00f6zetlemektedir. <\/p>\n","protected":false},"excerpt":{"rendered":"<p>Atat\u00fcrk \u00f6nc\u00fcl\u00fc\u011f\u00fcndeki T\u00fcrk Devrimi\u2019nin temel savs\u00f6z\u00fc, \u201cb\u00fct\u00fcnsel kalk\u0131nma\u201d anlay\u0131\u015f\u0131d\u0131r. Bu kalk\u0131nma, ya\u015fam\u0131n her alan\u0131ndaki ileri gidi\u015fi \u00f6nceler, e\u011fitim-bilim-felsefe-k\u00fclt\u00fcr ve sanat gibi t\u00fcm toplumsal yap\u0131lardaki at\u0131l\u0131mlar\u0131n ayn\u0131<span class=\"excerpt-hellip\"> [\u2026]<\/span><\/p>\n","protected":false},"featured_media":0,"template":"","meta":{"_monsterinsights_skip_tracking":false,"_monsterinsights_sitenote_active":false,"_monsterinsights_sitenote_note":"","_monsterinsights_sitenote_category":0},"product_brand":[],"product_cat":[12312,12304],"product_tag":[],"class_list":{"0":"post-749109","1":"product","2":"type-product","3":"status-publish","5":"product_cat-diger","6":"product_cat-tarih","7":"pa_cilt-ciltsiz","8":"pa_tur-kitap","9":"pa_yayinevi-cumhuriyet-kitaplari","10":"pa_yazar-kolektif","12":"first","13":"instock","14":"sale","15":"shipping-taxable","16":"purchasable","17":"product-type-simple"},"_links":{"self":[{"href":"https:\/\/roveyayinevi.com.tr\/index.php\/wp-json\/wp\/v2\/product\/749109","targetHints":{"allow":["GET"]}}],"collection":[{"href":"https:\/\/roveyayinevi.com.tr\/index.php\/wp-json\/wp\/v2\/product"}],"about":[{"href":"https:\/\/roveyayinevi.com.tr\/index.php\/wp-json\/wp\/v2\/types\/product"}],"wp:attachment":[{"href":"https:\/\/roveyayinevi.com.tr\/index.php\/wp-json\/wp\/v2\/media?parent=749109"}],"wp:term":[{"taxonomy":"product_brand","embeddable":true,"href":"https:\/\/roveyayinevi.com.tr\/index.php\/wp-json\/wp\/v2\/product_brand?post=749109"},{"taxonomy":"product_cat","embeddable":true,"href":"https:\/\/roveyayinevi.com.tr\/index.php\/wp-json\/wp\/v2\/product_cat?post=749109"},{"taxonomy":"product_tag","embeddable":true,"href":"https:\/\/roveyayinevi.com.tr\/index.php\/wp-json\/wp\/v2\/product_tag?post=749109"}],"curies":[{"name":"wp","href":"https:\/\/api.w.org\/{rel}","templated":true}]}}