{"id":749105,"date":"2025-08-28T03:47:30","date_gmt":"2025-08-28T00:47:30","guid":{"rendered":"https:\/\/roveyayinevi.com.tr\/index.php\/urun\/sohbeti-rahmandan-inciler\/"},"modified":"2026-04-16T03:01:44","modified_gmt":"2026-04-16T00:01:44","slug":"sohbeti-rahmandan-inciler","status":"publish","type":"product","link":"https:\/\/roveyayinevi.com.tr\/index.php\/urun\/sohbeti-rahmandan-inciler\/","title":{"rendered":"Sohbeti Rahman&#8217;dan \u0130nciler"},"content":{"rendered":"<p>Y\u0131llard\u0131r Seyid Ali Efendi\u2019nin sohbetlerini kay\u0131t alt\u0131na almaktay\u0131m. Bu muhte\u015fem sohbetlerin bir k\u0131sm\u0131 \u201cSohbeti Rahman\u201d isminde 2 ciltlik \u00e7ok k\u0131ymetli bir eser olarak yak\u0131n zamanda yay\u0131n hayat\u0131na kat\u0131ld\u0131. Sohbeti Rahman\u2019dan \u0130nciler kitab\u0131 da 2006 y\u0131l\u0131ndan beri sohbetlerde ge\u00e7en konu\u015fmalar\u0131n i\u00e7inden inci tanesi gibi ay\u0131klanmaya \u00e7al\u0131\u015f\u0131lm\u0131\u015f hazineden k\u0131ymetli e\u015fsiz bilgiler i\u00e7ermekte. Bu bilgiler uygulamas\u0131 daha kolay olmas\u0131 a\u00e7\u0131s\u0131ndan \u00e7o\u011funlukla form\u00fcl gibi yaz\u0131lmaya \u00e7al\u0131\u015f\u0131ld\u0131. Sohbeti Rahman\u2019dan \u0130nciler her zaman ihtiya\u00e7 duyabilece\u011fimiz bilgilerle ba\u015fucu kitab\u0131 olarak yan\u0131 ba\u015f\u0131m\u0131zdan ay\u0131ramayaca\u011f\u0131n\u0131z hayat\u0131n\u0131z\u0131n incisi olmaya aday bir kitap. Hay\u0131rlara vesile olmas\u0131 temennisiyle\u2026<\/p>\n","protected":false},"excerpt":{"rendered":"<p>Y\u0131llard\u0131r Seyid Ali Efendi\u2019nin sohbetlerini kay\u0131t alt\u0131na almaktay\u0131m. Bu muhte\u015fem sohbetlerin bir k\u0131sm\u0131 \u201cSohbeti Rahman\u201d isminde 2 ciltlik \u00e7ok k\u0131ymetli bir eser olarak yak\u0131n zamanda yay\u0131n<span class=\"excerpt-hellip\"> [\u2026]<\/span><\/p>\n","protected":false},"featured_media":0,"template":"","meta":{"_monsterinsights_skip_tracking":false,"_monsterinsights_sitenote_active":false,"_monsterinsights_sitenote_note":"","_monsterinsights_sitenote_category":0},"product_brand":[],"product_cat":[12718],"product_tag":[],"class_list":{"0":"post-749105","1":"product","2":"type-product","3":"status-publish","5":"product_cat-din","6":"pa_cilt-ciltsiz","7":"pa_tur-kitap","8":"pa_yayinevi-platanus-publishing","9":"pa_yazar-kolektif","11":"first","12":"instock","13":"sale","14":"shipping-taxable","15":"purchasable","16":"product-type-simple"},"_links":{"self":[{"href":"https:\/\/roveyayinevi.com.tr\/index.php\/wp-json\/wp\/v2\/product\/749105","targetHints":{"allow":["GET"]}}],"collection":[{"href":"https:\/\/roveyayinevi.com.tr\/index.php\/wp-json\/wp\/v2\/product"}],"about":[{"href":"https:\/\/roveyayinevi.com.tr\/index.php\/wp-json\/wp\/v2\/types\/product"}],"wp:attachment":[{"href":"https:\/\/roveyayinevi.com.tr\/index.php\/wp-json\/wp\/v2\/media?parent=749105"}],"wp:term":[{"taxonomy":"product_brand","embeddable":true,"href":"https:\/\/roveyayinevi.com.tr\/index.php\/wp-json\/wp\/v2\/product_brand?post=749105"},{"taxonomy":"product_cat","embeddable":true,"href":"https:\/\/roveyayinevi.com.tr\/index.php\/wp-json\/wp\/v2\/product_cat?post=749105"},{"taxonomy":"product_tag","embeddable":true,"href":"https:\/\/roveyayinevi.com.tr\/index.php\/wp-json\/wp\/v2\/product_tag?post=749105"}],"curies":[{"name":"wp","href":"https:\/\/api.w.org\/{rel}","templated":true}]}}