{"id":749104,"date":"2025-08-28T03:47:28","date_gmt":"2025-08-28T00:47:28","guid":{"rendered":"https:\/\/roveyayinevi.com.tr\/index.php\/urun\/fil-hakika\/"},"modified":"2026-04-16T03:01:44","modified_gmt":"2026-04-16T00:01:44","slug":"fil-hakika","status":"publish","type":"product","link":"https:\/\/roveyayinevi.com.tr\/index.php\/urun\/fil-hakika\/","title":{"rendered":"Fil Hakika"},"content":{"rendered":"<p>Mutluluk yak\u0131nlarda bulunur mu? Onu uzaklar yerine kendi d\u00fcnyam\u0131zda yakalayabilir miyiz? Hayal g\u00fcc\u00fcyle kanatlanmak nas\u0131ld\u0131r? Farkl\u0131 hissetmemiz do\u011fal hatta kutlanacak bir \u015fey midir? Yeni bak\u0131\u015f a\u00e7\u0131lar\u0131 nereye saklan\u0131r, nas\u0131l bulunur?   K\u0131sacas\u0131, fil b\u00fcy\u00fckl\u00fc\u011f\u00fcnde g\u00f6r\u00fcnen bu sorular\u0131m\u0131z, bir balonun hafifli\u011fine nas\u0131l kavu\u015fur? Yan\u0131tlar bir kitap kadar yak\u0131n\u0131m\u0131zda. Sevilen yazar Serhan Kansu\u2019nun kaleminden Fil Hakika, \u015fimdi sizlerle.   ***   G\u00f6z\u00fc hep g\u00f6ky\u00fcz\u00fcnde olan bir fil\u2026 Onun ak\u0131l ve fikirle dolu, reng\u00e2renk d\u00fcnyas\u0131\u2026 \u0130\u015fte kar\u015f\u0131n\u0131zda unutulmaz bir macera!   U\u00e7an Filler Adas\u0131\u2019nda u\u00e7amayan iki fil ya\u015f\u0131yordu. Biri Fil \u0130mci, di\u011feri Fil Hakika\u2019yd\u0131. Peki adadaki t\u00fcm filler u\u00e7abiliyorken, u\u00e7amamak bir eksiklik ya da hata m\u0131yd\u0131? Yoksa her canl\u0131 yapabildi\u011fi kadar\u0131na m\u0131 raz\u0131 olmal\u0131yd\u0131?   S\u00f6ylenenlere g\u00f6re Hakika, \u0130nsan Adas\u0131\u2019ndan geldi\u011fi i\u00e7in u\u00e7am\u0131yordu. G\u00fcn ge\u00e7tik\u00e7e merak\u0131 artt\u0131. \u201cBen ni\u00e7in u\u00e7am\u0131yorum?\u201d sorusu sanki kanatland\u0131, Hakika\u2019n\u0131n i\u00e7ine s\u0131\u011fmaz oldu. \u015eimdi \u0130mci\u2019yle birlikte insanlar\u0131n d\u00fcnyas\u0131na yolculuk vaktiydi. Kimbilir Hakika belki\u2026 <\/p>\n","protected":false},"excerpt":{"rendered":"<p>Mutluluk yak\u0131nlarda bulunur mu? Onu uzaklar yerine kendi d\u00fcnyam\u0131zda yakalayabilir miyiz? Hayal g\u00fcc\u00fcyle kanatlanmak nas\u0131ld\u0131r? Farkl\u0131 hissetmemiz do\u011fal hatta kutlanacak bir \u015fey midir? Yeni bak\u0131\u015f a\u00e7\u0131lar\u0131<span class=\"excerpt-hellip\"> [\u2026]<\/span><\/p>\n","protected":false},"featured_media":0,"template":"","meta":{"_monsterinsights_skip_tracking":false,"_monsterinsights_sitenote_active":false,"_monsterinsights_sitenote_note":"","_monsterinsights_sitenote_category":0},"product_brand":[],"product_cat":[12274,12284],"product_tag":[],"class_list":{"0":"post-749104","1":"product","2":"type-product","3":"status-publish","5":"product_cat-cocuk-ve-genclik-kitaplari","6":"product_cat-hikayeler","7":"pa_cilt-ciltsiz","8":"pa_tur-kitap","9":"pa_yayinevi-elma-cocuk","10":"pa_yazar-serhan-kansu","12":"first","13":"instock","14":"sale","15":"shipping-taxable","16":"purchasable","17":"product-type-simple"},"_links":{"self":[{"href":"https:\/\/roveyayinevi.com.tr\/index.php\/wp-json\/wp\/v2\/product\/749104","targetHints":{"allow":["GET"]}}],"collection":[{"href":"https:\/\/roveyayinevi.com.tr\/index.php\/wp-json\/wp\/v2\/product"}],"about":[{"href":"https:\/\/roveyayinevi.com.tr\/index.php\/wp-json\/wp\/v2\/types\/product"}],"wp:attachment":[{"href":"https:\/\/roveyayinevi.com.tr\/index.php\/wp-json\/wp\/v2\/media?parent=749104"}],"wp:term":[{"taxonomy":"product_brand","embeddable":true,"href":"https:\/\/roveyayinevi.com.tr\/index.php\/wp-json\/wp\/v2\/product_brand?post=749104"},{"taxonomy":"product_cat","embeddable":true,"href":"https:\/\/roveyayinevi.com.tr\/index.php\/wp-json\/wp\/v2\/product_cat?post=749104"},{"taxonomy":"product_tag","embeddable":true,"href":"https:\/\/roveyayinevi.com.tr\/index.php\/wp-json\/wp\/v2\/product_tag?post=749104"}],"curies":[{"name":"wp","href":"https:\/\/api.w.org\/{rel}","templated":true}]}}