{"id":749099,"date":"2025-08-28T03:47:20","date_gmt":"2025-08-28T00:47:20","guid":{"rendered":"https:\/\/roveyayinevi.com.tr\/index.php\/urun\/adini-sen-koy\/"},"modified":"2026-04-16T03:01:44","modified_gmt":"2026-04-16T00:01:44","slug":"adini-sen-koy","status":"publish","type":"product","link":"https:\/\/roveyayinevi.com.tr\/index.php\/urun\/adini-sen-koy\/","title":{"rendered":"Ad\u0131n\u0131 Sen Koy"},"content":{"rendered":"<p>Sensizlik denizinde, \u00dcnl\u00fc bir kaptan oldum, Sana gelmek i\u00e7in, B\u00fcy\u00fck bir filo kurdum. Gemileri y\u00fcr\u00fctt\u00fcm, Karadan Fatih gibi. \u2026 Kalpten kalbe giden yolda bir\u00e7ok insan \u015fiir dura\u011f\u0131na u\u011frar. Bu durakta kar\u015f\u0131n\u0131za bu sefer \u201cAd\u0131n\u0131 Sen Koy\u201d \u00e7\u0131kacakt\u0131r.   Kitab\u0131m\u0131zda bulunan \u015fiirlerin ad\u0131n\u0131 koymad\u0131k.  Dizelerimiz duygular\u0131n\u0131za k\u00f6pr\u00fc olsun.  O yol \u015fiirlerimizin ad\u0131 olsun&#8230; Bu nedenle kitab\u0131m\u0131z\u0131 &#8220;Ad\u0131n\u0131 Sen Koy&#8221; diye adland\u0131rd\u0131k. Keyifli Okumalar&#8230; <\/p>\n","protected":false},"excerpt":{"rendered":"<p>Sensizlik denizinde, \u00dcnl\u00fc bir kaptan oldum, Sana gelmek i\u00e7in, B\u00fcy\u00fck bir filo kurdum. Gemileri y\u00fcr\u00fctt\u00fcm, Karadan Fatih gibi. \u2026 Kalpten kalbe giden yolda bir\u00e7ok insan \u015fiir<span class=\"excerpt-hellip\"> [\u2026]<\/span><\/p>\n","protected":false},"featured_media":0,"template":"","meta":{"_monsterinsights_skip_tracking":false,"_monsterinsights_sitenote_active":false,"_monsterinsights_sitenote_note":"","_monsterinsights_sitenote_category":0},"product_brand":[],"product_cat":[12291,12509],"product_tag":[],"class_list":{"0":"post-749099","1":"product","2":"type-product","3":"status-publish","5":"product_cat-edebiyat","6":"product_cat-siir","7":"pa_cilt-ciltsiz","8":"pa_tur-kitap","9":"pa_yayinevi-us-yayinlari","10":"pa_yazar-baris-bilmez","12":"first","13":"instock","14":"sale","15":"shipping-taxable","16":"purchasable","17":"product-type-simple"},"_links":{"self":[{"href":"https:\/\/roveyayinevi.com.tr\/index.php\/wp-json\/wp\/v2\/product\/749099","targetHints":{"allow":["GET"]}}],"collection":[{"href":"https:\/\/roveyayinevi.com.tr\/index.php\/wp-json\/wp\/v2\/product"}],"about":[{"href":"https:\/\/roveyayinevi.com.tr\/index.php\/wp-json\/wp\/v2\/types\/product"}],"wp:attachment":[{"href":"https:\/\/roveyayinevi.com.tr\/index.php\/wp-json\/wp\/v2\/media?parent=749099"}],"wp:term":[{"taxonomy":"product_brand","embeddable":true,"href":"https:\/\/roveyayinevi.com.tr\/index.php\/wp-json\/wp\/v2\/product_brand?post=749099"},{"taxonomy":"product_cat","embeddable":true,"href":"https:\/\/roveyayinevi.com.tr\/index.php\/wp-json\/wp\/v2\/product_cat?post=749099"},{"taxonomy":"product_tag","embeddable":true,"href":"https:\/\/roveyayinevi.com.tr\/index.php\/wp-json\/wp\/v2\/product_tag?post=749099"}],"curies":[{"name":"wp","href":"https:\/\/api.w.org\/{rel}","templated":true}]}}