{"id":749093,"date":"2025-08-28T03:47:12","date_gmt":"2025-08-28T00:47:12","guid":{"rendered":"https:\/\/roveyayinevi.com.tr\/index.php\/urun\/baliklar-neden-var-olmadi\/"},"modified":"2026-04-16T03:01:44","modified_gmt":"2026-04-16T00:01:44","slug":"baliklar-neden-var-olmadi","status":"publish","type":"product","link":"https:\/\/roveyayinevi.com.tr\/index.php\/urun\/baliklar-neden-var-olmadi\/","title":{"rendered":"Bal\u0131klar Neden Var Olmad\u0131?"},"content":{"rendered":"<p>David Starr Jordan, kendisini do\u011faya ke\u015ffetmeye adam\u0131\u015f bir taksonomistti. Y\u0131llar i\u00e7inde, insanl\u0131\u011f\u0131n bildi\u011fi t\u00fcm bal\u0131k t\u00fcrlerinin be\u015fte birini ke\u015ffetmesiyle an\u0131l\u0131r olacakt\u0131. Ama o evrenin s\u0131rlar\u0131n\u0131 a\u00e7\u0131\u011fa \u00e7\u0131kard\u0131k\u00e7a, evren de onu engellemeye daha kararl\u0131 hale geliyordu. D\u00fc\u015fen y\u0131ld\u0131r\u0131mlar, \u00e7\u0131kan yang\u0131nlar ve en sonunda da 1906\u2019daki San Francisco depremiyle birlikte, o zamana kadar toplad\u0131\u011f\u0131 t\u00fcm numuneler telef oldu. Hayat\u0131n\u0131 adad\u0131\u011f\u0131 emekleri g\u00f6z a\u00e7\u0131p kapay\u0131ncaya kadar yok olmu\u015ftu.    Yerinde ba\u015fkas\u0131 olsa y\u0131k\u0131l\u0131r, hayata k\u00fcserdi. Ama Jordan, ke\u015ffetti\u011fi ilk bal\u0131\u011f\u0131 yeniden buldu ve b\u00fcy\u00fck bir kararl\u0131l\u0131kla koleksiyonunu sil ba\u015ftan olu\u015fturmaya ba\u015flad\u0131. \u00dcstelik bu kez, koleksiyonunu d\u00fcnyan\u0131n kaosundan koruyaca\u011f\u0131na inand\u0131\u011f\u0131 zekice bir y\u00f6ntem kulland\u0131.     \u00dcnl\u00fc yazar ve bilim muhabiri Lulu Miller\u2019\u0131n kaleme ald\u0131\u011f\u0131 Bal\u0131klar Neden Var Olmad\u0131?, sadece bal\u0131klarla ilgili de\u011fil. Bilime duyulan ba\u011fl\u0131l\u0131ktan insan\u0131n zalimli\u011fi kar\u015f\u0131s\u0131nda duyulan \u015fa\u015fk\u0131nl\u0131\u011fa kadar pek \u00e7ok \u015fey anlatan bu kitap, en sonunda da kendi ad\u0131n\u0131 a\u00e7\u0131klamaya giri\u015fiyor ve do\u011fan\u0131n, kendisine h\u00fckmedebilece\u011fini sanan bir biliminsan\u0131ndan intikam\u0131n\u0131 nas\u0131l ald\u0131\u011f\u0131n\u0131 g\u00f6zler \u00f6n\u00fcne seriyor.   \u201cBu kitap bilim, tasvir ve an\u0131lar\u0131n sihirli bir kar\u0131\u015f\u0131m\u0131; okumas\u0131 tam bir zevk.\u201d \u2014Susan Orlean\u201cTarih ve biyolojinin kesi\u015fimi: merak, ba\u015far\u0131s\u0131zl\u0131k ve kat\u0131ks\u0131z insan inad\u0131. Okumas\u0131 g\u00f6rkemli, \u015fa\u015f\u0131rt\u0131c\u0131, karanl\u0131k bir keyif.\u201d  \u2014Carmen Maria Machado   <\/p>\n","protected":false},"excerpt":{"rendered":"<p>David Starr Jordan, kendisini do\u011faya ke\u015ffetmeye adam\u0131\u015f bir taksonomistti. Y\u0131llar i\u00e7inde, insanl\u0131\u011f\u0131n bildi\u011fi t\u00fcm bal\u0131k t\u00fcrlerinin be\u015fte birini ke\u015ffetmesiyle an\u0131l\u0131r olacakt\u0131. Ama o evrenin s\u0131rlar\u0131n\u0131 a\u00e7\u0131\u011fa<span class=\"excerpt-hellip\"> [\u2026]<\/span><\/p>\n","protected":false},"featured_media":0,"template":"","meta":{"_monsterinsights_skip_tracking":false,"_monsterinsights_sitenote_active":false,"_monsterinsights_sitenote_note":"","_monsterinsights_sitenote_category":0},"product_brand":[],"product_cat":[13005],"product_tag":[],"class_list":{"0":"post-749093","1":"product","2":"type-product","3":"status-publish","5":"product_cat-bilim-muhendislik","6":"pa_cilt-ciltsiz","7":"pa_tur-kitap","8":"pa_yayinevi-nova-kitap","9":"pa_yazar-lulu-miller","11":"first","12":"instock","13":"sale","14":"shipping-taxable","15":"purchasable","16":"product-type-simple"},"_links":{"self":[{"href":"https:\/\/roveyayinevi.com.tr\/index.php\/wp-json\/wp\/v2\/product\/749093","targetHints":{"allow":["GET"]}}],"collection":[{"href":"https:\/\/roveyayinevi.com.tr\/index.php\/wp-json\/wp\/v2\/product"}],"about":[{"href":"https:\/\/roveyayinevi.com.tr\/index.php\/wp-json\/wp\/v2\/types\/product"}],"wp:attachment":[{"href":"https:\/\/roveyayinevi.com.tr\/index.php\/wp-json\/wp\/v2\/media?parent=749093"}],"wp:term":[{"taxonomy":"product_brand","embeddable":true,"href":"https:\/\/roveyayinevi.com.tr\/index.php\/wp-json\/wp\/v2\/product_brand?post=749093"},{"taxonomy":"product_cat","embeddable":true,"href":"https:\/\/roveyayinevi.com.tr\/index.php\/wp-json\/wp\/v2\/product_cat?post=749093"},{"taxonomy":"product_tag","embeddable":true,"href":"https:\/\/roveyayinevi.com.tr\/index.php\/wp-json\/wp\/v2\/product_tag?post=749093"}],"curies":[{"name":"wp","href":"https:\/\/api.w.org\/{rel}","templated":true}]}}