{"id":749089,"date":"2025-08-28T03:47:05","date_gmt":"2025-08-28T00:47:05","guid":{"rendered":"https:\/\/roveyayinevi.com.tr\/index.php\/urun\/girdap-goruleri\/"},"modified":"2026-04-16T03:01:44","modified_gmt":"2026-04-16T00:01:44","slug":"girdap-goruleri","status":"publish","type":"product","link":"https:\/\/roveyayinevi.com.tr\/index.php\/urun\/girdap-goruleri\/","title":{"rendered":"Girdap G\u00f6r\u00fcleri"},"content":{"rendered":"<p>G\u00dcC\u00dcN\u00dcN FARKINDA OLMAYAN B\u0130R PRENSES, KAD\u0130M SIRLARI B\u0130LEN B\u0130R YABANCI, KADERLER\u0130N\u0130 B\u0130RB\u0130R\u0130NE BA\u011eLAYAN B\u0130R SAAT   Vi Solaris, neredeyse hi\u00e7 g\u00f6rmedi\u011fi bir imparatorlu\u011fun v\u00e2risiydi. Aldrik ve Vhalla, bar\u0131\u015f\u0131 sa\u011flamak i\u00e7in k\u0131zlar\u0131n\u0131 on d\u00f6rt y\u0131l Kuzey\u2019in vesayetine b\u0131rakmak zorunda kalm\u0131\u015ft\u0131. B\u00fct\u00fcn k\u0131ta \u00f6l\u00fcmc\u00fcl bir salg\u0131n\u0131n pen\u00e7esinde k\u0131vran\u0131rken \u00fc\u00e7 y\u0131l daha ge\u00e7mi\u015f, Veliaht Prenses de evine g\u00f6nderilmemesinin ger\u00e7ek sebebinin b\u00fcy\u00fcs\u00fcn\u00fc kontrol edemeyi\u015fi olmas\u0131ndan korkmaya ba\u015flam\u0131\u015ft\u0131.   Fakat b\u00fcy\u00fcs\u00fc asl\u0131nda hem \u00e7ok g\u00fc\u00e7l\u00fc hem de \u00e7ok beklenmedikti ve a\u00e7\u0131\u011fa \u00e7\u0131karsa onun tahttaki hakk\u0131na bile mal olabilirdi.   B\u00fcy\u00fcs\u00fcn\u00fcn s\u0131n\u0131rlar\u0131n\u0131 \u00f6\u011frenmeye u\u011fra\u015f\u0131rken, gizemli bir yabanc\u0131yla aras\u0131nda bir ba\u011f oldu\u011funu ke\u015ffetmi\u015fti. Bilmedi\u011fi d\u00fcnyan\u0131n s\u0131rlar\u0131na ula\u015fmas\u0131n\u0131 sa\u011flayacak anahtar ellerindeydi ancak bilginin bedeli \u00e7ok a\u011f\u0131rd\u0131.   Vi hayat\u0131n\u0131n en zor se\u00e7imini yapmak zorundayd\u0131: Kural\u0131na g\u00f6re oynay\u0131p tahta ge\u00e7mek ya da d\u00fcnyay\u0131 kurtarmak u\u011fruna yasalara kar\u015f\u0131 gelmek.   \u201cElise Kova, insan\u0131 bir anda i\u00e7ine \u00e7eken ve daha fazlas\u0131n\u0131 arzulaman\u0131za neden olan inand\u0131r\u0131c\u0131 d\u00fcnyalar kurmakta usta.\u201d \u2014Cora Carmack   \u201cB\u00fcy\u00fcy\u00fc, g\u00fc\u00e7l\u00fc kad\u0131n kahramanlar\u0131, aile ba\u011flar\u0131n\u0131 ve \u015feytani komplolar\u0131 sevenler bu d\u00fcnyada kendilerini kaybedecek.\u201d \u2014Tonja Drecker \u201cSolaris \u0130mparatorlu\u011fu\u2019na d\u00f6nmek beni kesinlikle hayal k\u0131r\u0131kl\u0131\u011f\u0131na u\u011fratmad\u0131. Hem yeni okurlar hem de bu d\u00fcnyaya eskiden beri a\u015fina olanlar b\u00fcy\u00fc, macera ve romantizmi tek bir pakette sunan bu hik\u00e2yeye bay\u0131lacak.\u201d \u2014Fae Crate   \u201cGen\u00e7-yeti\u015fkin fantastik t\u00fcr\u00fcn\u00fcn ba\u015f\u0131na gelen en g\u00fczel \u015fey.\u201d \u2014Dany Reads   \u201cYeni okurlar da eski hayranlar da insan\u0131n nabz\u0131n\u0131 h\u0131zland\u0131ran bu duygusal maceraya bay\u0131lacak.\u201d \u2014The Reading Faery <\/p>\n","protected":false},"excerpt":{"rendered":"<p>G\u00dcC\u00dcN\u00dcN FARKINDA OLMAYAN B\u0130R PRENSES, KAD\u0130M SIRLARI B\u0130LEN B\u0130R YABANCI, KADERLER\u0130N\u0130 B\u0130RB\u0130R\u0130NE BA\u011eLAYAN B\u0130R SAAT Vi Solaris, neredeyse hi\u00e7 g\u00f6rmedi\u011fi bir imparatorlu\u011fun v\u00e2risiydi. Aldrik ve Vhalla,<span class=\"excerpt-hellip\"> [\u2026]<\/span><\/p>\n","protected":false},"featured_media":0,"template":"","meta":{"_monsterinsights_skip_tracking":false,"_monsterinsights_sitenote_active":false,"_monsterinsights_sitenote_note":"","_monsterinsights_sitenote_category":0},"product_brand":[],"product_cat":[12291,14777],"product_tag":[],"class_list":{"0":"post-749089","1":"product","2":"type-product","3":"status-publish","5":"product_cat-edebiyat","6":"product_cat-fantastik","7":"pa_cilt-ciltsiz","8":"pa_tur-kitap","9":"pa_yayinevi-yabanci-yayinevi","10":"pa_yazar-elise-kova","12":"first","13":"instock","14":"sale","15":"shipping-taxable","16":"purchasable","17":"product-type-simple"},"_links":{"self":[{"href":"https:\/\/roveyayinevi.com.tr\/index.php\/wp-json\/wp\/v2\/product\/749089","targetHints":{"allow":["GET"]}}],"collection":[{"href":"https:\/\/roveyayinevi.com.tr\/index.php\/wp-json\/wp\/v2\/product"}],"about":[{"href":"https:\/\/roveyayinevi.com.tr\/index.php\/wp-json\/wp\/v2\/types\/product"}],"wp:attachment":[{"href":"https:\/\/roveyayinevi.com.tr\/index.php\/wp-json\/wp\/v2\/media?parent=749089"}],"wp:term":[{"taxonomy":"product_brand","embeddable":true,"href":"https:\/\/roveyayinevi.com.tr\/index.php\/wp-json\/wp\/v2\/product_brand?post=749089"},{"taxonomy":"product_cat","embeddable":true,"href":"https:\/\/roveyayinevi.com.tr\/index.php\/wp-json\/wp\/v2\/product_cat?post=749089"},{"taxonomy":"product_tag","embeddable":true,"href":"https:\/\/roveyayinevi.com.tr\/index.php\/wp-json\/wp\/v2\/product_tag?post=749089"}],"curies":[{"name":"wp","href":"https:\/\/api.w.org\/{rel}","templated":true}]}}