{"id":749088,"date":"2025-08-28T03:47:04","date_gmt":"2025-08-28T00:47:04","guid":{"rendered":"https:\/\/roveyayinevi.com.tr\/index.php\/urun\/hafiflemenin-kutsal-kitabi\/"},"modified":"2026-04-07T03:07:08","modified_gmt":"2026-04-07T00:07:08","slug":"hafiflemenin-kutsal-kitabi","status":"publish","type":"product","link":"https:\/\/roveyayinevi.com.tr\/index.php\/urun\/hafiflemenin-kutsal-kitabi\/","title":{"rendered":"Hafiflemenin Kutsal Kitab\u0131"},"content":{"rendered":"<p>Elinde tuttu\u011fun bu kitap bedenini, bu d\u00fcnyadaki en kutsal mabedini akl\u0131nla yeniden in\u015fa etmen i\u00e7in yaz\u0131ld\u0131. Ruhunu s\u0131k\u0131\u015ft\u0131\u011f\u0131 yerlerden \u00e7\u0131karacak, zihninin ge\u00e7mi\u015ften getirdi\u011fi korkular\u0131 ar\u0131nd\u0131racak, beden mabedini en g\u00fczel \u015fekline getirece\u011fiz birlikte. Hafifleyece\u011fiz. \u015eimdiye kadar belki bedenini zihninin kal\u0131n duvarlar\u0131yla \u00f6rd\u00fcn, mabedini b\u00fcy\u00fctt\u00fck\u00e7e \u00f6zg\u00fcr olurum zannettin, ruhunu hapsettin. Bu kitab\u0131 eline ald\u0131ysan vard\u0131r bir nedeni. Bilirsin; \u201cEvrende tesad\u00fcflere tesad\u00fcf edilmez.\u201d Belki de bir g\u00fcn bir yerlerde hafiflemeye niyet etmi\u015ftin. Ruhen, zihnen, bedenen\u2026 Her niyetin kabul oldu\u011fu bir zaman vard\u0131r. Belli ki senin de zaman\u0131n geldi&#8230; Hafifleyeceksin. Beden sadece sonucu g\u00f6sterir zaten\u2026 Ece Benligiray Hafiflemenin Kutsal Kitab\u0131\u2019nda ruh-zihin-beden b\u00fct\u00fcnl\u00fc\u011f\u00fcn\u00fc kurarak hafiflemenin; ideal bedenimize kavu\u015farak enerjik, sa\u011fl\u0131kl\u0131, mutlu ve doyumlu bir ya\u015fam s\u00fcrd\u00fcrmenin sihirli ve kolayl\u0131kla uygulanabilir yolunu a\u00e7\u0131yor. <\/p>\n","protected":false},"excerpt":{"rendered":"<p>Elinde tuttu\u011fun bu kitap bedenini, bu d\u00fcnyadaki en kutsal mabedini akl\u0131nla yeniden in\u015fa etmen i\u00e7in yaz\u0131ld\u0131. Ruhunu s\u0131k\u0131\u015ft\u0131\u011f\u0131 yerlerden \u00e7\u0131karacak, zihninin ge\u00e7mi\u015ften getirdi\u011fi korkular\u0131 ar\u0131nd\u0131racak, beden<span class=\"excerpt-hellip\"> [\u2026]<\/span><\/p>\n","protected":false},"featured_media":0,"template":"","meta":{"_monsterinsights_skip_tracking":false,"_monsterinsights_sitenote_active":false,"_monsterinsights_sitenote_note":"","_monsterinsights_sitenote_category":0},"product_brand":[],"product_cat":[12364,12376],"product_tag":[],"class_list":{"0":"post-749088","1":"product","2":"type-product","3":"status-publish","5":"product_cat-genel-konular","6":"product_cat-kisisel-gelisim","7":"pa_cilt-ciltsiz","8":"pa_tur-kitap","9":"pa_yayinevi-muptela-yayinevi","10":"pa_yazar-ece-benligiray","12":"first","13":"instock","14":"sale","15":"shipping-taxable","16":"purchasable","17":"product-type-simple"},"_links":{"self":[{"href":"https:\/\/roveyayinevi.com.tr\/index.php\/wp-json\/wp\/v2\/product\/749088","targetHints":{"allow":["GET"]}}],"collection":[{"href":"https:\/\/roveyayinevi.com.tr\/index.php\/wp-json\/wp\/v2\/product"}],"about":[{"href":"https:\/\/roveyayinevi.com.tr\/index.php\/wp-json\/wp\/v2\/types\/product"}],"wp:attachment":[{"href":"https:\/\/roveyayinevi.com.tr\/index.php\/wp-json\/wp\/v2\/media?parent=749088"}],"wp:term":[{"taxonomy":"product_brand","embeddable":true,"href":"https:\/\/roveyayinevi.com.tr\/index.php\/wp-json\/wp\/v2\/product_brand?post=749088"},{"taxonomy":"product_cat","embeddable":true,"href":"https:\/\/roveyayinevi.com.tr\/index.php\/wp-json\/wp\/v2\/product_cat?post=749088"},{"taxonomy":"product_tag","embeddable":true,"href":"https:\/\/roveyayinevi.com.tr\/index.php\/wp-json\/wp\/v2\/product_tag?post=749088"}],"curies":[{"name":"wp","href":"https:\/\/api.w.org\/{rel}","templated":true}]}}