{"id":749082,"date":"2025-08-28T03:46:54","date_gmt":"2025-08-28T00:46:54","guid":{"rendered":"https:\/\/roveyayinevi.com.tr\/index.php\/urun\/neuromancer\/"},"modified":"2026-04-16T03:01:44","modified_gmt":"2026-04-16T00:01:44","slug":"neuromancer","status":"publish","type":"product","link":"https:\/\/roveyayinevi.com.tr\/index.php\/urun\/neuromancer\/","title":{"rendered":"Neuromancer"},"content":{"rendered":"<p>1985 HUGO EN \u0130Y\u0130 ROMAN \u00d6D\u00dcL\u00dc 1985 NEBULA EN \u0130Y\u0130 ROMAN \u00d6D\u00dcL\u00dc 1984 PHILIP K. DICK \u00d6D\u00dcL\u00dc   \u201cNeuromancer, bilimkurgu gelene\u011finin bir devam\u0131 olsa da nevi \u015fahs\u0131na m\u00fcnhas\u0131r bir kitap.\u201d \u2013Neil Gaiman   \u201cL\u0130MANIN TEPES\u0130NDEK\u0130 G\u00d6KY\u00dcZ\u00dc, \u00d6L\u00dc B\u0130R KANALA \u00c7EVR\u0130LM\u0130\u015e TELEV\u0130ZYON RENG\u0130NDEYD\u0130.\u201d   William Gibson, ad\u0131n\u0131 bilimkurgu tarihine neon harflerle yazd\u0131rm\u0131\u015f, siberpunk t\u00fcr\u00fcn\u00fc \u00e2deta tek ba\u015f\u0131na var etmi\u015f bir yazar. \u0130lk roman\u0131 Neuromancer da yay\u0131mland\u0131\u011f\u0131 andan itibaren t\u00fcr\u00fcn klasiklerinden birine d\u00f6n\u00fc\u015fen, bir\u00e7ok alanda etkisini h\u00e2l\u00e2 hissetti\u011fimiz bir \u015faheser.   Yetenekli siberuzay kovboyu Case, i\u015fverenini soyarken yakaland\u0131\u011f\u0131 i\u00e7in psikedelik bir ila\u00e7la matrisle olan ba\u011flant\u0131s\u0131n\u0131 yitirir. Etten bir beden i\u00e7inde s\u0131k\u0131\u015fan ve eskisi gibi matrise ba\u011flan\u0131p \u00f6zg\u00fcrce s\u00fcz\u00fclmenin hayalini kuran Case, ya\u015fad\u0131\u011f\u0131 kanunsuz \u00c7iba \u015eehri\u2019nde hayatta kalmak i\u00e7in her t\u00fcrl\u00fc tehlikeli i\u015fle ha\u015f\u0131r ne\u015fir olur.   Ayna g\u00f6zl\u00fckl\u00fc jiletk\u0131z Molly\u2019nin onu Armitage isimli gizemli bir i\u015fadam\u0131 i\u00e7in ka\u00e7\u0131rmas\u0131yla her \u015fey de\u011fi\u015fir. Case\u2019e matrise tekrar ba\u011flanabilmeyi vadeden Armitage, ondan imk\u00e2ns\u0131z\u0131 ger\u00e7ekle\u015ftirmesini ister. Bu ama\u00e7 u\u011fruna Case, Molly\u2019yle birlikte \u0130stanbul\u2019dan D\u00fcnya y\u00f6r\u00fcngesine ve siberuzay\u0131n en derin k\u00f6\u015felerine kadar uzanan, zorlu bir maceraya at\u0131lmak zorunda kalacakt\u0131r.   Siberuzayda ya\u015fam, her \u015feyden daha ger\u00e7ek olabilir mi? \u0130nsanlar etten bedenlerini geride b\u0131rakabilirler mi?   Neuromancer, kar\u015f\u0131l\u0131kl\u0131 mutabakata dayal\u0131 bir hal\u00fcsinasyon.   Yazar\u0131n sunu\u015fuyla   <\/p>\n","protected":false},"excerpt":{"rendered":"<p>1985 HUGO EN \u0130Y\u0130 ROMAN \u00d6D\u00dcL\u00dc 1985 NEBULA EN \u0130Y\u0130 ROMAN \u00d6D\u00dcL\u00dc 1984 PHILIP K. DICK \u00d6D\u00dcL\u00dc \u201cNeuromancer, bilimkurgu gelene\u011finin bir devam\u0131 olsa da nevi \u015fahs\u0131na<span class=\"excerpt-hellip\"> [\u2026]<\/span><\/p>\n","protected":false},"featured_media":0,"template":"","meta":{"_monsterinsights_skip_tracking":false,"_monsterinsights_sitenote_active":false,"_monsterinsights_sitenote_note":"","_monsterinsights_sitenote_category":0},"product_brand":[],"product_cat":[12540,12291],"product_tag":[],"class_list":{"0":"post-749082","1":"product","2":"type-product","3":"status-publish","5":"product_cat-bilim-kurgu","6":"product_cat-edebiyat","7":"pa_cilt-ciltsiz","8":"pa_tur-kitap","9":"pa_yayinevi-ithaki-yayinlari","10":"pa_yazar-william-gibson","12":"first","13":"instock","14":"sale","15":"shipping-taxable","16":"purchasable","17":"product-type-simple"},"_links":{"self":[{"href":"https:\/\/roveyayinevi.com.tr\/index.php\/wp-json\/wp\/v2\/product\/749082","targetHints":{"allow":["GET"]}}],"collection":[{"href":"https:\/\/roveyayinevi.com.tr\/index.php\/wp-json\/wp\/v2\/product"}],"about":[{"href":"https:\/\/roveyayinevi.com.tr\/index.php\/wp-json\/wp\/v2\/types\/product"}],"wp:attachment":[{"href":"https:\/\/roveyayinevi.com.tr\/index.php\/wp-json\/wp\/v2\/media?parent=749082"}],"wp:term":[{"taxonomy":"product_brand","embeddable":true,"href":"https:\/\/roveyayinevi.com.tr\/index.php\/wp-json\/wp\/v2\/product_brand?post=749082"},{"taxonomy":"product_cat","embeddable":true,"href":"https:\/\/roveyayinevi.com.tr\/index.php\/wp-json\/wp\/v2\/product_cat?post=749082"},{"taxonomy":"product_tag","embeddable":true,"href":"https:\/\/roveyayinevi.com.tr\/index.php\/wp-json\/wp\/v2\/product_tag?post=749082"}],"curies":[{"name":"wp","href":"https:\/\/api.w.org\/{rel}","templated":true}]}}