{"id":749080,"date":"2025-08-28T03:46:52","date_gmt":"2025-08-28T00:46:52","guid":{"rendered":"https:\/\/roveyayinevi.com.tr\/index.php\/urun\/aptal-insanlar-zeki-makineler\/"},"modified":"2026-04-16T03:01:43","modified_gmt":"2026-04-16T00:01:43","slug":"aptal-insanlar-zeki-makineler","status":"publish","type":"product","link":"https:\/\/roveyayinevi.com.tr\/index.php\/urun\/aptal-insanlar-zeki-makineler\/","title":{"rendered":"Aptal \u0130nsanlar, Zeki Makineler"},"content":{"rendered":"<p>\u201cO\u0308nce ben\u201d diyen, bir yanda tu\u0308ketim ve teknolojik gelis\u0327melerle sarhos\u0327, o\u0308te yanda umutsuzluk ve kaybetmis\u0327lik duygusuyla sersemlemis\u0327, siyasetten uzaklas\u0327\u0131rken insan\u0131n insanla dayan\u0131s\u0327mas\u0131 gereg\u0306ini uzun su\u0308redir bir kenara atm\u0131s\u0327 insanlar\u0131n c\u0327og\u0306u yas\u0327ad\u0131klar\u0131na ko\u0308r&#8230; Bundan yu\u0308z y\u0131l sonra makine-insan kar\u0131s\u0327\u0131m\u0131 bir siborg olmas\u0131n\u0131n, c\u0327ok uzun yas\u0327amas\u0131n\u0131n, Mars\u2019ta yas\u0327amaya bas\u0327lamas\u0131n\u0131n mu\u0308mku\u0308n oldug\u0306unu go\u0308rebiliyoruz ama ekonomik-teknolojik ac\u0327\u0131dan yarat\u0131c\u0131l\u0131g\u0306\u0131 ve becerisi artarken, nas\u0131l bir insan anlay\u0131s\u0327\u0131na ve nas\u0131l bir insan du\u0308nyas\u0131na yol ac\u0327acag\u0306\u0131n\u0131 bilemiyoruz.Meryem Koray, Aptal I\u0307nsanlar Zeki Makineler\u2019de, muazzam teknolojik gelis\u0327menin ufkuna bak\u0131yor. I\u0307s\u0327 arkadas\u0327\u0131 olman\u0131n yan\u0131nda o\u0308zel yas\u0327ama da kar\u0131s\u0327acak \u201csosyal robotlar\u0131n\u201d yer alacag\u0306\u0131 bir ufuk bu&#8230;Ancak bu ufukta, bir \u201cinsanl\u0131k hali\u201d krizi de go\u0308ru\u0308nu\u0308yor: Muazzam teknolojik gelis\u0327me \u201cinsanlas\u0327man\u0131n\u201d gelis\u0327mesine mi yol ac\u0327acak, yoksa teknolojiden gu\u0308c\u0327 alan bir \u201cbarbarlas\u0327maya\u201d m\u0131 gec\u0327eceg\u0306iz? Kapitalist sistemin silah+para+bilgi+teknoloji denklemine dayanan ve art\u0131k muhtes\u0327em bir aptall\u0131g\u0306a do\u0308nu\u0308s\u0327en egemenlig\u0306i as\u0327\u0131lamazsa, k\u0131yamet romanlar\u0131 peka\u0302la\u0302 gerc\u0327ek olabilir. \u201cI\u0307yi ki c\u0327at\u0131s\u0327malar, c\u0327elis\u0327kiler ic\u0327inde bir varl\u0131g\u0306\u0131z!\u201d diyor Meryem Koray ; sorunun sebebi de c\u0327o\u0308zu\u0308mu\u0308 de, insan\u0131n c\u0327elis\u0327kili ve karmas\u0327\u0131k varl\u0131g\u0306\u0131nda. \u201cKu\u0308reseltoplumsal bir bilinc\u0327 ve ku\u0308resel yurttas\u0327l\u0131k anlay\u0131s\u0327\u0131na sahip bir \u2018Biz\u2019in\u201d aptall\u0131g\u0306a son vermesi umudunun kaynag\u0306\u0131 da o. <\/p>\n","protected":false},"excerpt":{"rendered":"<p>\u201cO\u0308nce ben\u201d diyen, bir yanda tu\u0308ketim ve teknolojik gelis\u0327melerle sarhos\u0327, o\u0308te yanda umutsuzluk ve kaybetmis\u0327lik duygusuyla sersemlemis\u0327, siyasetten uzaklas\u0327\u0131rken insan\u0131n insanla dayan\u0131s\u0327mas\u0131 gereg\u0306ini uzun su\u0308redir bir<span class=\"excerpt-hellip\"> [\u2026]<\/span><\/p>\n","protected":false},"featured_media":0,"template":"","meta":{"_monsterinsights_skip_tracking":false,"_monsterinsights_sitenote_active":false,"_monsterinsights_sitenote_note":"","_monsterinsights_sitenote_category":0},"product_brand":[],"product_cat":[14787,13488],"product_tag":[],"class_list":{"0":"post-749080","1":"product","2":"type-product","3":"status-publish","5":"product_cat-diger-toplum-ve-insan","6":"product_cat-toplum-ve-insan","7":"pa_cilt-ciltsiz","8":"pa_tur-kitap","9":"pa_yayinevi-iletisim-yayinlari","10":"pa_yazar-meryem-koray","12":"first","13":"instock","14":"sale","15":"shipping-taxable","16":"purchasable","17":"product-type-simple"},"_links":{"self":[{"href":"https:\/\/roveyayinevi.com.tr\/index.php\/wp-json\/wp\/v2\/product\/749080","targetHints":{"allow":["GET"]}}],"collection":[{"href":"https:\/\/roveyayinevi.com.tr\/index.php\/wp-json\/wp\/v2\/product"}],"about":[{"href":"https:\/\/roveyayinevi.com.tr\/index.php\/wp-json\/wp\/v2\/types\/product"}],"wp:attachment":[{"href":"https:\/\/roveyayinevi.com.tr\/index.php\/wp-json\/wp\/v2\/media?parent=749080"}],"wp:term":[{"taxonomy":"product_brand","embeddable":true,"href":"https:\/\/roveyayinevi.com.tr\/index.php\/wp-json\/wp\/v2\/product_brand?post=749080"},{"taxonomy":"product_cat","embeddable":true,"href":"https:\/\/roveyayinevi.com.tr\/index.php\/wp-json\/wp\/v2\/product_cat?post=749080"},{"taxonomy":"product_tag","embeddable":true,"href":"https:\/\/roveyayinevi.com.tr\/index.php\/wp-json\/wp\/v2\/product_tag?post=749080"}],"curies":[{"name":"wp","href":"https:\/\/api.w.org\/{rel}","templated":true}]}}