{"id":749078,"date":"2025-08-28T03:46:50","date_gmt":"2025-08-28T00:46:50","guid":{"rendered":"https:\/\/roveyayinevi.com.tr\/index.php\/urun\/gestalt-kurami\/"},"modified":"2026-04-16T03:01:43","modified_gmt":"2026-04-16T00:01:43","slug":"gestalt-kurami","status":"publish","type":"product","link":"https:\/\/roveyayinevi.com.tr\/index.php\/urun\/gestalt-kurami\/","title":{"rendered":"Ge\u015ftalt Kuram\u0131"},"content":{"rendered":"<p>Bu kitap, psikolojinin bug\u00fcne dek geli\u015ftirdi\u011fi belki de en ilgin\u00e7 ancak en az anla\u015f\u0131lm\u0131\u015f kuram olan Ge\u015ftalt kuram\u0131na dair, psikoloji tarihi i\u00e7inde k\u00fc\u00e7\u00fck bir \u201cbellek tazeleme\u201d \u00e7al\u0131\u015fmas\u0131 say\u0131labilir. Amac\u0131m\u0131z, orijinal hali hakk\u0131nda \u00e7ok az \u015fey bilinen, bilinenlerin ise \u2013kimi zaman terc\u00fcme eksi\u011fi veya hatalar\u0131ndan, kimi zaman da orijinal eserlerin okunmamas\u0131ndan\u2013 ya \u00e7ok eksik ya da d\u00fcped\u00fcz yanl\u0131\u015f oldu\u011fu, d\u00fcnyaya bamba\u015fka g\u00f6zl\u00fcklerle bakan bu \u00e7arp\u0131c\u0131 kurama biraz olsun \u201chakk\u0131n\u0131\u201d iade etmek. Kuram\u0131n \u00f6zellikle iki y\u00f6n\u00fc olduk\u00e7a heyecan verici. Bunlardan biri, kuram\u0131n alg\u0131 d\u0131\u015f\u0131nda psikolojinin t\u00fcm di\u011fer alanlar\u0131na dair de \u00f6nermelerinin bulunmas\u0131 ve hatta psikolojinin \u00f6tesine de uzanabilecek kapsamda bir genel kavray\u0131\u015f\u0131n \u00fczerine kurulu olmas\u0131. Bir di\u011feri ise, psikoloji tarihi i\u00e7inde \u2013hele ki Anglo-Amerikan psikoloji ekol\u00fcn\u00fcn adeta \u201cdayatmas\u0131yla\u201d\u2013 her \u015feyin iki z\u0131t kamp \u00fczerinden tan\u0131mlanmas\u0131n\u0131 t\u00fcm\u00fcyle reddetmesi.   Ge\u015ftalt kuram\u0131n\u0131 \u201ctarihin tozlu sayfalar\u0131ndaki bir kuram\u201d olarak g\u00f6rmek hayli yanl\u0131\u015f olur. \u00d6zellikle anaak\u0131m psikolojide \u201ctarihe g\u00f6m\u00fcld\u00fc\u011f\u00fc\u201d s\u00f6ylenen bu kuram ilgin\u00e7 bir \u015fekilde asl\u0131nda hi\u00e7bir zaman tam olarak g\u00f6m\u00fclemedi. Hele ki sofistikasyonu giderek artan matematiksel modellerin geli\u015fi, n\u00f6robilim ve bilgisayar bilimlerindeki \u00e7arp\u0131c\u0131 geli\u015fmeler bir anda Ge\u015ftalt kuram\u0131n\u0131 yeniden \u00e7al\u0131\u015fmalar\u0131n oda\u011f\u0131na yerle\u015ftirmi\u015f gibi g\u00f6r\u00fcn\u00fcyor. Kuram\u0131n parmak bast\u0131\u011f\u0131 \u00e7ok can al\u0131c\u0131 meseleler var ve yirmi birinci y\u00fczy\u0131lda, olaylar\u0131 daha karma\u015f\u0131k dinamik sistemler \u00fczerinden inceleyebilen bir bak\u0131\u015fa ihtiya\u00e7 duyulaca\u011fa benziyor.   \u2014 Esra Mungan <\/p>\n","protected":false},"excerpt":{"rendered":"<p>Bu kitap, psikolojinin bug\u00fcne dek geli\u015ftirdi\u011fi belki de en ilgin\u00e7 ancak en az anla\u015f\u0131lm\u0131\u015f kuram olan Ge\u015ftalt kuram\u0131na dair, psikoloji tarihi i\u00e7inde k\u00fc\u00e7\u00fck bir \u201cbellek tazeleme\u201d<span class=\"excerpt-hellip\"> [\u2026]<\/span><\/p>\n","protected":false},"featured_media":0,"template":"","meta":{"_monsterinsights_skip_tracking":false,"_monsterinsights_sitenote_active":false,"_monsterinsights_sitenote_note":"","_monsterinsights_sitenote_category":0},"product_brand":[],"product_cat":[12357],"product_tag":[],"class_list":{"0":"post-749078","1":"product","2":"type-product","3":"status-publish","5":"product_cat-psikoloji","6":"pa_cilt-ciltsiz","7":"pa_tur-kitap","8":"pa_yayinevi-metis-yayinlari","9":"pa_yazar-esra-mungan","11":"first","12":"instock","13":"sale","14":"shipping-taxable","15":"purchasable","16":"product-type-simple"},"_links":{"self":[{"href":"https:\/\/roveyayinevi.com.tr\/index.php\/wp-json\/wp\/v2\/product\/749078","targetHints":{"allow":["GET"]}}],"collection":[{"href":"https:\/\/roveyayinevi.com.tr\/index.php\/wp-json\/wp\/v2\/product"}],"about":[{"href":"https:\/\/roveyayinevi.com.tr\/index.php\/wp-json\/wp\/v2\/types\/product"}],"wp:attachment":[{"href":"https:\/\/roveyayinevi.com.tr\/index.php\/wp-json\/wp\/v2\/media?parent=749078"}],"wp:term":[{"taxonomy":"product_brand","embeddable":true,"href":"https:\/\/roveyayinevi.com.tr\/index.php\/wp-json\/wp\/v2\/product_brand?post=749078"},{"taxonomy":"product_cat","embeddable":true,"href":"https:\/\/roveyayinevi.com.tr\/index.php\/wp-json\/wp\/v2\/product_cat?post=749078"},{"taxonomy":"product_tag","embeddable":true,"href":"https:\/\/roveyayinevi.com.tr\/index.php\/wp-json\/wp\/v2\/product_tag?post=749078"}],"curies":[{"name":"wp","href":"https:\/\/api.w.org\/{rel}","templated":true}]}}