{"id":749077,"date":"2025-08-28T03:46:48","date_gmt":"2025-08-28T00:46:48","guid":{"rendered":"https:\/\/roveyayinevi.com.tr\/index.php\/urun\/sevgi-soysal-yasasaydi-asik-olurdum\/"},"modified":"2026-04-16T03:01:43","modified_gmt":"2026-04-16T00:01:43","slug":"sevgi-soysal-yasasaydi-asik-olurdum","status":"publish","type":"product","link":"https:\/\/roveyayinevi.com.tr\/index.php\/urun\/sevgi-soysal-yasasaydi-asik-olurdum\/","title":{"rendered":"Sevgi Soysal: Ya\u015fasayd\u0131 A\u015f\u0131k Olurdum"},"content":{"rendered":"<p>Erdal Do\u011fan&#8217;\u0131n bu biyografisi, edebiyat\u0131m\u0131z\u0131n unutulmaz isimlerinden, Yeni\u015fehir&#8217;de Bir \u00d6\u011fle Vakti&#8217;nin, Tante Rosa&#8217;n\u0131n, Bar\u0131\u015f Adl\u0131 \u00c7ocuk&#8217;un, Ho\u015fgeldin \u00d6l\u00fcm&#8217;\u00fcn yazar\u0131n\u0131n hayat \u00f6yk\u00fcs\u00fcn\u00fc kapsaml\u0131 bir ara\u015ft\u0131rma, ilk elden tan\u0131kl\u0131klar ve etkileyici bir dille sunuyor okura&#8230; <\/p>\n","protected":false},"excerpt":{"rendered":"<p>Erdal Do\u011fan&#8217;\u0131n bu biyografisi, edebiyat\u0131m\u0131z\u0131n unutulmaz isimlerinden, Yeni\u015fehir&#8217;de Bir \u00d6\u011fle Vakti&#8217;nin, Tante Rosa&#8217;n\u0131n, Bar\u0131\u015f Adl\u0131 \u00c7ocuk&#8217;un, Ho\u015fgeldin \u00d6l\u00fcm&#8217;\u00fcn yazar\u0131n\u0131n hayat \u00f6yk\u00fcs\u00fcn\u00fc kapsaml\u0131 bir ara\u015ft\u0131rma, ilk elden<span class=\"excerpt-hellip\"> [\u2026]<\/span><\/p>\n","protected":false},"featured_media":0,"template":"","meta":{"_monsterinsights_skip_tracking":false,"_monsterinsights_sitenote_active":false,"_monsterinsights_sitenote_note":"","_monsterinsights_sitenote_category":0},"product_brand":[],"product_cat":[14009,12291],"product_tag":[],"class_list":{"0":"post-749077","1":"product","2":"type-product","3":"status-publish","5":"product_cat-biyografi-otobiyografi-edebiyat","6":"product_cat-edebiyat","7":"pa_cilt-ciltsiz","8":"pa_tur-kitap","9":"pa_yayinevi-agora-kitapligi","10":"pa_yazar-erdal-dogan","12":"first","13":"instock","14":"sale","15":"shipping-taxable","16":"purchasable","17":"product-type-simple"},"_links":{"self":[{"href":"https:\/\/roveyayinevi.com.tr\/index.php\/wp-json\/wp\/v2\/product\/749077","targetHints":{"allow":["GET"]}}],"collection":[{"href":"https:\/\/roveyayinevi.com.tr\/index.php\/wp-json\/wp\/v2\/product"}],"about":[{"href":"https:\/\/roveyayinevi.com.tr\/index.php\/wp-json\/wp\/v2\/types\/product"}],"wp:attachment":[{"href":"https:\/\/roveyayinevi.com.tr\/index.php\/wp-json\/wp\/v2\/media?parent=749077"}],"wp:term":[{"taxonomy":"product_brand","embeddable":true,"href":"https:\/\/roveyayinevi.com.tr\/index.php\/wp-json\/wp\/v2\/product_brand?post=749077"},{"taxonomy":"product_cat","embeddable":true,"href":"https:\/\/roveyayinevi.com.tr\/index.php\/wp-json\/wp\/v2\/product_cat?post=749077"},{"taxonomy":"product_tag","embeddable":true,"href":"https:\/\/roveyayinevi.com.tr\/index.php\/wp-json\/wp\/v2\/product_tag?post=749077"}],"curies":[{"name":"wp","href":"https:\/\/api.w.org\/{rel}","templated":true}]}}