{"id":749074,"date":"2025-08-28T03:46:43","date_gmt":"2025-08-28T00:46:43","guid":{"rendered":"https:\/\/roveyayinevi.com.tr\/index.php\/urun\/henuz-yolcuyum\/"},"modified":"2026-04-16T03:01:43","modified_gmt":"2026-04-16T00:01:43","slug":"henuz-yolcuyum","status":"publish","type":"product","link":"https:\/\/roveyayinevi.com.tr\/index.php\/urun\/henuz-yolcuyum\/","title":{"rendered":"Hen\u00fcz Yolcuyum"},"content":{"rendered":"<p>\u201c\u0130lkokulun iyi \u00f6\u011frencilerindendim. Ama okulu sevmiyordum. Okula gidece\u011fim zaman kalp a\u011fr\u0131s\u0131 \u00e7ekerdim. U\u00e7urtmay\u0131 ders kitab\u0131ndan daha \u00e7ok seviyordum. A\u011fustosb\u00f6ce\u011finin sesini \u00f6\u011fretmenin \u00f6\u011f\u00fctlerine tercih ederdim. \u015eehrimde m\u00fcze yoktu. Galeri yoktu. \u00d6\u011fretmen yoktu. Ele\u015ftirmen yoktu. Grav\u00fcr yoktu. Film yoktu. Ama insan ve \u00e7evreyle akrabal\u0131k, yak\u0131nl\u0131k vard\u0131. Birle\u015fen eller ve kerpi\u00e7 duvarlar vard\u0131. G\u00f6ky\u00fcz\u00fc vard\u0131. Tecr\u00fcbenin canl\u0131l\u0131\u011f\u0131 vard\u0131. Yal\u0131nayak y\u00fcr\u00fcnebilirdi. Topra\u011f\u0131n sertli\u011fi tecr\u00fcbe edilebilirdi. Nar kopar\u0131labilir ve yeni bir ahlak tasarlanabilirdi. Duvar\u0131n kerpiciyle dedikodu yap\u0131labilirdi. Soka\u011f\u0131n duvar\u0131 insanla beraber y\u00fcr\u00fcrd\u00fc. B\u00f6yle bir \u015fehirde biz, bilin\u00e7lenmedik. Ele\u015ftiren, k\u0131yaslayan insanlar olmad\u0131k. \u015eekil vermedik. Kendi duygusall\u0131\u011f\u0131m\u0131z i\u00e7inde y\u00fcz\u00fcyorduk. Y\u00fcre\u011fimizi kaybediyorduk. Meftun oluyorduk. Biriktirip durdu\u011fumuz \u015fey, tecr\u00fcbenin zaferiydi. O kadar erken kalk\u0131yorduk ki, uzak k\u00f6ylerde g\u00fcne\u015fin do\u011fu\u015funu tecr\u00fcbe ediyorduk. Biz, geni\u015flik ve ferahl\u0131\u011f\u0131n \u00e7ocuklar\u0131yd\u0131k. Geni\u015f ufuklar\u0131 \u00f6v\u00fcyorduk. Zaman, bizim nefesimizde ak\u0131p gidiyordu. Kumlar\u0131n al\u00e7akg\u00f6n\u00fcll\u00fcl\u00fc\u011f\u00fc \u00f6\u011freticiydi. Ufkun oldu\u011fu bir yerde, al\u00e7akg\u00f6n\u00fcll\u00fcl\u00fc\u011f\u00fcn olmamas\u0131 d\u00fc\u015f\u00fcn\u00fclemezdi.\u201d  <\/p>\n","protected":false},"excerpt":{"rendered":"<p>\u201c\u0130lkokulun iyi \u00f6\u011frencilerindendim. Ama okulu sevmiyordum. Okula gidece\u011fim zaman kalp a\u011fr\u0131s\u0131 \u00e7ekerdim. U\u00e7urtmay\u0131 ders kitab\u0131ndan daha \u00e7ok seviyordum. A\u011fustosb\u00f6ce\u011finin sesini \u00f6\u011fretmenin \u00f6\u011f\u00fctlerine tercih ederdim. \u015eehrimde m\u00fcze<span class=\"excerpt-hellip\"> [\u2026]<\/span><\/p>\n","protected":false},"featured_media":0,"template":"","meta":{"_monsterinsights_skip_tracking":false,"_monsterinsights_sitenote_active":false,"_monsterinsights_sitenote_note":"","_monsterinsights_sitenote_category":0},"product_brand":[],"product_cat":[14009,12291],"product_tag":[],"class_list":{"0":"post-749074","1":"product","2":"type-product","3":"status-publish","5":"product_cat-biyografi-otobiyografi-edebiyat","6":"product_cat-edebiyat","7":"pa_cilt-ciltsiz","8":"pa_tur-kitap","9":"pa_yayinevi-alfa-yayinlari","10":"pa_yazar-sohrap-sepehri","12":"first","13":"instock","14":"sale","15":"shipping-taxable","16":"purchasable","17":"product-type-simple"},"_links":{"self":[{"href":"https:\/\/roveyayinevi.com.tr\/index.php\/wp-json\/wp\/v2\/product\/749074","targetHints":{"allow":["GET"]}}],"collection":[{"href":"https:\/\/roveyayinevi.com.tr\/index.php\/wp-json\/wp\/v2\/product"}],"about":[{"href":"https:\/\/roveyayinevi.com.tr\/index.php\/wp-json\/wp\/v2\/types\/product"}],"wp:attachment":[{"href":"https:\/\/roveyayinevi.com.tr\/index.php\/wp-json\/wp\/v2\/media?parent=749074"}],"wp:term":[{"taxonomy":"product_brand","embeddable":true,"href":"https:\/\/roveyayinevi.com.tr\/index.php\/wp-json\/wp\/v2\/product_brand?post=749074"},{"taxonomy":"product_cat","embeddable":true,"href":"https:\/\/roveyayinevi.com.tr\/index.php\/wp-json\/wp\/v2\/product_cat?post=749074"},{"taxonomy":"product_tag","embeddable":true,"href":"https:\/\/roveyayinevi.com.tr\/index.php\/wp-json\/wp\/v2\/product_tag?post=749074"}],"curies":[{"name":"wp","href":"https:\/\/api.w.org\/{rel}","templated":true}]}}