{"id":749073,"date":"2025-08-28T03:46:42","date_gmt":"2025-08-28T00:46:42","guid":{"rendered":"https:\/\/roveyayinevi.com.tr\/index.php\/urun\/hitit-dunyasinda-yasam-ve-toplum\/"},"modified":"2026-04-16T03:01:43","modified_gmt":"2026-04-16T00:01:43","slug":"hitit-dunyasinda-yasam-ve-toplum","status":"publish","type":"product","link":"https:\/\/roveyayinevi.com.tr\/index.php\/urun\/hitit-dunyasinda-yasam-ve-toplum\/","title":{"rendered":"Hitit D\u00fcnyas\u0131nda Ya\u015fam ve Toplum"},"content":{"rendered":"<p>Hitit d\u00fcnyas\u0131n\u0131 \u00e7ok \u00e7e\u015fitli y\u00f6nleriyle ele alan bu kitap, yazar\u0131n Hitit Krall\u0131\u011f\u0131&#8217;nda sundu\u011fu askeri ve siyasi tarihi tamaml\u0131yor. Hitit d\u00fcnyas\u0131nda ya\u015faman\u0131n, kutlamalar\u0131na kat\u0131lman\u0131n, krizlerine ortak olman\u0131n, onlarla ba\u015fkentin sokaklar\u0131nda veya evlerinde bulu\u015fman\u0131n, bir \u015fifa rit\u00fcelinin g\u00f6r\u00fcnt\u00fclerini, seslerini ve kokular\u0131n\u0131 deneyimleyecek, \u201cB\u00fcy\u00fck Kral\u201dla bir g\u00f6steriye kat\u0131lacaks\u0131n\u0131z.   \u201cA\u00e7\u0131kl\u0131\u011f\u0131 bilimsel titizlikle birle\u015ftiren; bilgi ve d\u00fc\u015f\u00fcnce dolu bu kitap, \u00fcniversite \u00f6\u011frencileri ve antik tarih merakl\u0131lar\u0131n\u0131n vazge\u00e7emeyecekleri bir kaynak.\u201d \u2013Times Higher Education Supplement   \u201cTrevor Bryce, bug\u00fcn Anadolu ara\u015ft\u0131rmalar\u0131n\u0131n yayg\u0131nla\u015fmas\u0131nda \u00e7ok etkili olmu\u015f bir biliminsan\u0131d\u0131r. Bir otorite olarak, Hititlerin olabilecek en net tarihini \u00fcretmi\u015fti; \u015fimdi de bize Hitit k\u00fclt\u00fcr\u00fc \u00fczerine bir ara\u015ft\u0131rma sunuyor.\u201d   \u2013Bryn Mawr, Classical Review<\/p>\n","protected":false},"excerpt":{"rendered":"<p>Hitit d\u00fcnyas\u0131n\u0131 \u00e7ok \u00e7e\u015fitli y\u00f6nleriyle ele alan bu kitap, yazar\u0131n Hitit Krall\u0131\u011f\u0131&#8217;nda sundu\u011fu askeri ve siyasi tarihi tamaml\u0131yor. Hitit d\u00fcnyas\u0131nda ya\u015faman\u0131n, kutlamalar\u0131na kat\u0131lman\u0131n, krizlerine ortak olman\u0131n,<span class=\"excerpt-hellip\"> [\u2026]<\/span><\/p>\n","protected":false},"featured_media":0,"template":"","meta":{"_monsterinsights_skip_tracking":false,"_monsterinsights_sitenote_active":false,"_monsterinsights_sitenote_note":"","_monsterinsights_sitenote_category":0},"product_brand":[],"product_cat":[12304],"product_tag":[],"class_list":{"0":"post-749073","1":"product","2":"type-product","3":"status-publish","5":"product_cat-tarih","6":"pa_cilt-ciltsiz","7":"pa_tur-kitap","8":"pa_yayinevi-alfa-yayinlari","9":"pa_yazar-trevor-bryce","11":"first","12":"instock","13":"sale","14":"shipping-taxable","15":"purchasable","16":"product-type-simple"},"_links":{"self":[{"href":"https:\/\/roveyayinevi.com.tr\/index.php\/wp-json\/wp\/v2\/product\/749073","targetHints":{"allow":["GET"]}}],"collection":[{"href":"https:\/\/roveyayinevi.com.tr\/index.php\/wp-json\/wp\/v2\/product"}],"about":[{"href":"https:\/\/roveyayinevi.com.tr\/index.php\/wp-json\/wp\/v2\/types\/product"}],"wp:attachment":[{"href":"https:\/\/roveyayinevi.com.tr\/index.php\/wp-json\/wp\/v2\/media?parent=749073"}],"wp:term":[{"taxonomy":"product_brand","embeddable":true,"href":"https:\/\/roveyayinevi.com.tr\/index.php\/wp-json\/wp\/v2\/product_brand?post=749073"},{"taxonomy":"product_cat","embeddable":true,"href":"https:\/\/roveyayinevi.com.tr\/index.php\/wp-json\/wp\/v2\/product_cat?post=749073"},{"taxonomy":"product_tag","embeddable":true,"href":"https:\/\/roveyayinevi.com.tr\/index.php\/wp-json\/wp\/v2\/product_tag?post=749073"}],"curies":[{"name":"wp","href":"https:\/\/api.w.org\/{rel}","templated":true}]}}