{"id":749072,"date":"2025-08-28T03:46:40","date_gmt":"2025-08-28T00:46:40","guid":{"rendered":"https:\/\/roveyayinevi.com.tr\/index.php\/urun\/istasyonlar-arasinda\/"},"modified":"2026-04-16T03:01:43","modified_gmt":"2026-04-16T00:01:43","slug":"istasyonlar-arasinda","status":"publish","type":"product","link":"https:\/\/roveyayinevi.com.tr\/index.php\/urun\/istasyonlar-arasinda\/","title":{"rendered":"\u0130stasyonlar Aras\u0131nda"},"content":{"rendered":"<p>\u0130stasyonlar Aras\u0131nda isimli kitab\u0131nda James Attlee, 19. y\u00fczy\u0131lda Londra ile Bristol aras\u0131nda d\u00f6\u015fenen ve \u00fclkeyi b\u0131\u00e7ak gibi ortadan ikiye b\u00f6lerek iki b\u00fcy\u00fck \u015fehri birbirine ba\u011flayan Great Western Hatt\u0131\u2019n\u0131 takip ediyor. \u00c7\u0131\u011f\u0131r a\u00e7an tasar\u0131mlar\u0131 ve d\u00e2hice yap\u0131lar\u0131yla Sanayi Devrimi\u2019nin \u00f6nemli isimlerinden Isambard Kingdom Brunel\u2019in in\u015fa etti\u011fi demiryolu hatt\u0131nda tarihsel ve k\u00fclt\u00fcrel bir ke\u015ffe \u00e7\u0131k\u0131yor. Londra, Paddington \u0130stasyonu\u2019ndan ba\u015flayarak bat\u0131ya, Bristol\u2019e ilerleyi\u015fini \u201cKonumlar\u201d, \u201cSapmalar\u201d ve \u201cAra S\u00f6zler\u201d ba\u015fl\u0131klar\u0131 alt\u0131nda kaydeden yazar, h\u00e2l\u00e2 her g\u00fcn binlerce ki\u015finin seyahat etti\u011fi hat boyunca Oscar Wilde, Diana Dors, T.E. Lawrence, Eddie Cochran, Haile Selassie ve elbette Isambard Kingdom Brunel\u2019in izini s\u00fcrerek okuru merak uyand\u0131r\u0131c\u0131 bir seyahate davet ediyor.   \u0130stasyonlar Aras\u0131nda benzersiz bir demiryolu seyahati kayd\u0131 \u2013 k\u0131smen ki\u015fisel bir yolculuk, k\u0131smen tarih, k\u0131smen mimarl\u0131k rehberi, k\u0131smen seyahatin do\u011fas\u0131na dair bir tefekk\u00fcr, k\u0131smen ulusal benli\u011fin soru\u015fturmas\u0131&#8230; Hi\u00e7bir demiryolu kav\u015fa\u011f\u0131 Attlee\u2019nin g\u00f6z kama\u015ft\u0131r\u0131c\u0131 hayalperest ba\u011flant\u0131lar\u0131yla boy \u00f6l\u00e7\u00fc\u015femez.   Michael Williams, Independent <\/p>\n","protected":false},"excerpt":{"rendered":"<p>\u0130stasyonlar Aras\u0131nda isimli kitab\u0131nda James Attlee, 19. y\u00fczy\u0131lda Londra ile Bristol aras\u0131nda d\u00f6\u015fenen ve \u00fclkeyi b\u0131\u00e7ak gibi ortadan ikiye b\u00f6lerek iki b\u00fcy\u00fck \u015fehri birbirine ba\u011flayan Great<span class=\"excerpt-hellip\"> [\u2026]<\/span><\/p>\n","protected":false},"featured_media":0,"template":"","meta":{"_monsterinsights_skip_tracking":false,"_monsterinsights_sitenote_active":false,"_monsterinsights_sitenote_note":"","_monsterinsights_sitenote_category":0},"product_brand":[],"product_cat":[12777,12291],"product_tag":[],"class_list":{"0":"post-749072","1":"product","2":"type-product","3":"status-publish","5":"product_cat-deneme","6":"product_cat-edebiyat","7":"pa_cilt-ciltsiz","8":"pa_tur-kitap","9":"pa_yayinevi-everest-yayinlari","10":"pa_yazar-james-attlee","12":"first","13":"instock","14":"sale","15":"shipping-taxable","16":"purchasable","17":"product-type-simple"},"_links":{"self":[{"href":"https:\/\/roveyayinevi.com.tr\/index.php\/wp-json\/wp\/v2\/product\/749072","targetHints":{"allow":["GET"]}}],"collection":[{"href":"https:\/\/roveyayinevi.com.tr\/index.php\/wp-json\/wp\/v2\/product"}],"about":[{"href":"https:\/\/roveyayinevi.com.tr\/index.php\/wp-json\/wp\/v2\/types\/product"}],"wp:attachment":[{"href":"https:\/\/roveyayinevi.com.tr\/index.php\/wp-json\/wp\/v2\/media?parent=749072"}],"wp:term":[{"taxonomy":"product_brand","embeddable":true,"href":"https:\/\/roveyayinevi.com.tr\/index.php\/wp-json\/wp\/v2\/product_brand?post=749072"},{"taxonomy":"product_cat","embeddable":true,"href":"https:\/\/roveyayinevi.com.tr\/index.php\/wp-json\/wp\/v2\/product_cat?post=749072"},{"taxonomy":"product_tag","embeddable":true,"href":"https:\/\/roveyayinevi.com.tr\/index.php\/wp-json\/wp\/v2\/product_tag?post=749072"}],"curies":[{"name":"wp","href":"https:\/\/api.w.org\/{rel}","templated":true}]}}