{"id":749066,"date":"2025-08-28T03:46:30","date_gmt":"2025-08-28T00:46:30","guid":{"rendered":"https:\/\/roveyayinevi.com.tr\/index.php\/urun\/camiyi-seviyorum\/"},"modified":"2026-04-12T03:05:40","modified_gmt":"2026-04-12T00:05:40","slug":"camiyi-seviyorum","status":"publish","type":"product","link":"https:\/\/roveyayinevi.com.tr\/index.php\/urun\/camiyi-seviyorum\/","title":{"rendered":"Camiyi Seviyorum"},"content":{"rendered":"<p>Camileri \u00e7ok seviyorum Bazen babamla gideriz camiye bazen de ailece. Ama ennn \u00e7ok annemle gezeriz camileri. Her sabah sorar\u0131m, \u201cCami gezme g\u00fcn\u00fcm\u00fcz geldi mi?\u201d diye.   Yumu\u015fac\u0131k hal\u0131larda ko\u015fturmacalar, tespihlerle \u00e7e\u015fit \u00e7e\u015fit oyunlar&#8230; En g\u00fczeli de namaz k\u0131lmak! K\u00fc\u00e7\u00fck kahraman\u0131m\u0131z, camilerin ve namaz\u0131n g\u00fczelli\u011fini en i\u00e7ten c\u00fcmleleriyle anlat\u0131yor. Merve G\u00fclcemal\u2019in kaleminden hepimize iyi gelecek s\u0131cac\u0131k bir cami maceras\u0131.    <\/p>\n","protected":false},"excerpt":{"rendered":"<p>Camileri \u00e7ok seviyorum Bazen babamla gideriz camiye bazen de ailece. Ama ennn \u00e7ok annemle gezeriz camileri. Her sabah sorar\u0131m, \u201cCami gezme g\u00fcn\u00fcm\u00fcz geldi mi?\u201d diye. Yumu\u015fac\u0131k<span class=\"excerpt-hellip\"> [\u2026]<\/span><\/p>\n","protected":false},"featured_media":0,"template":"","meta":{"_monsterinsights_skip_tracking":false,"_monsterinsights_sitenote_active":false,"_monsterinsights_sitenote_note":"","_monsterinsights_sitenote_category":0},"product_brand":[],"product_cat":[12274,12284],"product_tag":[],"class_list":{"0":"post-749066","1":"product","2":"type-product","3":"status-publish","5":"product_cat-cocuk-ve-genclik-kitaplari","6":"product_cat-hikayeler","7":"pa_cilt-ciltsiz","8":"pa_tur-kitap","9":"pa_yayinevi-turkuvaz-kitap","10":"pa_yazar-merve-gulcemal","12":"first","13":"instock","14":"sale","15":"shipping-taxable","16":"purchasable","17":"product-type-simple"},"_links":{"self":[{"href":"https:\/\/roveyayinevi.com.tr\/index.php\/wp-json\/wp\/v2\/product\/749066","targetHints":{"allow":["GET"]}}],"collection":[{"href":"https:\/\/roveyayinevi.com.tr\/index.php\/wp-json\/wp\/v2\/product"}],"about":[{"href":"https:\/\/roveyayinevi.com.tr\/index.php\/wp-json\/wp\/v2\/types\/product"}],"wp:attachment":[{"href":"https:\/\/roveyayinevi.com.tr\/index.php\/wp-json\/wp\/v2\/media?parent=749066"}],"wp:term":[{"taxonomy":"product_brand","embeddable":true,"href":"https:\/\/roveyayinevi.com.tr\/index.php\/wp-json\/wp\/v2\/product_brand?post=749066"},{"taxonomy":"product_cat","embeddable":true,"href":"https:\/\/roveyayinevi.com.tr\/index.php\/wp-json\/wp\/v2\/product_cat?post=749066"},{"taxonomy":"product_tag","embeddable":true,"href":"https:\/\/roveyayinevi.com.tr\/index.php\/wp-json\/wp\/v2\/product_tag?post=749066"}],"curies":[{"name":"wp","href":"https:\/\/api.w.org\/{rel}","templated":true}]}}