{"id":749064,"date":"2025-08-28T03:46:26","date_gmt":"2025-08-28T00:46:26","guid":{"rendered":"https:\/\/roveyayinevi.com.tr\/index.php\/urun\/aklimda-kalanlar\/"},"modified":"2026-04-16T03:01:43","modified_gmt":"2026-04-16T00:01:43","slug":"aklimda-kalanlar","status":"publish","type":"product","link":"https:\/\/roveyayinevi.com.tr\/index.php\/urun\/aklimda-kalanlar\/","title":{"rendered":"Akl\u0131mda Kalanlar"},"content":{"rendered":"<p>\u201cBM, insanlar\u0131 cennete g\u00f6t\u00fcrmek i\u00e7in de\u011fil de insanl\u0131\u011f\u0131 cehennemden kurtarmak i\u00e7in kurulmu\u015ftur.\u201d BM \u00e7al\u0131\u015fanlar\u0131 taraf\u0131ndan s\u0131k s\u0131k tekrarlanan, bir nevi g\u00f6rev \u00e7er\u00e7evesi ve tarifi olarak benimsenen, \u00e7ok sevilen ve bar\u0131\u015f misyonu d\u00f6n\u00fc\u015f\u00fcnde \u015f\u00fcpheli bir u\u00e7ak kazas\u0131nda hayat\u0131n\u0131 kaybeden BM\u2019nin ikinci Genel Sekreteri Dag Hammarskj\u00f6ld\u2019\u00fcn bu s\u00f6zleri g\u00fcn\u00fcm\u00fczde de ge\u00e7erlidir.   A. Sumru Ak\u0131nc\u0131 Noyan, mesleki tecr\u00fcbelerini, unutulmas\u0131 zor an\u0131lar\u0131yla harmanlayarak anlat\u0131rken BM\u2019ye ve D\u0131\u015fi\u015fleri\u2019ne farkl\u0131 bir kap\u0131 aral\u0131yor hi\u00e7 \u015f\u00fcphesiz. Gen\u00e7lere de BM\u2019de \u00e7al\u0131\u015fmay\u0131 hedef edinmelerini tavsiye etmeyi unutmuyor.<\/p>\n","protected":false},"excerpt":{"rendered":"<p>\u201cBM, insanlar\u0131 cennete g\u00f6t\u00fcrmek i\u00e7in de\u011fil de insanl\u0131\u011f\u0131 cehennemden kurtarmak i\u00e7in kurulmu\u015ftur.\u201d BM \u00e7al\u0131\u015fanlar\u0131 taraf\u0131ndan s\u0131k s\u0131k tekrarlanan, bir nevi g\u00f6rev \u00e7er\u00e7evesi ve tarifi olarak benimsenen,<span class=\"excerpt-hellip\"> [\u2026]<\/span><\/p>\n","protected":false},"featured_media":0,"template":"","meta":{"_monsterinsights_skip_tracking":false,"_monsterinsights_sitenote_active":false,"_monsterinsights_sitenote_note":"","_monsterinsights_sitenote_category":0},"product_brand":[],"product_cat":[13701,12291],"product_tag":[],"class_list":{"0":"post-749064","1":"product","2":"type-product","3":"status-publish","5":"product_cat-ani-mektup-gunluk","6":"product_cat-edebiyat","7":"pa_cilt-ciltsiz","8":"pa_tur-kitap","9":"pa_yayinevi-luna-yayinlari","10":"pa_yazar-a-sumru-akinci-noyan","12":"first","13":"instock","14":"sale","15":"shipping-taxable","16":"purchasable","17":"product-type-simple"},"_links":{"self":[{"href":"https:\/\/roveyayinevi.com.tr\/index.php\/wp-json\/wp\/v2\/product\/749064","targetHints":{"allow":["GET"]}}],"collection":[{"href":"https:\/\/roveyayinevi.com.tr\/index.php\/wp-json\/wp\/v2\/product"}],"about":[{"href":"https:\/\/roveyayinevi.com.tr\/index.php\/wp-json\/wp\/v2\/types\/product"}],"wp:attachment":[{"href":"https:\/\/roveyayinevi.com.tr\/index.php\/wp-json\/wp\/v2\/media?parent=749064"}],"wp:term":[{"taxonomy":"product_brand","embeddable":true,"href":"https:\/\/roveyayinevi.com.tr\/index.php\/wp-json\/wp\/v2\/product_brand?post=749064"},{"taxonomy":"product_cat","embeddable":true,"href":"https:\/\/roveyayinevi.com.tr\/index.php\/wp-json\/wp\/v2\/product_cat?post=749064"},{"taxonomy":"product_tag","embeddable":true,"href":"https:\/\/roveyayinevi.com.tr\/index.php\/wp-json\/wp\/v2\/product_tag?post=749064"}],"curies":[{"name":"wp","href":"https:\/\/api.w.org\/{rel}","templated":true}]}}