{"id":749062,"date":"2025-08-28T03:46:23","date_gmt":"2025-08-28T00:46:23","guid":{"rendered":"https:\/\/roveyayinevi.com.tr\/index.php\/urun\/bal-avcisi-kucuk-piti\/"},"modified":"2026-04-16T03:01:43","modified_gmt":"2026-04-16T00:01:43","slug":"bal-avcisi-kucuk-piti","status":"publish","type":"product","link":"https:\/\/roveyayinevi.com.tr\/index.php\/urun\/bal-avcisi-kucuk-piti\/","title":{"rendered":"Bal Avc\u0131s\u0131 K\u00fc\u00e7\u00fck Piti"},"content":{"rendered":"<p>\u00c7ocuklar\u0131n Yalva\u00e7 Abi\u2019sinden yeni bir k\u00fc\u00e7\u00fck ay\u0131 maceras\u0131: \u201cBal Avc\u0131s\u0131 K\u00fc\u00e7\u00fck Piti\u201d   Piti\u2019nin en sevdi\u011fi yiyeceklerden biri bald\u0131r. Tek ba\u015f\u0131na bal\u0131k tutmaya giden, a\u011fa\u00e7lara t\u0131rmanabilen Piti\u2019nin ne\u015fesine diyecek yoktur. Neden mi? T\u0131rmand\u0131\u011f\u0131 koca koca a\u011fa\u00e7larda buldu\u011fu kovanlar balla doludur. Ama Piti\u2019yle arkada\u015f olmak isteyen ar\u0131k\u0131\u015fu onun kafas\u0131n\u0131 kar\u0131\u015ft\u0131r\u0131r. Piti nas\u0131l bala bay\u0131l\u0131yorsa, ar\u0131ku\u015fu da ar\u0131lara bay\u0131lmaktad\u0131r \u00e7\u00fcnk\u00fc.   Peki, ar\u0131lar\u0131n hayat\u0131m\u0131zda nas\u0131l bir yeri var? Ar\u0131lar olmasa d\u00fcnyan\u0131n hali ne olur? Merak ettiniz mi hi\u00e7?   Yeni dostu \u015ea\u015f\u0131 Ar\u0131, Piti\u2019ye hem \u00e7ok \u00f6nemli bilgiler verecek hem de onun en yak\u0131n dostu olacakt\u0131r.   Yalva\u00e7 Ural\u2019\u0131n Bal Avc\u0131s\u0131 K\u00fc\u00e7\u00fck Piti kitab\u0131n\u0131 \u00e7ocuklar yine \u00e7ok severek okuyacaklar. <\/p>\n","protected":false},"excerpt":{"rendered":"<p>\u00c7ocuklar\u0131n Yalva\u00e7 Abi\u2019sinden yeni bir k\u00fc\u00e7\u00fck ay\u0131 maceras\u0131: \u201cBal Avc\u0131s\u0131 K\u00fc\u00e7\u00fck Piti\u201d Piti\u2019nin en sevdi\u011fi yiyeceklerden biri bald\u0131r. Tek ba\u015f\u0131na bal\u0131k tutmaya giden, a\u011fa\u00e7lara t\u0131rmanabilen Piti\u2019nin<span class=\"excerpt-hellip\"> [\u2026]<\/span><\/p>\n","protected":false},"featured_media":0,"template":"","meta":{"_monsterinsights_skip_tracking":false,"_monsterinsights_sitenote_active":false,"_monsterinsights_sitenote_note":"","_monsterinsights_sitenote_category":0},"product_brand":[],"product_cat":[12274,12523],"product_tag":[],"class_list":{"0":"post-749062","1":"product","2":"type-product","3":"status-publish","5":"product_cat-cocuk-ve-genclik-kitaplari","6":"product_cat-masallar","7":"pa_cilt-ciltsiz","8":"pa_tur-kitap","9":"pa_yayinevi-yapi-kredi-yayinlari","10":"pa_yazar-yalvac-ural","12":"first","13":"instock","14":"sale","15":"shipping-taxable","16":"purchasable","17":"product-type-simple"},"_links":{"self":[{"href":"https:\/\/roveyayinevi.com.tr\/index.php\/wp-json\/wp\/v2\/product\/749062","targetHints":{"allow":["GET"]}}],"collection":[{"href":"https:\/\/roveyayinevi.com.tr\/index.php\/wp-json\/wp\/v2\/product"}],"about":[{"href":"https:\/\/roveyayinevi.com.tr\/index.php\/wp-json\/wp\/v2\/types\/product"}],"wp:attachment":[{"href":"https:\/\/roveyayinevi.com.tr\/index.php\/wp-json\/wp\/v2\/media?parent=749062"}],"wp:term":[{"taxonomy":"product_brand","embeddable":true,"href":"https:\/\/roveyayinevi.com.tr\/index.php\/wp-json\/wp\/v2\/product_brand?post=749062"},{"taxonomy":"product_cat","embeddable":true,"href":"https:\/\/roveyayinevi.com.tr\/index.php\/wp-json\/wp\/v2\/product_cat?post=749062"},{"taxonomy":"product_tag","embeddable":true,"href":"https:\/\/roveyayinevi.com.tr\/index.php\/wp-json\/wp\/v2\/product_tag?post=749062"}],"curies":[{"name":"wp","href":"https:\/\/api.w.org\/{rel}","templated":true}]}}