{"id":749056,"date":"2025-08-28T03:46:14","date_gmt":"2025-08-28T00:46:14","guid":{"rendered":"https:\/\/roveyayinevi.com.tr\/index.php\/urun\/kamu-yonetimi-ve-kadin-cilt-ii\/"},"modified":"2026-04-16T03:01:43","modified_gmt":"2026-04-16T00:01:43","slug":"kamu-yonetimi-ve-kadin-cilt-ii","status":"publish","type":"product","link":"https:\/\/roveyayinevi.com.tr\/index.php\/urun\/kamu-yonetimi-ve-kadin-cilt-ii\/","title":{"rendered":"Kamu Y\u00f6netimi ve Kad\u0131n Cilt II"},"content":{"rendered":"<p>1. B\u00f6l\u00fcm Yasama ve Kad\u0131n 2. B\u00f6l\u00fcm B\u00fcrokrasi ve Kad\u0131n 3. B\u00f6l\u00fcm Hukuk ve Kad\u0131n 4. B\u00f6l\u00fcm Kent Konseyleri ve Kad\u0131n 5. B\u00f6l\u00fcm Diplomasi ve Kad\u0131n 6. B\u00f6l\u00fcm G\u00f6\u00e7 ve Kad\u0131n 7. B\u00f6l\u00fcm Kamu Y\u00f6netimi Disiplini ve Kad\u0131n<\/p>\n","protected":false},"excerpt":{"rendered":"<p>1. B\u00f6l\u00fcm Yasama ve Kad\u0131n 2. B\u00f6l\u00fcm B\u00fcrokrasi ve Kad\u0131n 3. B\u00f6l\u00fcm Hukuk ve Kad\u0131n 4. B\u00f6l\u00fcm Kent Konseyleri ve Kad\u0131n 5. B\u00f6l\u00fcm Diplomasi ve Kad\u0131n<span class=\"excerpt-hellip\"> [\u2026]<\/span><\/p>\n","protected":false},"featured_media":0,"template":"","meta":{"_monsterinsights_skip_tracking":false,"_monsterinsights_sitenote_active":false,"_monsterinsights_sitenote_note":"","_monsterinsights_sitenote_category":0},"product_brand":[],"product_cat":[12573,12566],"product_tag":[],"class_list":{"0":"post-749056","1":"product","2":"type-product","3":"status-publish","5":"product_cat-akademik-kitaplar","6":"product_cat-egitim","7":"pa_cilt-ciltsiz","8":"pa_tur-kitap","9":"pa_yayinevi-gazi-kitabevi","10":"pa_yazar-kolektif","12":"first","13":"instock","14":"sale","15":"shipping-taxable","16":"purchasable","17":"product-type-simple"},"_links":{"self":[{"href":"https:\/\/roveyayinevi.com.tr\/index.php\/wp-json\/wp\/v2\/product\/749056","targetHints":{"allow":["GET"]}}],"collection":[{"href":"https:\/\/roveyayinevi.com.tr\/index.php\/wp-json\/wp\/v2\/product"}],"about":[{"href":"https:\/\/roveyayinevi.com.tr\/index.php\/wp-json\/wp\/v2\/types\/product"}],"wp:attachment":[{"href":"https:\/\/roveyayinevi.com.tr\/index.php\/wp-json\/wp\/v2\/media?parent=749056"}],"wp:term":[{"taxonomy":"product_brand","embeddable":true,"href":"https:\/\/roveyayinevi.com.tr\/index.php\/wp-json\/wp\/v2\/product_brand?post=749056"},{"taxonomy":"product_cat","embeddable":true,"href":"https:\/\/roveyayinevi.com.tr\/index.php\/wp-json\/wp\/v2\/product_cat?post=749056"},{"taxonomy":"product_tag","embeddable":true,"href":"https:\/\/roveyayinevi.com.tr\/index.php\/wp-json\/wp\/v2\/product_tag?post=749056"}],"curies":[{"name":"wp","href":"https:\/\/api.w.org\/{rel}","templated":true}]}}