{"id":749053,"date":"2025-08-28T03:46:10","date_gmt":"2025-08-28T00:46:10","guid":{"rendered":"https:\/\/roveyayinevi.com.tr\/index.php\/urun\/icatlarim-nikola-tesla\/"},"modified":"2026-04-16T03:01:43","modified_gmt":"2026-04-16T00:01:43","slug":"icatlarim-nikola-tesla","status":"publish","type":"product","link":"https:\/\/roveyayinevi.com.tr\/index.php\/urun\/icatlarim-nikola-tesla\/","title":{"rendered":"\u0130catlar\u0131m &amp; Nikola Tesla"},"content":{"rendered":"<p>\u201cD\u00fc\u015f\u00fcnmek i\u00e7in akl\u0131 ba\u015f\u0131nda, derin d\u00fc\u015f\u00fcnmek i\u00e7in olduk\u00e7a deli olmal\u0131s\u0131n.\u201d Tesla zaman\u0131n \u00f6tesinde bir insan. Belki de bizim zaman\u0131m\u0131z\u0131n bile \u00f6tesinde&#8230; 100 y\u0131l \u00f6nceki \u00f6ng\u00f6r\u00fclerinin baz\u0131lar\u0131n\u0131n h\u00e2l\u00e2 anla\u015f\u0131lamam\u0131\u015f olmas\u0131 hi\u00e7te \u015fa\u015f\u0131rt\u0131c\u0131 de\u011fil\u2026 Radyodan kablosuz elektri\u011fe g\u00fcn\u00fcm\u00fczde kulland\u0131\u011f\u0131m\u0131z binlerce teknolojinin mucidi Nikola Tesla, yapt\u0131\u011f\u0131 her \u015feyi bilin\u00e7li bir \u015fekilde, d\u00fc\u015f\u00fcnerek, \u00e7ok\u00e7a d\u00fc\u015f\u00fcnerek, s\u00fcrekli hayal ederek yapm\u0131\u015ft\u0131. \u00c7orba i\u00e7ti\u011fi kasenin, yemek yedi\u011fi taba\u011f\u0131n hacmini hesaplamadan yedi\u011finden tat alamad\u0131\u011f\u0131n\u0131, sabah \u00fc\u00e7ten gece on bire kadar ders \u00e7al\u0131\u015ft\u0131\u011f\u0131n\u0131, \u00f6\u011fretmenlerinin ailesine g\u00f6nderdi\u011fi mektuplarda &#8220;e\u011fer okuldan al\u0131nmazsa \u00e7ok ders \u00e7al\u0131\u015fmaktan \u00f6lece\u011fini&#8221; yazd\u0131\u011f\u0131n\u0131, bir d\u00fczine dil bildi\u011fini, 1898 y\u0131l\u0131nda kendi haline b\u0131rak\u0131ld\u0131\u011f\u0131nda kendi hareketlerine karar verme dahil bir\u00e7ok i\u015flem yapabilen otomobil fikrini ortaya att\u0131\u011f\u0131n\u0131 ve daha fazlas\u0131n\u0131 bu kendi yazd\u0131\u011f\u0131 bu eserle ke\u015ffetme f\u0131rsat\u0131 bulacaks\u0131n\u0131z. <\/p>\n","protected":false},"excerpt":{"rendered":"<p>\u201cD\u00fc\u015f\u00fcnmek i\u00e7in akl\u0131 ba\u015f\u0131nda, derin d\u00fc\u015f\u00fcnmek i\u00e7in olduk\u00e7a deli olmal\u0131s\u0131n.\u201d Tesla zaman\u0131n \u00f6tesinde bir insan. Belki de bizim zaman\u0131m\u0131z\u0131n bile \u00f6tesinde&#8230; 100 y\u0131l \u00f6nceki \u00f6ng\u00f6r\u00fclerinin baz\u0131lar\u0131n\u0131n<span class=\"excerpt-hellip\"> [\u2026]<\/span><\/p>\n","protected":false},"featured_media":0,"template":"","meta":{"_monsterinsights_skip_tracking":false,"_monsterinsights_sitenote_active":false,"_monsterinsights_sitenote_note":"","_monsterinsights_sitenote_category":0},"product_brand":[],"product_cat":[14009,12291],"product_tag":[],"class_list":{"0":"post-749053","1":"product","2":"type-product","3":"status-publish","5":"product_cat-biyografi-otobiyografi-edebiyat","6":"product_cat-edebiyat","7":"pa_cilt-ciltsiz","8":"pa_tur-kitap","9":"pa_yayinevi-pars-yayinlari","10":"pa_yazar-nikola-tesla","12":"first","13":"instock","14":"sale","15":"shipping-taxable","16":"purchasable","17":"product-type-simple"},"_links":{"self":[{"href":"https:\/\/roveyayinevi.com.tr\/index.php\/wp-json\/wp\/v2\/product\/749053","targetHints":{"allow":["GET"]}}],"collection":[{"href":"https:\/\/roveyayinevi.com.tr\/index.php\/wp-json\/wp\/v2\/product"}],"about":[{"href":"https:\/\/roveyayinevi.com.tr\/index.php\/wp-json\/wp\/v2\/types\/product"}],"wp:attachment":[{"href":"https:\/\/roveyayinevi.com.tr\/index.php\/wp-json\/wp\/v2\/media?parent=749053"}],"wp:term":[{"taxonomy":"product_brand","embeddable":true,"href":"https:\/\/roveyayinevi.com.tr\/index.php\/wp-json\/wp\/v2\/product_brand?post=749053"},{"taxonomy":"product_cat","embeddable":true,"href":"https:\/\/roveyayinevi.com.tr\/index.php\/wp-json\/wp\/v2\/product_cat?post=749053"},{"taxonomy":"product_tag","embeddable":true,"href":"https:\/\/roveyayinevi.com.tr\/index.php\/wp-json\/wp\/v2\/product_tag?post=749053"}],"curies":[{"name":"wp","href":"https:\/\/api.w.org\/{rel}","templated":true}]}}