{"id":749052,"date":"2025-08-28T03:46:08","date_gmt":"2025-08-28T00:46:08","guid":{"rendered":"https:\/\/roveyayinevi.com.tr\/index.php\/urun\/stephen-hawking-evrenin-sirlari\/"},"modified":"2026-04-16T03:01:43","modified_gmt":"2026-04-16T00:01:43","slug":"stephen-hawking-evrenin-sirlari","status":"publish","type":"product","link":"https:\/\/roveyayinevi.com.tr\/index.php\/urun\/stephen-hawking-evrenin-sirlari\/","title":{"rendered":"Stephen Hawking Evrenin S\u0131rlar\u0131"},"content":{"rendered":"<p>Hawking, 21 ya\u015f\u0131ndayken \u00f6l\u00fcmc\u00fcl bir hastal\u0131\u011fa yakaland\u0131\u011f\u0131n\u0131 \u00f6\u011frendi\u011finde, akl\u0131nda evrenle ilgili \u00e7\u00f6zmek istedi\u011fi binlerce soru vard\u0131. V\u00fccudu yava\u015f yava\u015f tekerlekli sandalyenin s\u0131n\u0131rlar\u0131na \u00e7ekilirken bile beyni evrende \u00f6zg\u00fcrce dola\u015fabiliyordu. Bu durum ola\u011fan\u00fcst\u00fc bir ya\u015fam\u0131n paradokslar\u0131ndan sadece biriydi. Bilinmeyen binlerce sorunun cevab\u0131n\u0131 ararken asl\u0131nda t\u00fcm sorular\u0131n tek bir cevapta birle\u015febilece\u011fini ke\u015ffetti: Her \u015eeyin Teorisi&#8230; Bu teori hem \u201cEvren nas\u0131l olu\u015ftu?\u201d, \u201cEvren do\u011fmadan \u00f6nce ne vard\u0131?\u201d gibi sorular\u0131 yan\u0131tlarken ayn\u0131 zamanda g\u00fcndelik hayat\u0131m\u0131zda kuantum boyutunda ger\u00e7ekle\u015fen olaylara da a\u00e7\u0131klama getiriyordu. Bu kitap kara delikler, B\u00fcy\u00fck Patlama, paralel evrenler ve tekillikler ile amans\u0131z bir \u015fekilde m\u00fccadele eden, Einstein\u2019dan sonra do\u011fmu\u015f en zeki bilim insan\u0131 olarak g\u00f6r\u00fclen Stephen Hawking\u2019in hikayesini anlat\u0131yor. Okurken Hawking\u2019in evreninde keyifli bir seyahat f\u0131rsat\u0131 bulacak ve onun g\u00f6z\u00fcnden hayata bakabileceksiniz<\/p>\n","protected":false},"excerpt":{"rendered":"<p>Hawking, 21 ya\u015f\u0131ndayken \u00f6l\u00fcmc\u00fcl bir hastal\u0131\u011fa yakaland\u0131\u011f\u0131n\u0131 \u00f6\u011frendi\u011finde, akl\u0131nda evrenle ilgili \u00e7\u00f6zmek istedi\u011fi binlerce soru vard\u0131. V\u00fccudu yava\u015f yava\u015f tekerlekli sandalyenin s\u0131n\u0131rlar\u0131na \u00e7ekilirken bile beyni evrende<span class=\"excerpt-hellip\"> [\u2026]<\/span><\/p>\n","protected":false},"featured_media":0,"template":"","meta":{"_monsterinsights_skip_tracking":false,"_monsterinsights_sitenote_active":false,"_monsterinsights_sitenote_note":"","_monsterinsights_sitenote_category":0},"product_brand":[],"product_cat":[14009,12291],"product_tag":[],"class_list":{"0":"post-749052","1":"product","2":"type-product","3":"status-publish","5":"product_cat-biyografi-otobiyografi-edebiyat","6":"product_cat-edebiyat","7":"pa_cilt-ciltsiz","8":"pa_tur-kitap","9":"pa_yayinevi-pars-yayinlari","10":"pa_yazar-kolektif","12":"first","13":"instock","14":"sale","15":"shipping-taxable","16":"purchasable","17":"product-type-simple"},"_links":{"self":[{"href":"https:\/\/roveyayinevi.com.tr\/index.php\/wp-json\/wp\/v2\/product\/749052","targetHints":{"allow":["GET"]}}],"collection":[{"href":"https:\/\/roveyayinevi.com.tr\/index.php\/wp-json\/wp\/v2\/product"}],"about":[{"href":"https:\/\/roveyayinevi.com.tr\/index.php\/wp-json\/wp\/v2\/types\/product"}],"wp:attachment":[{"href":"https:\/\/roveyayinevi.com.tr\/index.php\/wp-json\/wp\/v2\/media?parent=749052"}],"wp:term":[{"taxonomy":"product_brand","embeddable":true,"href":"https:\/\/roveyayinevi.com.tr\/index.php\/wp-json\/wp\/v2\/product_brand?post=749052"},{"taxonomy":"product_cat","embeddable":true,"href":"https:\/\/roveyayinevi.com.tr\/index.php\/wp-json\/wp\/v2\/product_cat?post=749052"},{"taxonomy":"product_tag","embeddable":true,"href":"https:\/\/roveyayinevi.com.tr\/index.php\/wp-json\/wp\/v2\/product_tag?post=749052"}],"curies":[{"name":"wp","href":"https:\/\/api.w.org\/{rel}","templated":true}]}}